{"id":6340,"date":"2021-01-24T10:35:52","date_gmt":"2021-01-24T10:35:52","guid":{"rendered":"http:\/\/staging.megapharm.al\/\/index.php\/product\/import-placeholder-for-2523\/"},"modified":"2021-01-24T10:35:58","modified_gmt":"2021-01-24T10:35:58","slug":"bioactive-naturalis-mask","status":"publish","type":"product","link":"https:\/\/staging.megapharm.al\/?product=bioactive-naturalis-mask","title":{"rendered":"BioActive Naturalis Mask"},"content":{"rendered":"<p>BioActive Naturalis Mask \u00ebsht\u00eb nj\u00eb trajtim intesiv p\u00ebr t\u00eb rritur elasticitetin e flok\u00ebve, p\u00ebr t&#8217;i dh\u00ebn\u00eb but\u00ebsi dhe shk\u00eblqim duke q\u00ebn\u00eb se ka n\u00eb p\u00ebrb\u00ebrje keratin\u00eb kashmiri.<br \/>\n&#8211; Pa ngjyrues<br \/>\n&#8211; 85% p\u00ebrb\u00ebr\u00ebs natyral<br \/>\n&#8211; Testuar p\u00ebr 5 metale t\u00eb d\u00ebmshme<br \/>\nSasia: 200 ml<\/p>\n","protected":false},"excerpt":{"rendered":"<p>BioActive Naturalis Mask \u00ebsht\u00eb nj\u00eb trajtim intesiv p\u00ebr t\u00eb rritur elasticitetin e flok\u00ebve, p\u00ebr t&#8217;i dh\u00ebn\u00eb but\u00ebsi dhe shk\u00eblqim duke q\u00ebn\u00eb se ka n\u00eb p\u00ebrb\u00ebrje keratin\u00eb kashmiri.<br \/>\n&#8211; Pa ngjyrues<br \/>\n&#8211; 85% p\u00ebrb\u00ebr\u00ebs natyral<br \/>\n&#8211; Testuar p\u00ebr 5 metale t\u00eb d\u00ebmshme<br \/>\nSasia: 200 ml<\/p>\n","protected":false},"featured_media":5646,"comment_status":"open","ping_status":"closed","template":"","meta":[],"product_brand":[],"product_cat":[122],"product_tag":[],"class_list":{"0":"post-6340","1":"product","2":"type-product","3":"status-publish","4":"has-post-thumbnail","6":"product_cat-farmagan","8":"first","9":"instock","10":"shipping-taxable","11":"product-type-simple"},"_links":{"self":[{"href":"https:\/\/staging.megapharm.al\/index.php?rest_route=\/wp\/v2\/product\/6340","targetHints":{"allow":["GET"]}}],"collection":[{"href":"https:\/\/staging.megapharm.al\/index.php?rest_route=\/wp\/v2\/product"}],"about":[{"href":"https:\/\/staging.megapharm.al\/index.php?rest_route=\/wp\/v2\/types\/product"}],"replies":[{"embeddable":true,"href":"https:\/\/staging.megapharm.al\/index.php?rest_route=%2Fwp%2Fv2%2Fcomments&post=6340"}],"wp:featuredmedia":[{"embeddable":true,"href":"https:\/\/staging.megapharm.al\/index.php?rest_route=\/wp\/v2\/media\/5646"}],"wp:attachment":[{"href":"https:\/\/staging.megapharm.al\/index.php?rest_route=%2Fwp%2Fv2%2Fmedia&parent=6340"}],"wp:term":[{"taxonomy":"product_brand","embeddable":true,"href":"https:\/\/staging.megapharm.al\/index.php?rest_route=%2Fwp%2Fv2%2Fproduct_brand&post=6340"},{"taxonomy":"product_cat","embeddable":true,"href":"https:\/\/staging.megapharm.al\/index.php?rest_route=%2Fwp%2Fv2%2Fproduct_cat&post=6340"},{"taxonomy":"product_tag","embeddable":true,"href":"https:\/\/staging.megapharm.al\/index.php?rest_route=%2Fwp%2Fv2%2Fproduct_tag&post=6340"}],"curies":[{"name":"wp","href":"https:\/\/api.w.org\/{rel}","templated":true}]}}