{"id":6338,"date":"2021-01-24T10:35:52","date_gmt":"2021-01-24T10:35:52","guid":{"rendered":"http:\/\/staging.megapharm.al\/\/index.php\/product\/import-placeholder-for-2521\/"},"modified":"2021-01-24T10:35:58","modified_gmt":"2021-01-24T10:35:58","slug":"peeling-igienizzante","status":"publish","type":"product","link":"https:\/\/staging.megapharm.al\/?product=peeling-igienizzante","title":{"rendered":"PEELING IGIENIZZANTE"},"content":{"rendered":"<p>Veprimi nxit\u00ebs dhe kund\u00ebr kruajtjes garantohet nga Acidi Salicilik. Ekstraktet e Achillea, China Rossa dhe Hithra e Bardh\u00eb p\u00ebrb\u00ebjn\u00eb nj\u00eb kompleks natyror me nj\u00eb veprim rregullues t\u00eb yndyres. Produkti rikthen shk\u00eblqimin, but\u00ebsin\u00eb dhe lehteson krehjen edhe n\u00eb rastin e flok\u00ebve t\u00eb devitalizuar, t\u00eb dob\u00ebt dhe t\u00eb that\u00eb.<\/p>\n<p>6 x 5 ml<\/p>\n<p>Menyra e perdorimit :<br \/>\nP\u00ebr t\u00eb luftuar zbokthit n\u00eb m\u00ebnyr\u00eb gjithnj\u00eb e m\u00eb efektive, u konsiderua e dobishme t\u00eb shtohej nj\u00eb p\u00ebrgatitje specifike Bioactive Peeling.Pasi t\u2019i keni lar\u00eb flok\u00ebt me shampon Bioactive Antiforfora aplikoni tubin ne skalp sherdaheni ne menyre te barabarte dhe masazhojeni but\u00ebsisht kok\u00ebn.Lereni te veproje per 3-5 min dhe me pas shpelajeni e uje te bollshem deria te hiqni cdo mbetje.<\/p>\n","protected":false},"excerpt":{"rendered":"<p>Veprimi nxit\u00ebs dhe kund\u00ebr kruajtjes garantohet nga Acidi Salicilik. Ekstraktet e Achillea, China Rossa dhe Hithra e Bardh\u00eb p\u00ebrb\u00ebjn\u00eb nj\u00eb kompleks natyror me nj\u00eb veprim rregullues t\u00eb yndyres. Produkti rikthen shk\u00eblqimin, but\u00ebsin\u00eb dhe lehteson krehjen edhe n\u00eb rastin e flok\u00ebve t\u00eb devitalizuar, t\u00eb dob\u00ebt dhe t\u00eb that\u00eb.<\/p>\n<p>6 x 5 ml<\/p>\n<p>Menyra e perdorimit :<br \/>\nP\u00ebr t\u00eb luftuar zbokthit n\u00eb m\u00ebnyr\u00eb gjithnj\u00eb e m\u00eb efektive, u konsiderua e dobishme t\u00eb shtohej nj\u00eb p\u00ebrgatitje specifike Bioactive Peeling.Pasi t\u2019i keni lar\u00eb flok\u00ebt me shampon Bioactive Antiforfora aplikoni tubin ne skalp sherdaheni ne menyre te barabarte dhe masazhojeni but\u00ebsisht kok\u00ebn.Lereni te veproje per 3-5 min dhe me pas shpelajeni e uje te bollshem deria te hiqni cdo mbetje.<\/p>\n","protected":false},"featured_media":5644,"comment_status":"open","ping_status":"closed","template":"","meta":[],"product_brand":[],"product_cat":[122],"product_tag":[],"class_list":{"0":"post-6338","1":"product","2":"type-product","3":"status-publish","4":"has-post-thumbnail","6":"product_cat-farmagan","8":"first","9":"instock","10":"shipping-taxable","11":"product-type-simple"},"_links":{"self":[{"href":"https:\/\/staging.megapharm.al\/index.php?rest_route=\/wp\/v2\/product\/6338","targetHints":{"allow":["GET"]}}],"collection":[{"href":"https:\/\/staging.megapharm.al\/index.php?rest_route=\/wp\/v2\/product"}],"about":[{"href":"https:\/\/staging.megapharm.al\/index.php?rest_route=\/wp\/v2\/types\/product"}],"replies":[{"embeddable":true,"href":"https:\/\/staging.megapharm.al\/index.php?rest_route=%2Fwp%2Fv2%2Fcomments&post=6338"}],"wp:featuredmedia":[{"embeddable":true,"href":"https:\/\/staging.megapharm.al\/index.php?rest_route=\/wp\/v2\/media\/5644"}],"wp:attachment":[{"href":"https:\/\/staging.megapharm.al\/index.php?rest_route=%2Fwp%2Fv2%2Fmedia&parent=6338"}],"wp:term":[{"taxonomy":"product_brand","embeddable":true,"href":"https:\/\/staging.megapharm.al\/index.php?rest_route=%2Fwp%2Fv2%2Fproduct_brand&post=6338"},{"taxonomy":"product_cat","embeddable":true,"href":"https:\/\/staging.megapharm.al\/index.php?rest_route=%2Fwp%2Fv2%2Fproduct_cat&post=6338"},{"taxonomy":"product_tag","embeddable":true,"href":"https:\/\/staging.megapharm.al\/index.php?rest_route=%2Fwp%2Fv2%2Fproduct_tag&post=6338"}],"curies":[{"name":"wp","href":"https:\/\/api.w.org\/{rel}","templated":true}]}}