{"id":6336,"date":"2021-01-24T10:35:52","date_gmt":"2021-01-24T10:35:52","guid":{"rendered":"http:\/\/staging.megapharm.al\/\/index.php\/product\/import-placeholder-for-2519\/"},"modified":"2021-01-24T10:35:57","modified_gmt":"2021-01-24T10:35:57","slug":"shampoo-lenitivo","status":"publish","type":"product","link":"https:\/\/staging.megapharm.al\/?product=shampoo-lenitivo","title":{"rendered":"SHAMPOO LENITIVO"},"content":{"rendered":"<p>Shampo e dedikuar posa\u00e7\u00ebrisht p\u00ebr l\u00ebkur\u00ebn e kok\u00ebs s\u00eb that\u00eb, t\u00eb irrituar dhe kruajt\u00ebse.Me nj\u00eb veprim hidratues duke dh\u00ebn\u00eb k\u00ebshtu ekuilib\u00ebr n\u00eb l\u00ebkur\u00ebn e kok\u00ebs s\u00eb that\u00eb, irrituese e kruajt\u00ebse. Kur kombinohet me vajin thelb\u00ebsor qet\u00ebsues, i jep leht\u00ebsim kok\u00ebs ,nj\u00eb pamje t\u00eb ndritshme dhe t\u00eb sh\u00ebndetshme t\u00eb flok\u00ebve. Gjithashtu i p\u00ebrshtatsh\u00ebm p\u00ebr larje t\u00eb shpesht\u00eb.<\/p>\n<p>Asnj\u00eb SLES &#8211; SLS<br \/>\nQ\u00ebndrueshm\u00ebri e lart\u00eb<br \/>\nNickel, Cobalt, Chromium, Palladium, Mercury Tested<br \/>\nNgjyrosje falas<br \/>\n1000 ml<br \/>\n250 ml<br \/>\n30 ml<\/p>\n","protected":false},"excerpt":{"rendered":"<p>Shampo e dedikuar posa\u00e7\u00ebrisht p\u00ebr l\u00ebkur\u00ebn e kok\u00ebs s\u00eb that\u00eb, t\u00eb irrituar dhe kruajt\u00ebse.Me nj\u00eb veprim hidratues duke dh\u00ebn\u00eb k\u00ebshtu ekuilib\u00ebr n\u00eb l\u00ebkur\u00ebn e kok\u00ebs s\u00eb that\u00eb, irrituese e kruajt\u00ebse. Kur kombinohet me vajin thelb\u00ebsor qet\u00ebsues, i jep leht\u00ebsim kok\u00ebs ,nj\u00eb pamje t\u00eb ndritshme dhe t\u00eb sh\u00ebndetshme t\u00eb flok\u00ebve. Gjithashtu i p\u00ebrshtatsh\u00ebm p\u00ebr larje t\u00eb shpesht\u00eb.<\/p>\n<p>Asnj\u00eb SLES &#8211; SLS<br \/>\nQ\u00ebndrueshm\u00ebri e lart\u00eb<br \/>\nNickel, Cobalt, Chromium, Palladium, Mercury Tested<br \/>\nNgjyrosje falas<br \/>\n1000 ml<br \/>\n250 ml<br \/>\n30 ml<\/p>\n","protected":false},"featured_media":5642,"comment_status":"open","ping_status":"closed","template":"","meta":[],"product_brand":[],"product_cat":[122],"product_tag":[],"class_list":{"0":"post-6336","1":"product","2":"type-product","3":"status-publish","4":"has-post-thumbnail","6":"product_cat-farmagan","8":"first","9":"instock","10":"shipping-taxable","11":"product-type-simple"},"_links":{"self":[{"href":"https:\/\/staging.megapharm.al\/index.php?rest_route=\/wp\/v2\/product\/6336","targetHints":{"allow":["GET"]}}],"collection":[{"href":"https:\/\/staging.megapharm.al\/index.php?rest_route=\/wp\/v2\/product"}],"about":[{"href":"https:\/\/staging.megapharm.al\/index.php?rest_route=\/wp\/v2\/types\/product"}],"replies":[{"embeddable":true,"href":"https:\/\/staging.megapharm.al\/index.php?rest_route=%2Fwp%2Fv2%2Fcomments&post=6336"}],"wp:featuredmedia":[{"embeddable":true,"href":"https:\/\/staging.megapharm.al\/index.php?rest_route=\/wp\/v2\/media\/5642"}],"wp:attachment":[{"href":"https:\/\/staging.megapharm.al\/index.php?rest_route=%2Fwp%2Fv2%2Fmedia&parent=6336"}],"wp:term":[{"taxonomy":"product_brand","embeddable":true,"href":"https:\/\/staging.megapharm.al\/index.php?rest_route=%2Fwp%2Fv2%2Fproduct_brand&post=6336"},{"taxonomy":"product_cat","embeddable":true,"href":"https:\/\/staging.megapharm.al\/index.php?rest_route=%2Fwp%2Fv2%2Fproduct_cat&post=6336"},{"taxonomy":"product_tag","embeddable":true,"href":"https:\/\/staging.megapharm.al\/index.php?rest_route=%2Fwp%2Fv2%2Fproduct_tag&post=6336"}],"curies":[{"name":"wp","href":"https:\/\/api.w.org\/{rel}","templated":true}]}}