{"id":6335,"date":"2021-01-24T10:35:51","date_gmt":"2021-01-24T10:35:51","guid":{"rendered":"http:\/\/staging.megapharm.al\/\/index.php\/product\/import-placeholder-for-2518\/"},"modified":"2021-01-24T10:35:57","modified_gmt":"2021-01-24T10:35:57","slug":"fiale-antiforfora-secca","status":"publish","type":"product","link":"https:\/\/staging.megapharm.al\/?product=fiale-antiforfora-secca","title":{"rendered":"FIALE ANTIFORFORA SECCA"},"content":{"rendered":"<p>TREATMENT, BIOACTIVE HAIR TREATMENT, ANTIFORFORA<br \/>\nZgjidhje trikologjike me p\u00ebrb\u00ebr\u00ebs aktiv\u00eb t\u00eb ve\u00e7ant\u00eb: Piroctone, Olamine, Panthenol dhe ekstrakte bimore t\u00eb thup\u00ebrve dhe Kin\u00ebs s\u00eb Kuqe t\u00eb cilat, kufizojne prodhimin e tepert te ynyres, duke hequr zbokthin dhe duke penguar formimin e saj.<\/p>\n<p>10 x 7.5 ml<br \/>\n1 x 7.5 ml<\/p>\n<p>Menyra e perdorimit :<br \/>\nAplikoni p\u00ebrmbajtjen e nj\u00eb ampule pas pastrimit skalpit dhe flok\u00ebve me SHAMPOO ANTIFORFORA GRASSA&amp; SECCA.Shp\u00ebrndani locionin n\u00eb l\u00ebkur\u00ebn e kok\u00ebs me nj\u00eb masazh t\u00eb but\u00eb q\u00eb zgjat p\u00ebr disa minuta derisa t\u00eb absorbohet. Vazhdoni me apllikimin e nj\u00eb ampule 2-3 her\u00eb n\u00eb jav\u00eb deri n\u00eb zhdukjen e zbokthit.<\/p>\n","protected":false},"excerpt":{"rendered":"<p>TREATMENT, BIOACTIVE HAIR TREATMENT, ANTIFORFORA<br \/>\nZgjidhje trikologjike me p\u00ebrb\u00ebr\u00ebs aktiv\u00eb t\u00eb ve\u00e7ant\u00eb: Piroctone, Olamine, Panthenol dhe ekstrakte bimore t\u00eb thup\u00ebrve dhe Kin\u00ebs s\u00eb Kuqe t\u00eb cilat, kufizojne prodhimin e tepert te ynyres, duke hequr zbokthin dhe duke penguar formimin e saj.<\/p>\n<p>10 x 7.5 ml<br \/>\n1 x 7.5 ml<\/p>\n<p>Menyra e perdorimit :<br \/>\nAplikoni p\u00ebrmbajtjen e nj\u00eb ampule pas pastrimit skalpit dhe flok\u00ebve me SHAMPOO ANTIFORFORA GRASSA&amp; SECCA.Shp\u00ebrndani locionin n\u00eb l\u00ebkur\u00ebn e kok\u00ebs me nj\u00eb masazh t\u00eb but\u00eb q\u00eb zgjat p\u00ebr disa minuta derisa t\u00eb absorbohet. Vazhdoni me apllikimin e nj\u00eb ampule 2-3 her\u00eb n\u00eb jav\u00eb deri n\u00eb zhdukjen e zbokthit.<\/p>\n","protected":false},"featured_media":5641,"comment_status":"open","ping_status":"closed","template":"","meta":[],"product_brand":[],"product_cat":[122],"product_tag":[],"class_list":{"0":"post-6335","1":"product","2":"type-product","3":"status-publish","4":"has-post-thumbnail","6":"product_cat-farmagan","8":"first","9":"instock","10":"shipping-taxable","11":"product-type-simple"},"_links":{"self":[{"href":"https:\/\/staging.megapharm.al\/index.php?rest_route=\/wp\/v2\/product\/6335","targetHints":{"allow":["GET"]}}],"collection":[{"href":"https:\/\/staging.megapharm.al\/index.php?rest_route=\/wp\/v2\/product"}],"about":[{"href":"https:\/\/staging.megapharm.al\/index.php?rest_route=\/wp\/v2\/types\/product"}],"replies":[{"embeddable":true,"href":"https:\/\/staging.megapharm.al\/index.php?rest_route=%2Fwp%2Fv2%2Fcomments&post=6335"}],"wp:featuredmedia":[{"embeddable":true,"href":"https:\/\/staging.megapharm.al\/index.php?rest_route=\/wp\/v2\/media\/5641"}],"wp:attachment":[{"href":"https:\/\/staging.megapharm.al\/index.php?rest_route=%2Fwp%2Fv2%2Fmedia&parent=6335"}],"wp:term":[{"taxonomy":"product_brand","embeddable":true,"href":"https:\/\/staging.megapharm.al\/index.php?rest_route=%2Fwp%2Fv2%2Fproduct_brand&post=6335"},{"taxonomy":"product_cat","embeddable":true,"href":"https:\/\/staging.megapharm.al\/index.php?rest_route=%2Fwp%2Fv2%2Fproduct_cat&post=6335"},{"taxonomy":"product_tag","embeddable":true,"href":"https:\/\/staging.megapharm.al\/index.php?rest_route=%2Fwp%2Fv2%2Fproduct_tag&post=6335"}],"curies":[{"name":"wp","href":"https:\/\/api.w.org\/{rel}","templated":true}]}}