{"id":6333,"date":"2021-01-24T10:35:51","date_gmt":"2021-01-24T10:35:51","guid":{"rendered":"http:\/\/staging.megapharm.al\/\/index.php\/product\/import-placeholder-for-2516\/"},"modified":"2024-10-28T12:36:59","modified_gmt":"2024-10-28T12:36:59","slug":"olio-essenziale-antiforfora","status":"publish","type":"product","link":"https:\/\/staging.megapharm.al\/?product=olio-essenziale-antiforfora","title":{"rendered":"OLIO ESSENZIALE ANTIFORFORA"},"content":{"rendered":"<p>TREATMENT, BIOACTIVE HAIR TREATMENT, ANTIFORFORA<br \/>\nBazuar n\u00eb ekstrakte bimore, Vitamina B6 dhe PP.<br \/>\nVaj esencial specifik p\u00ebr skalpin Aktiviteti i kombinuar i nj\u00eb sere vajrash esenciale (vaj limoni, eukalipt dhe nenexhik) mbron skalpin duke p\u00ebrmir\u00ebsuar gjendjen e saj t\u00eb p\u00ebrgjithshme. Ndihmon n\u00eb reduktimin e shkall\u00ebzimit, duke neutralizuar rishfaqjen e zbokthit dhe prodhimit te yndyres. N\u00eb k\u00ebt\u00eb m\u00ebnyr\u00eb ajo rikthen shk\u00eblqimin dhe but\u00ebsin\u00eb n\u00eb flok\u00eb.<\/p>\n<p>Produkti \u00ebsht\u00eb gjithashtu i pasuruar me Piroctone Olamine, Carboxymethylcysteine, Zink, Vitamina B6 dhe PP<br \/>\nJo SLES &#8211; SLS<br \/>\nNikel, Kobalt, Krom, Palladium, Testuar me Merkur<br \/>\n30 ml<\/p>\n<p>Menyra e perdorimit :<br \/>\nPas larjes, lyeni flok\u00ebt dhe shp\u00ebrndani produktin (15-20 pika) n\u00eb skalpin e kok\u00ebs me nj\u00eb masazh t\u00eb leht\u00eb. Mos e shp\u00eblani dhe vazhdoni me stilimin e d\u00ebshiruar.<\/p>\n","protected":false},"excerpt":{"rendered":"<p>TREATMENT, BIOACTIVE HAIR TREATMENT, ANTIFORFORA<br \/>\nBazuar n\u00eb ekstrakte bimore, Vitamina B6 dhe PP.<br \/>\nVaj esencial specifik p\u00ebr skalpin Aktiviteti i kombinuar i nj\u00eb sere vajrash esenciale (vaj limoni, eukalipt dhe nenexhik) mbron skalpin duke p\u00ebrmir\u00ebsuar gjendjen e saj t\u00eb p\u00ebrgjithshme. Ndihmon n\u00eb reduktimin e shkall\u00ebzimit, duke neutralizuar rishfaqjen e zbokthit dhe prodhimit te yndyres. N\u00eb k\u00ebt\u00eb m\u00ebnyr\u00eb ajo rikthen shk\u00eblqimin dhe but\u00ebsin\u00eb n\u00eb flok\u00eb.<\/p>\n<p>Produkti \u00ebsht\u00eb gjithashtu i pasuruar me Piroctone Olamine, Carboxymethylcysteine, Zink, Vitamina B6 dhe PP<br \/>\nJo SLES &#8211; SLS<br \/>\nNikel, Kobalt, Krom, Palladium, Testuar me Merkur<br \/>\n30 ml<\/p>\n<p>Menyra e perdorimit :<br \/>\nPas larjes, lyeni flok\u00ebt dhe shp\u00ebrndani produktin (15-20 pika) n\u00eb skalpin e kok\u00ebs me nj\u00eb masazh t\u00eb leht\u00eb. Mos e shp\u00eblani dhe vazhdoni me stilimin e d\u00ebshiruar.<\/p>\n","protected":false},"featured_media":5639,"comment_status":"open","ping_status":"closed","template":"","meta":[],"product_brand":[],"product_cat":[122],"product_tag":[],"class_list":{"0":"post-6333","1":"product","2":"type-product","3":"status-publish","4":"has-post-thumbnail","6":"product_cat-farmagan","8":"first","9":"instock","10":"shipping-taxable","11":"product-type-simple"},"_links":{"self":[{"href":"https:\/\/staging.megapharm.al\/index.php?rest_route=\/wp\/v2\/product\/6333","targetHints":{"allow":["GET"]}}],"collection":[{"href":"https:\/\/staging.megapharm.al\/index.php?rest_route=\/wp\/v2\/product"}],"about":[{"href":"https:\/\/staging.megapharm.al\/index.php?rest_route=\/wp\/v2\/types\/product"}],"replies":[{"embeddable":true,"href":"https:\/\/staging.megapharm.al\/index.php?rest_route=%2Fwp%2Fv2%2Fcomments&post=6333"}],"wp:featuredmedia":[{"embeddable":true,"href":"https:\/\/staging.megapharm.al\/index.php?rest_route=\/wp\/v2\/media\/5639"}],"wp:attachment":[{"href":"https:\/\/staging.megapharm.al\/index.php?rest_route=%2Fwp%2Fv2%2Fmedia&parent=6333"}],"wp:term":[{"taxonomy":"product_brand","embeddable":true,"href":"https:\/\/staging.megapharm.al\/index.php?rest_route=%2Fwp%2Fv2%2Fproduct_brand&post=6333"},{"taxonomy":"product_cat","embeddable":true,"href":"https:\/\/staging.megapharm.al\/index.php?rest_route=%2Fwp%2Fv2%2Fproduct_cat&post=6333"},{"taxonomy":"product_tag","embeddable":true,"href":"https:\/\/staging.megapharm.al\/index.php?rest_route=%2Fwp%2Fv2%2Fproduct_tag&post=6333"}],"curies":[{"name":"wp","href":"https:\/\/api.w.org\/{rel}","templated":true}]}}