{"id":6332,"date":"2021-01-24T10:35:51","date_gmt":"2021-01-24T10:35:51","guid":{"rendered":"http:\/\/staging.megapharm.al\/\/index.php\/product\/import-placeholder-for-2515\/"},"modified":"2021-01-24T10:35:57","modified_gmt":"2021-01-24T10:35:57","slug":"lozione-antiforfora","status":"publish","type":"product","link":"https:\/\/staging.megapharm.al\/?product=lozione-antiforfora","title":{"rendered":"LOZIONE ANTIFORFORA"},"content":{"rendered":"<p>TREATMENT, BIOACTIVE HAIR TREATMENT, ANTIFORFORA<br \/>\nBazuar n\u00eb ekstrakte bimore, Vitamina B6 dhe PP<\/p>\n<p>Locion \u00ebsht\u00eb nj\u00eb p\u00ebrzierje me uj\u00eb me p\u00ebrb\u00ebr\u00ebs t\u00eb ve\u00e7ant\u00eb aktiv\u00eb: Piroctone Olamine, Carbocysteine, ekstrakte bimore, Kina kuqe dhe Sage, Vitaminat PP dhe B6, Panthenol t\u00eb cilat veprojne ne kufizimin e sekrecionit t\u00eb tepruar sebum dhe reduktimit te zbokthit, duke penguar formimin e saj.<br \/>\nSasia: 150 ml<\/p>\n","protected":false},"excerpt":{"rendered":"<p>TREATMENT, BIOACTIVE HAIR TREATMENT, ANTIFORFORA<br \/>\nBazuar n\u00eb ekstrakte bimore, Vitamina B6 dhe PP<\/p>\n<p>Locion \u00ebsht\u00eb nj\u00eb p\u00ebrzierje me uj\u00eb me p\u00ebrb\u00ebr\u00ebs t\u00eb ve\u00e7ant\u00eb aktiv\u00eb: Piroctone Olamine, Carbocysteine, ekstrakte bimore, Kina kuqe dhe Sage, Vitaminat PP dhe B6, Panthenol t\u00eb cilat veprojne ne kufizimin e sekrecionit t\u00eb tepruar sebum dhe reduktimit te zbokthit, duke penguar formimin e saj.<br \/>\nSasia: 150 ml<\/p>\n","protected":false},"featured_media":5638,"comment_status":"open","ping_status":"closed","template":"","meta":[],"product_brand":[],"product_cat":[122],"product_tag":[],"class_list":{"0":"post-6332","1":"product","2":"type-product","3":"status-publish","4":"has-post-thumbnail","6":"product_cat-farmagan","8":"first","9":"instock","10":"shipping-taxable","11":"product-type-simple"},"_links":{"self":[{"href":"https:\/\/staging.megapharm.al\/index.php?rest_route=\/wp\/v2\/product\/6332","targetHints":{"allow":["GET"]}}],"collection":[{"href":"https:\/\/staging.megapharm.al\/index.php?rest_route=\/wp\/v2\/product"}],"about":[{"href":"https:\/\/staging.megapharm.al\/index.php?rest_route=\/wp\/v2\/types\/product"}],"replies":[{"embeddable":true,"href":"https:\/\/staging.megapharm.al\/index.php?rest_route=%2Fwp%2Fv2%2Fcomments&post=6332"}],"wp:featuredmedia":[{"embeddable":true,"href":"https:\/\/staging.megapharm.al\/index.php?rest_route=\/wp\/v2\/media\/5638"}],"wp:attachment":[{"href":"https:\/\/staging.megapharm.al\/index.php?rest_route=%2Fwp%2Fv2%2Fmedia&parent=6332"}],"wp:term":[{"taxonomy":"product_brand","embeddable":true,"href":"https:\/\/staging.megapharm.al\/index.php?rest_route=%2Fwp%2Fv2%2Fproduct_brand&post=6332"},{"taxonomy":"product_cat","embeddable":true,"href":"https:\/\/staging.megapharm.al\/index.php?rest_route=%2Fwp%2Fv2%2Fproduct_cat&post=6332"},{"taxonomy":"product_tag","embeddable":true,"href":"https:\/\/staging.megapharm.al\/index.php?rest_route=%2Fwp%2Fv2%2Fproduct_tag&post=6332"}],"curies":[{"name":"wp","href":"https:\/\/api.w.org\/{rel}","templated":true}]}}