{"id":6331,"date":"2021-01-24T10:35:51","date_gmt":"2021-01-24T10:35:51","guid":{"rendered":"http:\/\/staging.megapharm.al\/\/index.php\/product\/import-placeholder-for-2514\/"},"modified":"2021-01-24T10:35:56","modified_gmt":"2021-01-24T10:35:56","slug":"shampoo-antiforfora-secca","status":"publish","type":"product","link":"https:\/\/staging.megapharm.al\/?product=shampoo-antiforfora-secca","title":{"rendered":"SHAMPOO ANTIFORFORA SECCA"},"content":{"rendered":"<p>Shampo D-CONTROL Sh<br \/>\nShampo e formuluar p\u00ebr t\u00eb luftuar zbokthin e that\u00eb, ideal p\u00ebr respektimin e struktur\u00ebs s\u00eb keratin\u00ebs s\u00eb flok\u00ebve ,t\u00eb dob\u00ebt dhe t\u00eb that\u00eb. N\u00eb kombinim ajo lejon nj\u00eb veprim t\u00eb ndikimit n\u00eb l\u00ebkur\u00ebn e kok\u00ebs, duke lejuar k\u00ebshtu ta pengoj\u00eb formimin e saj.<\/p>\n<p>AKTIVE FUNKSIONALE:<\/p>\n<p>1 Brazil vaj arr\u00eb dhe Capaiba vaj me veprim antimikrobik dhe antioksidues.<br \/>\n2 piroctone olamine: veprim antifungal dhe antibacterial kund\u00ebr mikroorganizmave p\u00ebrgjegj\u00ebs p\u00ebr acarim t\u00eb l\u00ebkur\u00ebs<br \/>\n3 panthenol: hidraton flok\u00ebt dhe ka vetit\u00eb substanciale dhe kondicionuese.<\/p>\n<p>Jo SLES &#8211; SLS<br \/>\nToleranc\u00eb e lart\u00eb<br \/>\nNikeli, Kobalt, Kromi, Palladium, Testi i Merkurit<br \/>\nNgjyrosje falas<br \/>\n1000 ml<br \/>\n250 ml<br \/>\n30 ml<\/p>\n","protected":false},"excerpt":{"rendered":"<p>Shampo D-CONTROL Sh<br \/>\nShampo e formuluar p\u00ebr t\u00eb luftuar zbokthin e that\u00eb, ideal p\u00ebr respektimin e struktur\u00ebs s\u00eb keratin\u00ebs s\u00eb flok\u00ebve ,t\u00eb dob\u00ebt dhe t\u00eb that\u00eb. N\u00eb kombinim ajo lejon nj\u00eb veprim t\u00eb ndikimit n\u00eb l\u00ebkur\u00ebn e kok\u00ebs, duke lejuar k\u00ebshtu ta pengoj\u00eb formimin e saj.<\/p>\n<p>AKTIVE FUNKSIONALE:<\/p>\n<p>1 Brazil vaj arr\u00eb dhe Capaiba vaj me veprim antimikrobik dhe antioksidues.<br \/>\n2 piroctone olamine: veprim antifungal dhe antibacterial kund\u00ebr mikroorganizmave p\u00ebrgjegj\u00ebs p\u00ebr acarim t\u00eb l\u00ebkur\u00ebs<br \/>\n3 panthenol: hidraton flok\u00ebt dhe ka vetit\u00eb substanciale dhe kondicionuese.<\/p>\n<p>Jo SLES &#8211; SLS<br \/>\nToleranc\u00eb e lart\u00eb<br \/>\nNikeli, Kobalt, Kromi, Palladium, Testi i Merkurit<br \/>\nNgjyrosje falas<br \/>\n1000 ml<br \/>\n250 ml<br \/>\n30 ml<\/p>\n","protected":false},"featured_media":5637,"comment_status":"open","ping_status":"closed","template":"","meta":[],"product_brand":[],"product_cat":[122],"product_tag":[],"class_list":{"0":"post-6331","1":"product","2":"type-product","3":"status-publish","4":"has-post-thumbnail","6":"product_cat-farmagan","8":"first","9":"instock","10":"shipping-taxable","11":"product-type-simple"},"_links":{"self":[{"href":"https:\/\/staging.megapharm.al\/index.php?rest_route=\/wp\/v2\/product\/6331","targetHints":{"allow":["GET"]}}],"collection":[{"href":"https:\/\/staging.megapharm.al\/index.php?rest_route=\/wp\/v2\/product"}],"about":[{"href":"https:\/\/staging.megapharm.al\/index.php?rest_route=\/wp\/v2\/types\/product"}],"replies":[{"embeddable":true,"href":"https:\/\/staging.megapharm.al\/index.php?rest_route=%2Fwp%2Fv2%2Fcomments&post=6331"}],"wp:featuredmedia":[{"embeddable":true,"href":"https:\/\/staging.megapharm.al\/index.php?rest_route=\/wp\/v2\/media\/5637"}],"wp:attachment":[{"href":"https:\/\/staging.megapharm.al\/index.php?rest_route=%2Fwp%2Fv2%2Fmedia&parent=6331"}],"wp:term":[{"taxonomy":"product_brand","embeddable":true,"href":"https:\/\/staging.megapharm.al\/index.php?rest_route=%2Fwp%2Fv2%2Fproduct_brand&post=6331"},{"taxonomy":"product_cat","embeddable":true,"href":"https:\/\/staging.megapharm.al\/index.php?rest_route=%2Fwp%2Fv2%2Fproduct_cat&post=6331"},{"taxonomy":"product_tag","embeddable":true,"href":"https:\/\/staging.megapharm.al\/index.php?rest_route=%2Fwp%2Fv2%2Fproduct_tag&post=6331"}],"curies":[{"name":"wp","href":"https:\/\/api.w.org\/{rel}","templated":true}]}}