{"id":6330,"date":"2021-01-24T10:35:51","date_gmt":"2021-01-24T10:35:51","guid":{"rendered":"http:\/\/staging.megapharm.al\/\/index.php\/product\/import-placeholder-for-2513\/"},"modified":"2021-01-24T10:35:56","modified_gmt":"2021-01-24T10:35:56","slug":"shampoo-antiforfora-grassa-e-iperidrosi","status":"publish","type":"product","link":"https:\/\/staging.megapharm.al\/?product=shampoo-antiforfora-grassa-e-iperidrosi","title":{"rendered":"SHAMPOO ANTIFORFORA GRASSA E IPERIDROSI"},"content":{"rendered":"<p>Shampo posa\u00e7\u00ebrisht formuluar p\u00ebr t\u00eb luftuar zbokth vaj. Eshte e perbere me vitaminen e grupit B, vitamina PP, Piroctone Olamine dhe nj\u00eb kompleks bimore (vajra t\u00eb Euterpe Oleracea, Carapa guaianensis dhe rr\u00ebshira e Copaifera officinalis) kryejn\u00eb nj\u00eb veprim sanitizues q\u00eb kufizon prodhimin e tepert te yndyres.<\/p>\n<p>Jo SLES &#8211; SLS<br \/>\nToleranc\u00eb e lart\u00eb<br \/>\nNikeli, Kobalt, Kromi, Palladium, Testi i Merkurit<br \/>\n1000 ml<br \/>\n250 ml<br \/>\n30 ml<\/p>\n","protected":false},"excerpt":{"rendered":"<p>Shampo posa\u00e7\u00ebrisht formuluar p\u00ebr t\u00eb luftuar zbokth vaj. Eshte e perbere me vitaminen e grupit B, vitamina PP, Piroctone Olamine dhe nj\u00eb kompleks bimore (vajra t\u00eb Euterpe Oleracea, Carapa guaianensis dhe rr\u00ebshira e Copaifera officinalis) kryejn\u00eb nj\u00eb veprim sanitizues q\u00eb kufizon prodhimin e tepert te yndyres.<\/p>\n<p>Jo SLES &#8211; SLS<br \/>\nToleranc\u00eb e lart\u00eb<br \/>\nNikeli, Kobalt, Kromi, Palladium, Testi i Merkurit<br \/>\n1000 ml<br \/>\n250 ml<br \/>\n30 ml<\/p>\n","protected":false},"featured_media":5636,"comment_status":"open","ping_status":"closed","template":"","meta":[],"product_brand":[],"product_cat":[122],"product_tag":[],"class_list":{"0":"post-6330","1":"product","2":"type-product","3":"status-publish","4":"has-post-thumbnail","6":"product_cat-farmagan","8":"first","9":"instock","10":"shipping-taxable","11":"product-type-simple"},"_links":{"self":[{"href":"https:\/\/staging.megapharm.al\/index.php?rest_route=\/wp\/v2\/product\/6330","targetHints":{"allow":["GET"]}}],"collection":[{"href":"https:\/\/staging.megapharm.al\/index.php?rest_route=\/wp\/v2\/product"}],"about":[{"href":"https:\/\/staging.megapharm.al\/index.php?rest_route=\/wp\/v2\/types\/product"}],"replies":[{"embeddable":true,"href":"https:\/\/staging.megapharm.al\/index.php?rest_route=%2Fwp%2Fv2%2Fcomments&post=6330"}],"wp:featuredmedia":[{"embeddable":true,"href":"https:\/\/staging.megapharm.al\/index.php?rest_route=\/wp\/v2\/media\/5636"}],"wp:attachment":[{"href":"https:\/\/staging.megapharm.al\/index.php?rest_route=%2Fwp%2Fv2%2Fmedia&parent=6330"}],"wp:term":[{"taxonomy":"product_brand","embeddable":true,"href":"https:\/\/staging.megapharm.al\/index.php?rest_route=%2Fwp%2Fv2%2Fproduct_brand&post=6330"},{"taxonomy":"product_cat","embeddable":true,"href":"https:\/\/staging.megapharm.al\/index.php?rest_route=%2Fwp%2Fv2%2Fproduct_cat&post=6330"},{"taxonomy":"product_tag","embeddable":true,"href":"https:\/\/staging.megapharm.al\/index.php?rest_route=%2Fwp%2Fv2%2Fproduct_tag&post=6330"}],"curies":[{"name":"wp","href":"https:\/\/api.w.org\/{rel}","templated":true}]}}