{"id":6327,"date":"2021-01-24T10:35:50","date_gmt":"2021-01-24T10:35:50","guid":{"rendered":"http:\/\/staging.megapharm.al\/\/index.php\/product\/import-placeholder-for-2510\/"},"modified":"2021-01-24T10:35:56","modified_gmt":"2021-01-24T10:35:56","slug":"bioactive-anticaduta-shampo-kundra-renies","status":"publish","type":"product","link":"https:\/\/staging.megapharm.al\/?product=bioactive-anticaduta-shampo-kundra-renies","title":{"rendered":"BIOACTIVE ANTICADUTA  (SHAMPO KUNDRA RENIES)"},"content":{"rendered":"<p>Shampo me ekstrakte, vitamina dhe p\u00ebrb\u00ebr\u00ebs t\u00eb tjer\u00eb aktiv\u00eb p\u00ebr t\u00eb luftuar humbjen e flok\u00ebve.<br \/>\nFormulimi ve\u00e7an\u00ebrisht i but\u00eb, ka nj\u00eb veprim normalizues, riparues dhe gjall\u00ebrues q\u00eb ndihmon n\u00eb rigjenerimin e flok\u00ebve.<br \/>\nJo SLES &#8211; SLS<br \/>\nToleranc\u00eb e lart\u00eb<br \/>\nNikeli, Kobalt, Kromi, Palladium, Testi i Merkurit<\/p>\n","protected":false},"excerpt":{"rendered":"<p>Shampo me ekstrakte, vitamina dhe p\u00ebrb\u00ebr\u00ebs t\u00eb tjer\u00eb aktiv\u00eb p\u00ebr t\u00eb luftuar humbjen e flok\u00ebve.<br \/>\nFormulimi ve\u00e7an\u00ebrisht i but\u00eb, ka nj\u00eb veprim normalizues, riparues dhe gjall\u00ebrues q\u00eb ndihmon n\u00eb rigjenerimin e flok\u00ebve.<br \/>\nJo SLES &#8211; SLS<br \/>\nToleranc\u00eb e lart\u00eb<br \/>\nNikeli, Kobalt, Kromi, Palladium, Testi i Merkurit<\/p>\n","protected":false},"featured_media":5633,"comment_status":"open","ping_status":"closed","template":"","meta":[],"product_brand":[],"product_cat":[122],"product_tag":[],"class_list":{"0":"post-6327","1":"product","2":"type-product","3":"status-publish","4":"has-post-thumbnail","6":"product_cat-farmagan","8":"first","9":"instock","10":"shipping-taxable","11":"product-type-simple"},"_links":{"self":[{"href":"https:\/\/staging.megapharm.al\/index.php?rest_route=\/wp\/v2\/product\/6327","targetHints":{"allow":["GET"]}}],"collection":[{"href":"https:\/\/staging.megapharm.al\/index.php?rest_route=\/wp\/v2\/product"}],"about":[{"href":"https:\/\/staging.megapharm.al\/index.php?rest_route=\/wp\/v2\/types\/product"}],"replies":[{"embeddable":true,"href":"https:\/\/staging.megapharm.al\/index.php?rest_route=%2Fwp%2Fv2%2Fcomments&post=6327"}],"wp:featuredmedia":[{"embeddable":true,"href":"https:\/\/staging.megapharm.al\/index.php?rest_route=\/wp\/v2\/media\/5633"}],"wp:attachment":[{"href":"https:\/\/staging.megapharm.al\/index.php?rest_route=%2Fwp%2Fv2%2Fmedia&parent=6327"}],"wp:term":[{"taxonomy":"product_brand","embeddable":true,"href":"https:\/\/staging.megapharm.al\/index.php?rest_route=%2Fwp%2Fv2%2Fproduct_brand&post=6327"},{"taxonomy":"product_cat","embeddable":true,"href":"https:\/\/staging.megapharm.al\/index.php?rest_route=%2Fwp%2Fv2%2Fproduct_cat&post=6327"},{"taxonomy":"product_tag","embeddable":true,"href":"https:\/\/staging.megapharm.al\/index.php?rest_route=%2Fwp%2Fv2%2Fproduct_tag&post=6327"}],"curies":[{"name":"wp","href":"https:\/\/api.w.org\/{rel}","templated":true}]}}