{"id":6325,"date":"2021-01-24T10:35:50","date_gmt":"2021-01-24T10:35:50","guid":{"rendered":"http:\/\/staging.megapharm.al\/\/index.php\/product\/import-placeholder-for-2508\/"},"modified":"2021-01-24T10:35:55","modified_gmt":"2021-01-24T10:35:55","slug":"moisturizing-emulsion-sun","status":"publish","type":"product","link":"https:\/\/staging.megapharm.al\/?product=moisturizing-emulsion-sun","title":{"rendered":"MOISTURIZING EMULSION SUN"},"content":{"rendered":"<p>Hidratuese p\u00ebr flok\u00ebt dhe trupin, q\u00eb do t\u00eb p\u00ebrdoret pas shampos, ve\u00e7an\u00ebrisht n\u00eb rast t\u00eb flok\u00ebve t\u00eb that\u00eb dhe t\u00eb acaruar. Prania e vajit t\u00eb jojob\u00ebs i b\u00ebn flok\u00ebt t\u00eb but\u00eb, t\u00eb ndritsh\u00ebm.<br \/>\nPa shpelarje<br \/>\nPa SLES \u2013 SLS<br \/>\nI testuar klinikisht dhe dermatologjikisht<br \/>\nPa Nickel, Cobalto, Cromo, Palladio, Mercuri<br \/>\nPa ngjyryes<br \/>\nPa paraben<\/p>\n","protected":false},"excerpt":{"rendered":"<p>Hidratuese p\u00ebr flok\u00ebt dhe trupin, q\u00eb do t\u00eb p\u00ebrdoret pas shampos, ve\u00e7an\u00ebrisht n\u00eb rast t\u00eb flok\u00ebve t\u00eb that\u00eb dhe t\u00eb acaruar. Prania e vajit t\u00eb jojob\u00ebs i b\u00ebn flok\u00ebt t\u00eb but\u00eb, t\u00eb ndritsh\u00ebm.<br \/>\nPa shpelarje<br \/>\nPa SLES \u2013 SLS<br \/>\nI testuar klinikisht dhe dermatologjikisht<br \/>\nPa Nickel, Cobalto, Cromo, Palladio, Mercuri<br \/>\nPa ngjyryes<br \/>\nPa paraben<\/p>\n","protected":false},"featured_media":5631,"comment_status":"open","ping_status":"closed","template":"","meta":[],"product_brand":[],"product_cat":[122],"product_tag":[],"class_list":{"0":"post-6325","1":"product","2":"type-product","3":"status-publish","4":"has-post-thumbnail","6":"product_cat-farmagan","8":"first","9":"instock","10":"shipping-taxable","11":"product-type-simple"},"_links":{"self":[{"href":"https:\/\/staging.megapharm.al\/index.php?rest_route=\/wp\/v2\/product\/6325","targetHints":{"allow":["GET"]}}],"collection":[{"href":"https:\/\/staging.megapharm.al\/index.php?rest_route=\/wp\/v2\/product"}],"about":[{"href":"https:\/\/staging.megapharm.al\/index.php?rest_route=\/wp\/v2\/types\/product"}],"replies":[{"embeddable":true,"href":"https:\/\/staging.megapharm.al\/index.php?rest_route=%2Fwp%2Fv2%2Fcomments&post=6325"}],"wp:featuredmedia":[{"embeddable":true,"href":"https:\/\/staging.megapharm.al\/index.php?rest_route=\/wp\/v2\/media\/5631"}],"wp:attachment":[{"href":"https:\/\/staging.megapharm.al\/index.php?rest_route=%2Fwp%2Fv2%2Fmedia&parent=6325"}],"wp:term":[{"taxonomy":"product_brand","embeddable":true,"href":"https:\/\/staging.megapharm.al\/index.php?rest_route=%2Fwp%2Fv2%2Fproduct_brand&post=6325"},{"taxonomy":"product_cat","embeddable":true,"href":"https:\/\/staging.megapharm.al\/index.php?rest_route=%2Fwp%2Fv2%2Fproduct_cat&post=6325"},{"taxonomy":"product_tag","embeddable":true,"href":"https:\/\/staging.megapharm.al\/index.php?rest_route=%2Fwp%2Fv2%2Fproduct_tag&post=6325"}],"curies":[{"name":"wp","href":"https:\/\/api.w.org\/{rel}","templated":true}]}}