{"id":6322,"date":"2021-01-24T10:35:50","date_gmt":"2021-01-24T10:35:50","guid":{"rendered":"http:\/\/staging.megapharm.al\/\/index.php\/product\/import-placeholder-for-2505\/"},"modified":"2021-01-24T10:35:55","modified_gmt":"2021-01-24T10:35:55","slug":"bioactive-keep-color-elixir","status":"publish","type":"product","link":"https:\/\/staging.megapharm.al\/?product=bioactive-keep-color-elixir","title":{"rendered":"BIOACTIVE  KEEP COLOR ELIXIR"},"content":{"rendered":"<p>Eliksir p\u00ebr flok\u00eb t\u00eb lyer, p\u00ebrforcues me vaj lulelivath. Hidhen 5-10 pika eliksir tek shampoja Bioactve p\u00ebr flok\u00eb me gjat\u00ebsi mesatare dhe lihet t\u00eb veproj\u00eb p\u00ebr 5-10 minuta dhe m\u00eb pas shp\u00eblahet me uj\u00eb t\u00eb bollsh\u00ebm.<br \/>\nPa SLES \u2013 SLS<br \/>\nI testuar klinikisht dhe dermatologjikisht<br \/>\nPa Nickel, Cobalto, Cromo, Palladio, Mercuri<br \/>\nPa ngjyryes<br \/>\nPa paraben<br \/>\nSasia: 75ml<\/p>\n","protected":false},"excerpt":{"rendered":"<p>Eliksir p\u00ebr flok\u00eb t\u00eb lyer, p\u00ebrforcues me vaj lulelivath. Hidhen 5-10 pika eliksir tek shampoja Bioactve p\u00ebr flok\u00eb me gjat\u00ebsi mesatare dhe lihet t\u00eb veproj\u00eb p\u00ebr 5-10 minuta dhe m\u00eb pas shp\u00eblahet me uj\u00eb t\u00eb bollsh\u00ebm.<br \/>\nPa SLES \u2013 SLS<br \/>\nI testuar klinikisht dhe dermatologjikisht<br \/>\nPa Nickel, Cobalto, Cromo, Palladio, Mercuri<br \/>\nPa ngjyryes<br \/>\nPa paraben<br \/>\nSasia: 75ml<\/p>\n","protected":false},"featured_media":5628,"comment_status":"open","ping_status":"closed","template":"","meta":[],"product_brand":[],"product_cat":[122],"product_tag":[],"class_list":{"0":"post-6322","1":"product","2":"type-product","3":"status-publish","4":"has-post-thumbnail","6":"product_cat-farmagan","8":"first","9":"instock","10":"shipping-taxable","11":"product-type-simple"},"_links":{"self":[{"href":"https:\/\/staging.megapharm.al\/index.php?rest_route=\/wp\/v2\/product\/6322","targetHints":{"allow":["GET"]}}],"collection":[{"href":"https:\/\/staging.megapharm.al\/index.php?rest_route=\/wp\/v2\/product"}],"about":[{"href":"https:\/\/staging.megapharm.al\/index.php?rest_route=\/wp\/v2\/types\/product"}],"replies":[{"embeddable":true,"href":"https:\/\/staging.megapharm.al\/index.php?rest_route=%2Fwp%2Fv2%2Fcomments&post=6322"}],"wp:featuredmedia":[{"embeddable":true,"href":"https:\/\/staging.megapharm.al\/index.php?rest_route=\/wp\/v2\/media\/5628"}],"wp:attachment":[{"href":"https:\/\/staging.megapharm.al\/index.php?rest_route=%2Fwp%2Fv2%2Fmedia&parent=6322"}],"wp:term":[{"taxonomy":"product_brand","embeddable":true,"href":"https:\/\/staging.megapharm.al\/index.php?rest_route=%2Fwp%2Fv2%2Fproduct_brand&post=6322"},{"taxonomy":"product_cat","embeddable":true,"href":"https:\/\/staging.megapharm.al\/index.php?rest_route=%2Fwp%2Fv2%2Fproduct_cat&post=6322"},{"taxonomy":"product_tag","embeddable":true,"href":"https:\/\/staging.megapharm.al\/index.php?rest_route=%2Fwp%2Fv2%2Fproduct_tag&post=6322"}],"curies":[{"name":"wp","href":"https:\/\/api.w.org\/{rel}","templated":true}]}}