{"id":6318,"date":"2021-01-24T10:35:49","date_gmt":"2021-01-24T10:35:49","guid":{"rendered":"http:\/\/staging.megapharm.al\/\/index.php\/product\/import-placeholder-for-2501\/"},"modified":"2021-01-24T10:35:54","modified_gmt":"2021-01-24T10:35:54","slug":"bioactive-x-curly-smooth","status":"publish","type":"product","link":"https:\/\/staging.megapharm.al\/?product=bioactive-x-curly-smooth","title":{"rendered":"BIOACTIVE X-CURLY SMOOTH"},"content":{"rendered":"<p>Emulsion zbut\u00ebs me p\u00ebrb\u00ebrje kolagjeni. I p\u00ebrshtatsh\u00ebm p\u00ebr flok\u00eb t\u00eb padisiplinuar duke dh\u00ebn\u00eb efekt zbut\u00ebs. T\u00eb aplikohet nj\u00eb sasi produkti n\u00eb flok\u00eb t\u00eb lagur duke e shp\u00ebrndar\u00eb n\u00eb gjith\u00eb gjat\u00ebsin\u00eb e flok\u00ebve. Mund t\u00eb p\u00ebrdoret si mbrojt\u00ebs p\u00ebr flok\u00eb t\u00eb val\u00ebzuar dhe kacurrela<br \/>\nPa SLES \u2013 SLS<br \/>\nI testuar klinikisht dhe dermatologjikisht<br \/>\nPa Nickel, Cobalto, Cromo, Palladio, Mercuri<br \/>\nPa ngjyryes<br \/>\nPa paraben<br \/>\nSasia: 175ml<\/p>\n","protected":false},"excerpt":{"rendered":"<p>Emulsion zbut\u00ebs me p\u00ebrb\u00ebrje kolagjeni. I p\u00ebrshtatsh\u00ebm p\u00ebr flok\u00eb t\u00eb padisiplinuar duke dh\u00ebn\u00eb efekt zbut\u00ebs. T\u00eb aplikohet nj\u00eb sasi produkti n\u00eb flok\u00eb t\u00eb lagur duke e shp\u00ebrndar\u00eb n\u00eb gjith\u00eb gjat\u00ebsin\u00eb e flok\u00ebve. Mund t\u00eb p\u00ebrdoret si mbrojt\u00ebs p\u00ebr flok\u00eb t\u00eb val\u00ebzuar dhe kacurrela<br \/>\nPa SLES \u2013 SLS<br \/>\nI testuar klinikisht dhe dermatologjikisht<br \/>\nPa Nickel, Cobalto, Cromo, Palladio, Mercuri<br \/>\nPa ngjyryes<br \/>\nPa paraben<br \/>\nSasia: 175ml<\/p>\n","protected":false},"featured_media":5624,"comment_status":"open","ping_status":"closed","template":"","meta":[],"product_brand":[],"product_cat":[122],"product_tag":[],"class_list":{"0":"post-6318","1":"product","2":"type-product","3":"status-publish","4":"has-post-thumbnail","6":"product_cat-farmagan","8":"first","9":"instock","10":"shipping-taxable","11":"product-type-simple"},"_links":{"self":[{"href":"https:\/\/staging.megapharm.al\/index.php?rest_route=\/wp\/v2\/product\/6318","targetHints":{"allow":["GET"]}}],"collection":[{"href":"https:\/\/staging.megapharm.al\/index.php?rest_route=\/wp\/v2\/product"}],"about":[{"href":"https:\/\/staging.megapharm.al\/index.php?rest_route=\/wp\/v2\/types\/product"}],"replies":[{"embeddable":true,"href":"https:\/\/staging.megapharm.al\/index.php?rest_route=%2Fwp%2Fv2%2Fcomments&post=6318"}],"wp:featuredmedia":[{"embeddable":true,"href":"https:\/\/staging.megapharm.al\/index.php?rest_route=\/wp\/v2\/media\/5624"}],"wp:attachment":[{"href":"https:\/\/staging.megapharm.al\/index.php?rest_route=%2Fwp%2Fv2%2Fmedia&parent=6318"}],"wp:term":[{"taxonomy":"product_brand","embeddable":true,"href":"https:\/\/staging.megapharm.al\/index.php?rest_route=%2Fwp%2Fv2%2Fproduct_brand&post=6318"},{"taxonomy":"product_cat","embeddable":true,"href":"https:\/\/staging.megapharm.al\/index.php?rest_route=%2Fwp%2Fv2%2Fproduct_cat&post=6318"},{"taxonomy":"product_tag","embeddable":true,"href":"https:\/\/staging.megapharm.al\/index.php?rest_route=%2Fwp%2Fv2%2Fproduct_tag&post=6318"}],"curies":[{"name":"wp","href":"https:\/\/api.w.org\/{rel}","templated":true}]}}