{"id":6317,"date":"2021-01-24T10:35:49","date_gmt":"2021-01-24T10:35:49","guid":{"rendered":"http:\/\/staging.megapharm.al\/\/index.php\/product\/import-placeholder-for-2500\/"},"modified":"2021-01-24T10:35:54","modified_gmt":"2021-01-24T10:35:54","slug":"bioactive-x-curly-spray","status":"publish","type":"product","link":"https:\/\/staging.megapharm.al\/?product=bioactive-x-curly-spray","title":{"rendered":"BIOACTIVE X-CURLY SPRAY"},"content":{"rendered":"<p>Spary p\u00ebr kontrolin e kacurrelave me p\u00ebrb\u00ebrje kolagjeni. Spray ideal p\u00ebr hidratim dhe rigjenerim t\u00eb gjith\u00eb llojet e flok\u00ebve. T\u00eb aplikohet n\u00eb flok\u00eb t\u00eb lagur p\u00ebrpara cdo produkti stilues. P\u00ebr p\u00ebrdorim t\u00eb p\u00ebrditsh\u00ebm. T\u00eb mos shp\u00eblahet.<br \/>\nPa SLES \u2013 SLS<br \/>\nI testuar klinikisht dhe dermatologjikisht<br \/>\nPa Nickel, Cobalto, Cromo, Palladio, Mercuri<br \/>\nPa ngjyryes<br \/>\nPa paraben<br \/>\n150ml<\/p>\n","protected":false},"excerpt":{"rendered":"<p>Spary p\u00ebr kontrolin e kacurrelave me p\u00ebrb\u00ebrje kolagjeni. Spray ideal p\u00ebr hidratim dhe rigjenerim t\u00eb gjith\u00eb llojet e flok\u00ebve. T\u00eb aplikohet n\u00eb flok\u00eb t\u00eb lagur p\u00ebrpara cdo produkti stilues. P\u00ebr p\u00ebrdorim t\u00eb p\u00ebrditsh\u00ebm. T\u00eb mos shp\u00eblahet.<br \/>\nPa SLES \u2013 SLS<br \/>\nI testuar klinikisht dhe dermatologjikisht<br \/>\nPa Nickel, Cobalto, Cromo, Palladio, Mercuri<br \/>\nPa ngjyryes<br \/>\nPa paraben<br \/>\n150ml<\/p>\n","protected":false},"featured_media":5623,"comment_status":"open","ping_status":"closed","template":"","meta":[],"product_brand":[],"product_cat":[122],"product_tag":[],"class_list":{"0":"post-6317","1":"product","2":"type-product","3":"status-publish","4":"has-post-thumbnail","6":"product_cat-farmagan","8":"first","9":"instock","10":"shipping-taxable","11":"product-type-simple"},"_links":{"self":[{"href":"https:\/\/staging.megapharm.al\/index.php?rest_route=\/wp\/v2\/product\/6317","targetHints":{"allow":["GET"]}}],"collection":[{"href":"https:\/\/staging.megapharm.al\/index.php?rest_route=\/wp\/v2\/product"}],"about":[{"href":"https:\/\/staging.megapharm.al\/index.php?rest_route=\/wp\/v2\/types\/product"}],"replies":[{"embeddable":true,"href":"https:\/\/staging.megapharm.al\/index.php?rest_route=%2Fwp%2Fv2%2Fcomments&post=6317"}],"wp:featuredmedia":[{"embeddable":true,"href":"https:\/\/staging.megapharm.al\/index.php?rest_route=\/wp\/v2\/media\/5623"}],"wp:attachment":[{"href":"https:\/\/staging.megapharm.al\/index.php?rest_route=%2Fwp%2Fv2%2Fmedia&parent=6317"}],"wp:term":[{"taxonomy":"product_brand","embeddable":true,"href":"https:\/\/staging.megapharm.al\/index.php?rest_route=%2Fwp%2Fv2%2Fproduct_brand&post=6317"},{"taxonomy":"product_cat","embeddable":true,"href":"https:\/\/staging.megapharm.al\/index.php?rest_route=%2Fwp%2Fv2%2Fproduct_cat&post=6317"},{"taxonomy":"product_tag","embeddable":true,"href":"https:\/\/staging.megapharm.al\/index.php?rest_route=%2Fwp%2Fv2%2Fproduct_tag&post=6317"}],"curies":[{"name":"wp","href":"https:\/\/api.w.org\/{rel}","templated":true}]}}