{"id":6316,"date":"2021-01-24T10:35:49","date_gmt":"2021-01-24T10:35:49","guid":{"rendered":"http:\/\/staging.megapharm.al\/\/index.php\/product\/import-placeholder-for-2499\/"},"modified":"2021-01-24T10:35:54","modified_gmt":"2021-01-24T10:35:54","slug":"bioactive-x-curly-mask","status":"publish","type":"product","link":"https:\/\/staging.megapharm.al\/?product=bioactive-x-curly-mask","title":{"rendered":"Bioactive X-CURLY MASK"},"content":{"rendered":"<p>Mask\u00eb p\u00ebr kontrollin e kacurrelave me p\u00ebrb\u00ebrje kolagjeni. Ristrukturon flok\u00ebt e padisiplinuar. Lereni t\u00eb veproje p\u00ebr 5 deri ne 10 minuta dhe m\u00eb pas shp\u00eblaheni me uj\u00eb t\u00eb bollsh\u00ebm.<br \/>\nPa SLES \u2013 SLS<br \/>\nI testuar klinikisht dhe dermatologjikisht<br \/>\nPa Nickel, Cobalto, Cromo, Palladio, Mercuri<br \/>\nPa ngjyryes<br \/>\nPa paraben<br \/>\n250ml<br \/>\n500 ml<\/p>\n","protected":false},"excerpt":{"rendered":"<p>Mask\u00eb p\u00ebr kontrollin e kacurrelave me p\u00ebrb\u00ebrje kolagjeni. Ristrukturon flok\u00ebt e padisiplinuar. Lereni t\u00eb veproje p\u00ebr 5 deri ne 10 minuta dhe m\u00eb pas shp\u00eblaheni me uj\u00eb t\u00eb bollsh\u00ebm.<br \/>\nPa SLES \u2013 SLS<br \/>\nI testuar klinikisht dhe dermatologjikisht<br \/>\nPa Nickel, Cobalto, Cromo, Palladio, Mercuri<br \/>\nPa ngjyryes<br \/>\nPa paraben<br \/>\n250ml<br \/>\n500 ml<\/p>\n","protected":false},"featured_media":5622,"comment_status":"open","ping_status":"closed","template":"","meta":[],"product_brand":[],"product_cat":[122],"product_tag":[],"class_list":{"0":"post-6316","1":"product","2":"type-product","3":"status-publish","4":"has-post-thumbnail","6":"product_cat-farmagan","8":"first","9":"instock","10":"shipping-taxable","11":"product-type-simple"},"_links":{"self":[{"href":"https:\/\/staging.megapharm.al\/index.php?rest_route=\/wp\/v2\/product\/6316","targetHints":{"allow":["GET"]}}],"collection":[{"href":"https:\/\/staging.megapharm.al\/index.php?rest_route=\/wp\/v2\/product"}],"about":[{"href":"https:\/\/staging.megapharm.al\/index.php?rest_route=\/wp\/v2\/types\/product"}],"replies":[{"embeddable":true,"href":"https:\/\/staging.megapharm.al\/index.php?rest_route=%2Fwp%2Fv2%2Fcomments&post=6316"}],"wp:featuredmedia":[{"embeddable":true,"href":"https:\/\/staging.megapharm.al\/index.php?rest_route=\/wp\/v2\/media\/5622"}],"wp:attachment":[{"href":"https:\/\/staging.megapharm.al\/index.php?rest_route=%2Fwp%2Fv2%2Fmedia&parent=6316"}],"wp:term":[{"taxonomy":"product_brand","embeddable":true,"href":"https:\/\/staging.megapharm.al\/index.php?rest_route=%2Fwp%2Fv2%2Fproduct_brand&post=6316"},{"taxonomy":"product_cat","embeddable":true,"href":"https:\/\/staging.megapharm.al\/index.php?rest_route=%2Fwp%2Fv2%2Fproduct_cat&post=6316"},{"taxonomy":"product_tag","embeddable":true,"href":"https:\/\/staging.megapharm.al\/index.php?rest_route=%2Fwp%2Fv2%2Fproduct_tag&post=6316"}],"curies":[{"name":"wp","href":"https:\/\/api.w.org\/{rel}","templated":true}]}}