{"id":6313,"date":"2021-01-24T10:35:48","date_gmt":"2021-01-24T10:35:48","guid":{"rendered":"http:\/\/staging.megapharm.al\/\/index.php\/product\/import-placeholder-for-2496\/"},"modified":"2021-01-24T10:35:53","modified_gmt":"2021-01-24T10:35:53","slug":"bioactive-hydra-elixir","status":"publish","type":"product","link":"https:\/\/staging.megapharm.al\/?product=bioactive-hydra-elixir","title":{"rendered":"BIOACTIVE HYDRA ELIXIR"},"content":{"rendered":"<p>Eliksir p\u00ebrforcues ushqyes me acid hialuronik<\/p>\n<p>P\u00ebr t\u00eb rritur efektin e shampos Bioactive duhet t\u00eb shtohet 5-10 pika nga eliksiri p\u00ebr nj\u00eb gjat\u00ebsi mesatare. Lihet t\u00eb veproj\u00eb p\u00ebr 5-10 minuta dhe m\u00eb pas t\u00eb shp\u00eblahet.<br \/>\nPa SLES \u2013 SLS<br \/>\nI testuar klinikisht dhe dermatologjikisht<br \/>\nPa Nickel, Cobalto, Cromo, Palladio, Mercuri<br \/>\nPa ngjyryes<br \/>\nPa paraben<br \/>\nSasia: 75ml<\/p>\n","protected":false},"excerpt":{"rendered":"<p>Eliksir p\u00ebrforcues ushqyes me acid hialuronik<\/p>\n<p>P\u00ebr t\u00eb rritur efektin e shampos Bioactive duhet t\u00eb shtohet 5-10 pika nga eliksiri p\u00ebr nj\u00eb gjat\u00ebsi mesatare. Lihet t\u00eb veproj\u00eb p\u00ebr 5-10 minuta dhe m\u00eb pas t\u00eb shp\u00eblahet.<br \/>\nPa SLES \u2013 SLS<br \/>\nI testuar klinikisht dhe dermatologjikisht<br \/>\nPa Nickel, Cobalto, Cromo, Palladio, Mercuri<br \/>\nPa ngjyryes<br \/>\nPa paraben<br \/>\nSasia: 75ml<\/p>\n","protected":false},"featured_media":5619,"comment_status":"open","ping_status":"closed","template":"","meta":[],"product_brand":[],"product_cat":[122],"product_tag":[],"class_list":{"0":"post-6313","1":"product","2":"type-product","3":"status-publish","4":"has-post-thumbnail","6":"product_cat-farmagan","8":"first","9":"instock","10":"shipping-taxable","11":"product-type-simple"},"_links":{"self":[{"href":"https:\/\/staging.megapharm.al\/index.php?rest_route=\/wp\/v2\/product\/6313","targetHints":{"allow":["GET"]}}],"collection":[{"href":"https:\/\/staging.megapharm.al\/index.php?rest_route=\/wp\/v2\/product"}],"about":[{"href":"https:\/\/staging.megapharm.al\/index.php?rest_route=\/wp\/v2\/types\/product"}],"replies":[{"embeddable":true,"href":"https:\/\/staging.megapharm.al\/index.php?rest_route=%2Fwp%2Fv2%2Fcomments&post=6313"}],"wp:featuredmedia":[{"embeddable":true,"href":"https:\/\/staging.megapharm.al\/index.php?rest_route=\/wp\/v2\/media\/5619"}],"wp:attachment":[{"href":"https:\/\/staging.megapharm.al\/index.php?rest_route=%2Fwp%2Fv2%2Fmedia&parent=6313"}],"wp:term":[{"taxonomy":"product_brand","embeddable":true,"href":"https:\/\/staging.megapharm.al\/index.php?rest_route=%2Fwp%2Fv2%2Fproduct_brand&post=6313"},{"taxonomy":"product_cat","embeddable":true,"href":"https:\/\/staging.megapharm.al\/index.php?rest_route=%2Fwp%2Fv2%2Fproduct_cat&post=6313"},{"taxonomy":"product_tag","embeddable":true,"href":"https:\/\/staging.megapharm.al\/index.php?rest_route=%2Fwp%2Fv2%2Fproduct_tag&post=6313"}],"curies":[{"name":"wp","href":"https:\/\/api.w.org\/{rel}","templated":true}]}}