{"id":6312,"date":"2021-01-24T10:35:41","date_gmt":"2021-01-24T10:35:41","guid":{"rendered":"http:\/\/staging.megapharm.al\/\/index.php\/product\/import-placeholder-for-2495\/"},"modified":"2021-01-24T10:35:47","modified_gmt":"2021-01-24T10:35:47","slug":"bioactive-volume-up-mask","status":"publish","type":"product","link":"https:\/\/staging.megapharm.al\/?product=bioactive-volume-up-mask","title":{"rendered":"BIOACTIVE VOLUME-UP MASK"},"content":{"rendered":"<p>Mask\u00eb me kompleks volumizues p\u00ebr flok\u00eb t\u00eb holl\u00eb. Forcon gjith\u00eb gjat\u00ebsine e flokut duke e l\u00ebn\u00eb at\u00eb t\u00eb but\u00eb me shk\u00eblqim dhe volum. Lihet t\u00eb veproj\u00eb p\u00ebr disa minuta para shp\u00eblarjes s\u00eb fundit<br \/>\nPa SLES \u2013 SLS<br \/>\nI testuar klinikisht dhe dermatologjikisht<br \/>\nPa Nickel, Cobalto, Cromo, Palladio, Mercuri<br \/>\nPa ngjyryes<br \/>\nPa paraben<br \/>\n250ml<br \/>\n500 ml<\/p>\n","protected":false},"excerpt":{"rendered":"<p>Mask? me kompleks volumizues p?r flok? t? holl?. Forcon gjith? gjat?sine e flokut duke e l?n? at? t? but? me shk?lqim dhe volum. Lihet t? veproj? p?r disa minuta para shp?larjes s? fundit<br \/>\nPa SLES ? SLS<br \/>\nI testuar klinikisht dhe dermatologjikisht<br \/>\nPa Nickel, Cobalto, Cromo, Palladio, Mercuri<br \/>\nPa ngjyryes<br \/>\nPa paraben<br \/>\n250ml<br \/>\n500 ml<\/p>\n","protected":false},"featured_media":5618,"comment_status":"open","ping_status":"closed","template":"","meta":[],"product_brand":[],"product_cat":[122],"product_tag":[],"class_list":{"0":"post-6312","1":"product","2":"type-product","3":"status-publish","4":"has-post-thumbnail","6":"product_cat-farmagan","8":"first","9":"instock","10":"shipping-taxable","11":"product-type-simple"},"_links":{"self":[{"href":"https:\/\/staging.megapharm.al\/index.php?rest_route=\/wp\/v2\/product\/6312","targetHints":{"allow":["GET"]}}],"collection":[{"href":"https:\/\/staging.megapharm.al\/index.php?rest_route=\/wp\/v2\/product"}],"about":[{"href":"https:\/\/staging.megapharm.al\/index.php?rest_route=\/wp\/v2\/types\/product"}],"replies":[{"embeddable":true,"href":"https:\/\/staging.megapharm.al\/index.php?rest_route=%2Fwp%2Fv2%2Fcomments&post=6312"}],"wp:featuredmedia":[{"embeddable":true,"href":"https:\/\/staging.megapharm.al\/index.php?rest_route=\/wp\/v2\/media\/5618"}],"wp:attachment":[{"href":"https:\/\/staging.megapharm.al\/index.php?rest_route=%2Fwp%2Fv2%2Fmedia&parent=6312"}],"wp:term":[{"taxonomy":"product_brand","embeddable":true,"href":"https:\/\/staging.megapharm.al\/index.php?rest_route=%2Fwp%2Fv2%2Fproduct_brand&post=6312"},{"taxonomy":"product_cat","embeddable":true,"href":"https:\/\/staging.megapharm.al\/index.php?rest_route=%2Fwp%2Fv2%2Fproduct_cat&post=6312"},{"taxonomy":"product_tag","embeddable":true,"href":"https:\/\/staging.megapharm.al\/index.php?rest_route=%2Fwp%2Fv2%2Fproduct_tag&post=6312"}],"curies":[{"name":"wp","href":"https:\/\/api.w.org\/{rel}","templated":true}]}}