{"id":6311,"date":"2021-01-24T10:35:40","date_gmt":"2021-01-24T10:35:40","guid":{"rendered":"http:\/\/staging.megapharm.al\/\/index.php\/product\/import-placeholder-for-2494\/"},"modified":"2021-01-24T10:35:47","modified_gmt":"2021-01-24T10:35:47","slug":"bioactive-volume-up-shampoo","status":"publish","type":"product","link":"https:\/\/staging.megapharm.al\/?product=bioactive-volume-up-shampoo","title":{"rendered":"BIOACTIVE VOLUME-UP SHAMPOO"},"content":{"rendered":"<p>Shampo me kompleks volumizues e p\u00ebrshatshme p\u00ebr flok\u00eb te holl\u00eb, pastron butesisht duke I dh\u00ebn\u00eb flok\u00ebv\u00eb volum, fort\u00ebsi dhe vitalitet. Lereni p\u00ebr 5 minuta dhe p\u00ebr pas shp\u00ebelaheni me uj\u00eb t\u00eb bollsh\u00ebm.<br \/>\nPa SLES \u2013 SLS<br \/>\nI testuar klinikisht dhe dermatologjikisht<br \/>\nPa Nickel, Cobalto, Cromo, Palladio, Mercuri<br \/>\nPa ngjyrues<br \/>\nPa paraben<br \/>\n250 ml<br \/>\n1500 ml<\/p>\n","protected":false},"excerpt":{"rendered":"<p>Shampo me kompleks volumizues e p\u00ebrshatshme p\u00ebr flok\u00eb te holl\u00eb, pastron butesisht duke I dh\u00ebn\u00eb flok\u00ebv\u00eb volum, fort\u00ebsi dhe vitalitet. Lereni p\u00ebr 5 minuta dhe p\u00ebr pas shp\u00ebelaheni me uj\u00eb t\u00eb bollsh\u00ebm.<br \/>\nPa SLES \u2013 SLS<br \/>\nI testuar klinikisht dhe dermatologjikisht<br \/>\nPa Nickel, Cobalto, Cromo, Palladio, Mercuri<br \/>\nPa ngjyrues<br \/>\nPa paraben<br \/>\n250 ml<br \/>\n1500 ml<\/p>\n","protected":false},"featured_media":5617,"comment_status":"open","ping_status":"closed","template":"","meta":[],"product_brand":[],"product_cat":[122],"product_tag":[],"class_list":{"0":"post-6311","1":"product","2":"type-product","3":"status-publish","4":"has-post-thumbnail","6":"product_cat-farmagan","8":"first","9":"instock","10":"shipping-taxable","11":"product-type-simple"},"_links":{"self":[{"href":"https:\/\/staging.megapharm.al\/index.php?rest_route=\/wp\/v2\/product\/6311","targetHints":{"allow":["GET"]}}],"collection":[{"href":"https:\/\/staging.megapharm.al\/index.php?rest_route=\/wp\/v2\/product"}],"about":[{"href":"https:\/\/staging.megapharm.al\/index.php?rest_route=\/wp\/v2\/types\/product"}],"replies":[{"embeddable":true,"href":"https:\/\/staging.megapharm.al\/index.php?rest_route=%2Fwp%2Fv2%2Fcomments&post=6311"}],"wp:featuredmedia":[{"embeddable":true,"href":"https:\/\/staging.megapharm.al\/index.php?rest_route=\/wp\/v2\/media\/5617"}],"wp:attachment":[{"href":"https:\/\/staging.megapharm.al\/index.php?rest_route=%2Fwp%2Fv2%2Fmedia&parent=6311"}],"wp:term":[{"taxonomy":"product_brand","embeddable":true,"href":"https:\/\/staging.megapharm.al\/index.php?rest_route=%2Fwp%2Fv2%2Fproduct_brand&post=6311"},{"taxonomy":"product_cat","embeddable":true,"href":"https:\/\/staging.megapharm.al\/index.php?rest_route=%2Fwp%2Fv2%2Fproduct_cat&post=6311"},{"taxonomy":"product_tag","embeddable":true,"href":"https:\/\/staging.megapharm.al\/index.php?rest_route=%2Fwp%2Fv2%2Fproduct_tag&post=6311"}],"curies":[{"name":"wp","href":"https:\/\/api.w.org\/{rel}","templated":true}]}}