{"id":6310,"date":"2021-01-24T10:35:40","date_gmt":"2021-01-24T10:35:40","guid":{"rendered":"http:\/\/staging.megapharm.al\/\/index.php\/product\/import-placeholder-for-2493\/"},"modified":"2021-01-24T10:35:47","modified_gmt":"2021-01-24T10:35:47","slug":"bioactive-repair-mask","status":"publish","type":"product","link":"https:\/\/staging.megapharm.al\/?product=bioactive-repair-mask","title":{"rendered":"BIOACTIVE REPAIR MASK"},"content":{"rendered":"<p>Maske riparuese me Panthenol<br \/>\nREPAIR MK mask\u00ebristrukturon n\u00eb thel\u00ebsi flok\u00ebt e dob\u00ebt. Lereni t\u00eb veproj\u00eb p\u00ebr 5 ose 10 minuta dhe m\u00eb pas shp\u00eblaheni me uj\u00eb t\u00eb bollsh\u00ebm.<br \/>\nPa SLES \u2013 SLS<br \/>\nI testuar klinikisht dhe dermatologjikisht<br \/>\nPa Nickel, Cobalto, Cromo, Palladio, Mercurio dhe pa ngjyres<br \/>\n250 ml<br \/>\n500 m<\/p>\n","protected":false},"excerpt":{"rendered":"<p>Maske riparuese me Panthenol<br \/>\nREPAIR MK mask\u00ebristrukturon n\u00eb thel\u00ebsi flok\u00ebt e dob\u00ebt. Lereni t\u00eb veproj\u00eb p\u00ebr 5 ose 10 minuta dhe m\u00eb pas shp\u00eblaheni me uj\u00eb t\u00eb bollsh\u00ebm.<br \/>\nPa SLES \u2013 SLS<br \/>\nI testuar klinikisht dhe dermatologjikisht<br \/>\nPa Nickel, Cobalto, Cromo, Palladio, Mercurio dhe pa ngjyres<br \/>\n250 ml<br \/>\n500 m<\/p>\n","protected":false},"featured_media":5616,"comment_status":"open","ping_status":"closed","template":"","meta":[],"product_brand":[],"product_cat":[122],"product_tag":[],"class_list":{"0":"post-6310","1":"product","2":"type-product","3":"status-publish","4":"has-post-thumbnail","6":"product_cat-farmagan","8":"first","9":"instock","10":"shipping-taxable","11":"product-type-simple"},"_links":{"self":[{"href":"https:\/\/staging.megapharm.al\/index.php?rest_route=\/wp\/v2\/product\/6310","targetHints":{"allow":["GET"]}}],"collection":[{"href":"https:\/\/staging.megapharm.al\/index.php?rest_route=\/wp\/v2\/product"}],"about":[{"href":"https:\/\/staging.megapharm.al\/index.php?rest_route=\/wp\/v2\/types\/product"}],"replies":[{"embeddable":true,"href":"https:\/\/staging.megapharm.al\/index.php?rest_route=%2Fwp%2Fv2%2Fcomments&post=6310"}],"wp:featuredmedia":[{"embeddable":true,"href":"https:\/\/staging.megapharm.al\/index.php?rest_route=\/wp\/v2\/media\/5616"}],"wp:attachment":[{"href":"https:\/\/staging.megapharm.al\/index.php?rest_route=%2Fwp%2Fv2%2Fmedia&parent=6310"}],"wp:term":[{"taxonomy":"product_brand","embeddable":true,"href":"https:\/\/staging.megapharm.al\/index.php?rest_route=%2Fwp%2Fv2%2Fproduct_brand&post=6310"},{"taxonomy":"product_cat","embeddable":true,"href":"https:\/\/staging.megapharm.al\/index.php?rest_route=%2Fwp%2Fv2%2Fproduct_cat&post=6310"},{"taxonomy":"product_tag","embeddable":true,"href":"https:\/\/staging.megapharm.al\/index.php?rest_route=%2Fwp%2Fv2%2Fproduct_tag&post=6310"}],"curies":[{"name":"wp","href":"https:\/\/api.w.org\/{rel}","templated":true}]}}