{"id":6309,"date":"2021-01-24T10:35:40","date_gmt":"2021-01-24T10:35:40","guid":{"rendered":"http:\/\/staging.megapharm.al\/\/index.php\/product\/import-placeholder-for-2492\/"},"modified":"2021-01-24T10:35:46","modified_gmt":"2021-01-24T10:35:46","slug":"bioactive-elixir-rigjenerues","status":"publish","type":"product","link":"https:\/\/staging.megapharm.al\/?product=bioactive-elixir-rigjenerues","title":{"rendered":"BIOACTIVE  ELIXIR RIGJENERUES"},"content":{"rendered":"<p>Rigjeneruesi ELIXIR Repair .Trajtues me Panthenol p\u00ebr t\u00eb rritur efektin e shampos Bioactive ose mask\u00ebs,Lihet t\u00eb veproj\u00eb p\u00ebr 5-10 minuta dhe m\u00eb pas shp\u00eblahet me uj\u00eb t\u00eb bollsh\u00ebm.<br \/>\nPa SLES \u2013 SLS<br \/>\nI testuar klinikishte dhe dermatologjikisht<br \/>\nPa Nickel, Cobalto, Cromo, Palladio, Mercurio dhe pa ngjyryes<br \/>\n75 ml<\/p>\n","protected":false},"excerpt":{"rendered":"<p>Rigjeneruesi ELIXIR Repair .Trajtues me Panthenol p\u00ebr t\u00eb rritur efektin e shampos Bioactive ose mask\u00ebs,Lihet t\u00eb veproj\u00eb p\u00ebr 5-10 minuta dhe m\u00eb pas shp\u00eblahet me uj\u00eb t\u00eb bollsh\u00ebm.<br \/>\nPa SLES \u2013 SLS<br \/>\nI testuar klinikishte dhe dermatologjikisht<br \/>\nPa Nickel, Cobalto, Cromo, Palladio, Mercurio dhe pa ngjyryes<br \/>\n75 ml<\/p>\n","protected":false},"featured_media":5615,"comment_status":"open","ping_status":"closed","template":"","meta":[],"product_brand":[],"product_cat":[122],"product_tag":[],"class_list":{"0":"post-6309","1":"product","2":"type-product","3":"status-publish","4":"has-post-thumbnail","6":"product_cat-farmagan","8":"first","9":"instock","10":"shipping-taxable","11":"product-type-simple"},"_links":{"self":[{"href":"https:\/\/staging.megapharm.al\/index.php?rest_route=\/wp\/v2\/product\/6309","targetHints":{"allow":["GET"]}}],"collection":[{"href":"https:\/\/staging.megapharm.al\/index.php?rest_route=\/wp\/v2\/product"}],"about":[{"href":"https:\/\/staging.megapharm.al\/index.php?rest_route=\/wp\/v2\/types\/product"}],"replies":[{"embeddable":true,"href":"https:\/\/staging.megapharm.al\/index.php?rest_route=%2Fwp%2Fv2%2Fcomments&post=6309"}],"wp:featuredmedia":[{"embeddable":true,"href":"https:\/\/staging.megapharm.al\/index.php?rest_route=\/wp\/v2\/media\/5615"}],"wp:attachment":[{"href":"https:\/\/staging.megapharm.al\/index.php?rest_route=%2Fwp%2Fv2%2Fmedia&parent=6309"}],"wp:term":[{"taxonomy":"product_brand","embeddable":true,"href":"https:\/\/staging.megapharm.al\/index.php?rest_route=%2Fwp%2Fv2%2Fproduct_brand&post=6309"},{"taxonomy":"product_cat","embeddable":true,"href":"https:\/\/staging.megapharm.al\/index.php?rest_route=%2Fwp%2Fv2%2Fproduct_cat&post=6309"},{"taxonomy":"product_tag","embeddable":true,"href":"https:\/\/staging.megapharm.al\/index.php?rest_route=%2Fwp%2Fv2%2Fproduct_tag&post=6309"}],"curies":[{"name":"wp","href":"https:\/\/api.w.org\/{rel}","templated":true}]}}