{"id":6308,"date":"2021-01-24T10:35:40","date_gmt":"2021-01-24T10:35:40","guid":{"rendered":"http:\/\/staging.megapharm.al\/\/index.php\/product\/import-placeholder-for-2491\/"},"modified":"2021-01-24T10:35:46","modified_gmt":"2021-01-24T10:35:46","slug":"bioactive-repair-amp","status":"publish","type":"product","link":"https:\/\/staging.megapharm.al\/?product=bioactive-repair-amp","title":{"rendered":"BIOACTIVE  REPAIR AMP"},"content":{"rendered":"<p>Ampulat mineralizuese me Panthenol<br \/>\nLocion mineralizues me veprim ristrukturues,specifik p\u00ebr flok\u00eb t\u00eb dob\u00ebt, pa jet\u00eb dhe t\u00eb dekoloruar.<br \/>\nLereni t\u00eb veproj\u00eb p\u00ebr 5 ose 10 minuta dhe m\u00eb pas shp\u00eblaheni me uj\u00eb t\u00eb bollsh\u00ebm.<br \/>\nPa SLES \u2013 SLS<br \/>\nI testuar klinikishte dhe dermatologjikisht<br \/>\nPa Nickel, Cobalto, Cromo, Palladio, Mercurio dhe pa ngjyryes<br \/>\n10 ampula me nga 10 ml<\/p>\n","protected":false},"excerpt":{"rendered":"<p>Ampulat mineralizuese me Panthenol<br \/>\nLocion mineralizues me veprim ristrukturues,specifik p\u00ebr flok\u00eb t\u00eb dob\u00ebt, pa jet\u00eb dhe t\u00eb dekoloruar.<br \/>\nLereni t\u00eb veproj\u00eb p\u00ebr 5 ose 10 minuta dhe m\u00eb pas shp\u00eblaheni me uj\u00eb t\u00eb bollsh\u00ebm.<br \/>\nPa SLES \u2013 SLS<br \/>\nI testuar klinikishte dhe dermatologjikisht<br \/>\nPa Nickel, Cobalto, Cromo, Palladio, Mercurio dhe pa ngjyryes<br \/>\n10 ampula me nga 10 ml<\/p>\n","protected":false},"featured_media":5614,"comment_status":"open","ping_status":"closed","template":"","meta":[],"product_brand":[],"product_cat":[122],"product_tag":[],"class_list":{"0":"post-6308","1":"product","2":"type-product","3":"status-publish","4":"has-post-thumbnail","6":"product_cat-farmagan","8":"first","9":"instock","10":"shipping-taxable","11":"product-type-simple"},"_links":{"self":[{"href":"https:\/\/staging.megapharm.al\/index.php?rest_route=\/wp\/v2\/product\/6308","targetHints":{"allow":["GET"]}}],"collection":[{"href":"https:\/\/staging.megapharm.al\/index.php?rest_route=\/wp\/v2\/product"}],"about":[{"href":"https:\/\/staging.megapharm.al\/index.php?rest_route=\/wp\/v2\/types\/product"}],"replies":[{"embeddable":true,"href":"https:\/\/staging.megapharm.al\/index.php?rest_route=%2Fwp%2Fv2%2Fcomments&post=6308"}],"wp:featuredmedia":[{"embeddable":true,"href":"https:\/\/staging.megapharm.al\/index.php?rest_route=\/wp\/v2\/media\/5614"}],"wp:attachment":[{"href":"https:\/\/staging.megapharm.al\/index.php?rest_route=%2Fwp%2Fv2%2Fmedia&parent=6308"}],"wp:term":[{"taxonomy":"product_brand","embeddable":true,"href":"https:\/\/staging.megapharm.al\/index.php?rest_route=%2Fwp%2Fv2%2Fproduct_brand&post=6308"},{"taxonomy":"product_cat","embeddable":true,"href":"https:\/\/staging.megapharm.al\/index.php?rest_route=%2Fwp%2Fv2%2Fproduct_cat&post=6308"},{"taxonomy":"product_tag","embeddable":true,"href":"https:\/\/staging.megapharm.al\/index.php?rest_route=%2Fwp%2Fv2%2Fproduct_tag&post=6308"}],"curies":[{"name":"wp","href":"https:\/\/api.w.org\/{rel}","templated":true}]}}