{"id":6303,"date":"2021-01-24T10:35:39","date_gmt":"2021-01-24T10:35:39","guid":{"rendered":"http:\/\/staging.megapharm.al\/\/index.php\/product\/import-placeholder-for-2486\/"},"modified":"2024-10-22T14:46:55","modified_gmt":"2024-10-22T14:46:55","slug":"bioactive-hydra-mask","status":"publish","type":"product","link":"https:\/\/staging.megapharm.al\/?product=bioactive-hydra-mask","title":{"rendered":"BIOACTIVE  HYDRA MASK"},"content":{"rendered":"<p>Mask\u00eb ushqyese dhe hidratuese me acid hyaluronik.<br \/>\nRedukton dehidratimin.Pas larjes aplikohet nj\u00eb sasi e vog\u00ebl produkti dhe lihet te veproj\u00eb p\u00ebr 5-10 minuta dhe m\u00eb pas t\u00eb shp\u00eblahet me uj\u00eb t\u00eb bollsh\u00ebm.<br \/>\nPa SLES \u2013 SLS<br \/>\nI testuar klinikishte dhe dermatologjikisht<br \/>\nPa Nickel, Cobalto, Cromo, Palladio, Mercurio dhe pa ngjyrues.<br \/>\n250 ml<br \/>\n500 ml<\/p>\n","protected":false},"excerpt":{"rendered":"<p>Mask\u00eb ushqyese dhe hidratuese me acid hyaluronik.<br \/>\nRedukton dehidratimin.Pas larjes aplikohet nj\u00eb sasi e vog\u00ebl produkti dhe lihet te veproj\u00eb p\u00ebr 5-10 minuta dhe m\u00eb pas t\u00eb shp\u00eblahet me uj\u00eb t\u00eb bollsh\u00ebm.<br \/>\nPa SLES \u2013 SLS<br \/>\nI testuar klinikishte dhe dermatologjikisht<br \/>\nPa Nickel, Cobalto, Cromo, Palladio, Mercurio dhe pa ngjyrues.<br \/>\n250 ml<br \/>\n500 ml<\/p>\n","protected":false},"featured_media":5609,"comment_status":"open","ping_status":"closed","template":"","meta":[],"product_brand":[],"product_cat":[122],"product_tag":[],"class_list":{"0":"post-6303","1":"product","2":"type-product","3":"status-publish","4":"has-post-thumbnail","6":"product_cat-farmagan","8":"first","9":"instock","10":"shipping-taxable","11":"product-type-simple"},"_links":{"self":[{"href":"https:\/\/staging.megapharm.al\/index.php?rest_route=\/wp\/v2\/product\/6303","targetHints":{"allow":["GET"]}}],"collection":[{"href":"https:\/\/staging.megapharm.al\/index.php?rest_route=\/wp\/v2\/product"}],"about":[{"href":"https:\/\/staging.megapharm.al\/index.php?rest_route=\/wp\/v2\/types\/product"}],"replies":[{"embeddable":true,"href":"https:\/\/staging.megapharm.al\/index.php?rest_route=%2Fwp%2Fv2%2Fcomments&post=6303"}],"wp:featuredmedia":[{"embeddable":true,"href":"https:\/\/staging.megapharm.al\/index.php?rest_route=\/wp\/v2\/media\/5609"}],"wp:attachment":[{"href":"https:\/\/staging.megapharm.al\/index.php?rest_route=%2Fwp%2Fv2%2Fmedia&parent=6303"}],"wp:term":[{"taxonomy":"product_brand","embeddable":true,"href":"https:\/\/staging.megapharm.al\/index.php?rest_route=%2Fwp%2Fv2%2Fproduct_brand&post=6303"},{"taxonomy":"product_cat","embeddable":true,"href":"https:\/\/staging.megapharm.al\/index.php?rest_route=%2Fwp%2Fv2%2Fproduct_cat&post=6303"},{"taxonomy":"product_tag","embeddable":true,"href":"https:\/\/staging.megapharm.al\/index.php?rest_route=%2Fwp%2Fv2%2Fproduct_tag&post=6303"}],"curies":[{"name":"wp","href":"https:\/\/api.w.org\/{rel}","templated":true}]}}