{"id":6302,"date":"2021-01-24T10:35:39","date_gmt":"2021-01-24T10:35:39","guid":{"rendered":"http:\/\/staging.megapharm.al\/\/index.php\/product\/import-placeholder-for-2485\/"},"modified":"2021-01-24T10:35:45","modified_gmt":"2021-01-24T10:35:45","slug":"bioactive-hydra-shampoo","status":"publish","type":"product","link":"https:\/\/staging.megapharm.al\/?product=bioactive-hydra-shampoo","title":{"rendered":"BIOACTIVE HYDRA SHAMPOO"},"content":{"rendered":"<p>Shampo hidratuese me Acid hyaluronik.<br \/>\nHYDRA SH \u00ebsht\u00eb delicate dhe redukton dehidratimin e flok\u00ebve.<br \/>\nPa SLES \u2013 SLS<br \/>\nI testuar klinikishte dhe dermatologjikisht<br \/>\nPa Nickel, Cobalto, Cromo, Palladio, Mercurio dhe pa ngjyrues.<br \/>\n250 ml<br \/>\n1500 ml<\/p>\n","protected":false},"excerpt":{"rendered":"<p>Shampo hidratuese me Acid hyaluronik.<br \/>\nHYDRA SH \u00ebsht\u00eb delicate dhe redukton dehidratimin e flok\u00ebve.<br \/>\nPa SLES \u2013 SLS<br \/>\nI testuar klinikishte dhe dermatologjikisht<br \/>\nPa Nickel, Cobalto, Cromo, Palladio, Mercurio dhe pa ngjyrues.<br \/>\n250 ml<br \/>\n1500 ml<\/p>\n","protected":false},"featured_media":5608,"comment_status":"open","ping_status":"closed","template":"","meta":[],"product_brand":[],"product_cat":[122],"product_tag":[],"class_list":{"0":"post-6302","1":"product","2":"type-product","3":"status-publish","4":"has-post-thumbnail","6":"product_cat-farmagan","8":"first","9":"instock","10":"shipping-taxable","11":"product-type-simple"},"_links":{"self":[{"href":"https:\/\/staging.megapharm.al\/index.php?rest_route=\/wp\/v2\/product\/6302","targetHints":{"allow":["GET"]}}],"collection":[{"href":"https:\/\/staging.megapharm.al\/index.php?rest_route=\/wp\/v2\/product"}],"about":[{"href":"https:\/\/staging.megapharm.al\/index.php?rest_route=\/wp\/v2\/types\/product"}],"replies":[{"embeddable":true,"href":"https:\/\/staging.megapharm.al\/index.php?rest_route=%2Fwp%2Fv2%2Fcomments&post=6302"}],"wp:featuredmedia":[{"embeddable":true,"href":"https:\/\/staging.megapharm.al\/index.php?rest_route=\/wp\/v2\/media\/5608"}],"wp:attachment":[{"href":"https:\/\/staging.megapharm.al\/index.php?rest_route=%2Fwp%2Fv2%2Fmedia&parent=6302"}],"wp:term":[{"taxonomy":"product_brand","embeddable":true,"href":"https:\/\/staging.megapharm.al\/index.php?rest_route=%2Fwp%2Fv2%2Fproduct_brand&post=6302"},{"taxonomy":"product_cat","embeddable":true,"href":"https:\/\/staging.megapharm.al\/index.php?rest_route=%2Fwp%2Fv2%2Fproduct_cat&post=6302"},{"taxonomy":"product_tag","embeddable":true,"href":"https:\/\/staging.megapharm.al\/index.php?rest_route=%2Fwp%2Fv2%2Fproduct_tag&post=6302"}],"curies":[{"name":"wp","href":"https:\/\/api.w.org\/{rel}","templated":true}]}}