{"id":6285,"date":"2021-01-24T10:35:36","date_gmt":"2021-01-24T10:35:36","guid":{"rendered":"http:\/\/staging.megapharm.al\/\/index.php\/product\/import-placeholder-for-2400\/"},"modified":"2021-01-24T10:35:41","modified_gmt":"2021-01-24T10:35:41","slug":"maske-peel-off-ngrohese-me-haviar-30-g","status":"publish","type":"product","link":"https:\/\/staging.megapharm.al\/?product=maske-peel-off-ngrohese-me-haviar-30-g","title":{"rendered":"Maske Peel off ngrohese me haviar 30 g"},"content":{"rendered":"<p>P\u00ebrb\u00ebr\u00ebsit: Haviar, align.<\/p>\n<p>P\u00ebrdorimi: P\u00ebrziheni 30ml pluhur me 90 ml uj\u00eb t\u00eb vak\u00ebt deri n\u00eb formimin e nj\u00eb paste. Aplikojeni n\u00eb fytyre qaf\u00eb\u00a0 dhe dekolte. Lereni t\u00eb veproj\u00eb p\u00ebr t\u00eb pakt\u00ebn 15 minuta. Largoni m\u00eb pas mask\u00ebn nga fytyra.Mbetjet mund ti largoni me nj\u00eb tonik.<\/p>\n","protected":false},"excerpt":{"rendered":"<p>P\u00ebrb\u00ebr\u00ebsit: Haviar, align.<\/p>\n<p>P\u00ebrdorimi: P\u00ebrziheni 30ml pluhur me 90 ml uj\u00eb t\u00eb vak\u00ebt deri n\u00eb formimin e nj\u00eb paste. Aplikojeni n\u00eb fytyre qaf\u00eb\u00a0 dhe dekolte. Lereni t\u00eb veproj\u00eb p\u00ebr t\u00eb pakt\u00ebn 15 minuta. Largoni m\u00eb pas mask\u00ebn nga fytyra.Mbetjet mund ti largoni me nj\u00eb tonik.<\/p>\n","protected":false},"featured_media":5595,"comment_status":"open","ping_status":"closed","template":"","meta":[],"product_brand":[],"product_cat":[126],"product_tag":[],"class_list":{"0":"post-6285","1":"product","2":"type-product","3":"status-publish","4":"has-post-thumbnail","6":"product_cat-dermastir","8":"first","9":"instock","10":"shipping-taxable","11":"product-type-simple"},"_links":{"self":[{"href":"https:\/\/staging.megapharm.al\/index.php?rest_route=\/wp\/v2\/product\/6285","targetHints":{"allow":["GET"]}}],"collection":[{"href":"https:\/\/staging.megapharm.al\/index.php?rest_route=\/wp\/v2\/product"}],"about":[{"href":"https:\/\/staging.megapharm.al\/index.php?rest_route=\/wp\/v2\/types\/product"}],"replies":[{"embeddable":true,"href":"https:\/\/staging.megapharm.al\/index.php?rest_route=%2Fwp%2Fv2%2Fcomments&post=6285"}],"wp:featuredmedia":[{"embeddable":true,"href":"https:\/\/staging.megapharm.al\/index.php?rest_route=\/wp\/v2\/media\/5595"}],"wp:attachment":[{"href":"https:\/\/staging.megapharm.al\/index.php?rest_route=%2Fwp%2Fv2%2Fmedia&parent=6285"}],"wp:term":[{"taxonomy":"product_brand","embeddable":true,"href":"https:\/\/staging.megapharm.al\/index.php?rest_route=%2Fwp%2Fv2%2Fproduct_brand&post=6285"},{"taxonomy":"product_cat","embeddable":true,"href":"https:\/\/staging.megapharm.al\/index.php?rest_route=%2Fwp%2Fv2%2Fproduct_cat&post=6285"},{"taxonomy":"product_tag","embeddable":true,"href":"https:\/\/staging.megapharm.al\/index.php?rest_route=%2Fwp%2Fv2%2Fproduct_tag&post=6285"}],"curies":[{"name":"wp","href":"https:\/\/api.w.org\/{rel}","templated":true}]}}