{"id":6272,"date":"2021-01-24T10:35:25","date_gmt":"2021-01-24T10:35:25","guid":{"rendered":"http:\/\/staging.megapharm.al\/\/index.php\/product\/import-placeholder-for-2387\/"},"modified":"2021-01-24T10:35:32","modified_gmt":"2021-01-24T10:35:32","slug":"dermastir-twister-serum-me-retinol-50-cps","status":"publish","type":"product","link":"https:\/\/staging.megapharm.al\/?product=dermastir-twister-serum-me-retinol-50-cps","title":{"rendered":"DERMASTIR TWISTER serum me retinol      50 cps"},"content":{"rendered":"<p>Serum antimosh\u00eb n\u00eb form\u00eb kapsule nj\u00ebp\u00ebrdorimeshe me retinol dhe skualan.<\/p>\n<p>P\u00ebrb\u00ebr\u00ebsit:\u00a0 retinol(vitamin A), skualan, caj\u00a0 ibardhe,<\/p>\n<p>P\u00ebrdorimi: Kepusni kapsul\u00ebn dhe aplikoheni me masazh n\u00eb fytyr\u00eb n\u00eb dark\u00eb.<\/p>\n","protected":false},"excerpt":{"rendered":"<p>Serum antimosh\u00eb n\u00eb form\u00eb kapsule nj\u00ebp\u00ebrdorimeshe me retinol dhe skualan.<\/p>\n<p>P\u00ebrb\u00ebr\u00ebsit:\u00a0 retinol(vitamin A), skualan, caj\u00a0 ibardhe,<\/p>\n<p>P\u00ebrdorimi: Kepusni kapsul\u00ebn dhe aplikoheni me masazh n\u00eb fytyr\u00eb n\u00eb dark\u00eb.<\/p>\n","protected":false},"featured_media":5582,"comment_status":"open","ping_status":"closed","template":"","meta":[],"product_brand":[],"product_cat":[126],"product_tag":[],"class_list":{"0":"post-6272","1":"product","2":"type-product","3":"status-publish","4":"has-post-thumbnail","6":"product_cat-dermastir","8":"first","9":"instock","10":"shipping-taxable","11":"product-type-simple"},"_links":{"self":[{"href":"https:\/\/staging.megapharm.al\/index.php?rest_route=\/wp\/v2\/product\/6272","targetHints":{"allow":["GET"]}}],"collection":[{"href":"https:\/\/staging.megapharm.al\/index.php?rest_route=\/wp\/v2\/product"}],"about":[{"href":"https:\/\/staging.megapharm.al\/index.php?rest_route=\/wp\/v2\/types\/product"}],"replies":[{"embeddable":true,"href":"https:\/\/staging.megapharm.al\/index.php?rest_route=%2Fwp%2Fv2%2Fcomments&post=6272"}],"wp:featuredmedia":[{"embeddable":true,"href":"https:\/\/staging.megapharm.al\/index.php?rest_route=\/wp\/v2\/media\/5582"}],"wp:attachment":[{"href":"https:\/\/staging.megapharm.al\/index.php?rest_route=%2Fwp%2Fv2%2Fmedia&parent=6272"}],"wp:term":[{"taxonomy":"product_brand","embeddable":true,"href":"https:\/\/staging.megapharm.al\/index.php?rest_route=%2Fwp%2Fv2%2Fproduct_brand&post=6272"},{"taxonomy":"product_cat","embeddable":true,"href":"https:\/\/staging.megapharm.al\/index.php?rest_route=%2Fwp%2Fv2%2Fproduct_cat&post=6272"},{"taxonomy":"product_tag","embeddable":true,"href":"https:\/\/staging.megapharm.al\/index.php?rest_route=%2Fwp%2Fv2%2Fproduct_tag&post=6272"}],"curies":[{"name":"wp","href":"https:\/\/api.w.org\/{rel}","templated":true}]}}