{"id":6270,"date":"2021-01-24T10:35:25","date_gmt":"2021-01-24T10:35:25","guid":{"rendered":"http:\/\/staging.megapharm.al\/\/index.php\/product\/import-placeholder-for-2385\/"},"modified":"2024-10-23T13:47:29","modified_gmt":"2024-10-23T13:47:29","slug":"dermastir-twister-serum-me-coenzime-q10-50-cps","status":"publish","type":"product","link":"https:\/\/staging.megapharm.al\/?product=dermastir-twister-serum-me-coenzime-q10-50-cps","title":{"rendered":"DERMASTIR TWISTER serum me Coenzime Q10      50 cps"},"content":{"rendered":"<p>Serum antimoshe n\u00eb form\u00eb kapsule nj\u00ebp\u00ebrdorimeshe me koenzim\u00eb Q10 p\u00ebr fytyr\u00ebn .<\/p>\n<p>Veprim antioksidant dhe energjizues I l\u00ebkur\u00ebs..<\/p>\n<p>Pe\u00ebb\u00ebr\u00ebsit: Koenzime Q10<\/p>\n<p>P\u00ebrdorimi: K\u00ebpusni kapsul\u00ebn dhe aplikoheni me masazh n\u00eb fytyr\u00eb nj\u00eb her\u00eb n\u00eb dit\u00eb.<\/p>\n","protected":false},"excerpt":{"rendered":"<p>Serum antimoshe n\u00eb form\u00eb kapsule nj\u00ebp\u00ebrdorimeshe me koenzim\u00eb Q10 p\u00ebr fytyr\u00ebn .<\/p>\n<p>Veprim antioksidant dhe energjizues I l\u00ebkur\u00ebs..<\/p>\n<p>Pe\u00ebb\u00ebr\u00ebsit: Koenzime Q10<\/p>\n<p>P\u00ebrdorimi: K\u00ebpusni kapsul\u00ebn dhe aplikoheni me masazh n\u00eb fytyr\u00eb nj\u00eb her\u00eb n\u00eb dit\u00eb.<\/p>\n","protected":false},"featured_media":5580,"comment_status":"open","ping_status":"closed","template":"","meta":[],"product_brand":[],"product_cat":[126],"product_tag":[],"class_list":{"0":"post-6270","1":"product","2":"type-product","3":"status-publish","4":"has-post-thumbnail","6":"product_cat-dermastir","8":"first","9":"instock","10":"shipping-taxable","11":"product-type-simple"},"_links":{"self":[{"href":"https:\/\/staging.megapharm.al\/index.php?rest_route=\/wp\/v2\/product\/6270","targetHints":{"allow":["GET"]}}],"collection":[{"href":"https:\/\/staging.megapharm.al\/index.php?rest_route=\/wp\/v2\/product"}],"about":[{"href":"https:\/\/staging.megapharm.al\/index.php?rest_route=\/wp\/v2\/types\/product"}],"replies":[{"embeddable":true,"href":"https:\/\/staging.megapharm.al\/index.php?rest_route=%2Fwp%2Fv2%2Fcomments&post=6270"}],"wp:featuredmedia":[{"embeddable":true,"href":"https:\/\/staging.megapharm.al\/index.php?rest_route=\/wp\/v2\/media\/5580"}],"wp:attachment":[{"href":"https:\/\/staging.megapharm.al\/index.php?rest_route=%2Fwp%2Fv2%2Fmedia&parent=6270"}],"wp:term":[{"taxonomy":"product_brand","embeddable":true,"href":"https:\/\/staging.megapharm.al\/index.php?rest_route=%2Fwp%2Fv2%2Fproduct_brand&post=6270"},{"taxonomy":"product_cat","embeddable":true,"href":"https:\/\/staging.megapharm.al\/index.php?rest_route=%2Fwp%2Fv2%2Fproduct_cat&post=6270"},{"taxonomy":"product_tag","embeddable":true,"href":"https:\/\/staging.megapharm.al\/index.php?rest_route=%2Fwp%2Fv2%2Fproduct_tag&post=6270"}],"curies":[{"name":"wp","href":"https:\/\/api.w.org\/{rel}","templated":true}]}}