{"id":6268,"date":"2021-01-24T10:35:25","date_gmt":"2021-01-24T10:35:25","guid":{"rendered":"http:\/\/staging.megapharm.al\/\/index.php\/product\/import-placeholder-for-2383\/"},"modified":"2021-01-24T10:35:31","modified_gmt":"2021-01-24T10:35:31","slug":"dermastir-twister-serum-per-konturin-e-syve60cps","status":"publish","type":"product","link":"https:\/\/staging.megapharm.al\/?product=dermastir-twister-serum-per-konturin-e-syve60cps","title":{"rendered":"DERMASTIR TWISTER serum per konturin e syve60cps"},"content":{"rendered":"<p>Serum p\u00ebr konturin e syve 60cps<\/p>\n<p>Serum antimosh\u00eb n\u00eb form\u00eb kapsule nj\u00ebp\u00ebrdorimeshe\u00a0 p\u00ebr zon\u00ebn p\u00ebrreth syve. Zbut rrudhat, i jep l\u00ebkures elasticitet.<\/p>\n<p>P\u00ebrb\u00ebr\u00ebsit: Alge kafe padina pavonica.<\/p>\n<p>P\u00ebrdorimi: K\u00ebpusni kapsul\u00ebn dhe\u00a0 aplikoheni me masazh n\u00eb zon\u00ebn p\u00ebrreth syve.<\/p>\n","protected":false},"excerpt":{"rendered":"<p>Serum p\u00ebr konturin e syve 60cps<\/p>\n<p>Serum antimosh\u00eb n\u00eb form\u00eb kapsule nj\u00ebp\u00ebrdorimeshe\u00a0 p\u00ebr zon\u00ebn p\u00ebrreth syve. Zbut rrudhat, i jep l\u00ebkures elasticitet.<\/p>\n<p>P\u00ebrb\u00ebr\u00ebsit: Alge kafe padina pavonica.<\/p>\n<p>P\u00ebrdorimi: K\u00ebpusni kapsul\u00ebn dhe\u00a0 aplikoheni me masazh n\u00eb zon\u00ebn p\u00ebrreth syve.<\/p>\n","protected":false},"featured_media":5578,"comment_status":"open","ping_status":"closed","template":"","meta":[],"product_brand":[],"product_cat":[126],"product_tag":[],"class_list":{"0":"post-6268","1":"product","2":"type-product","3":"status-publish","4":"has-post-thumbnail","6":"product_cat-dermastir","8":"first","9":"instock","10":"shipping-taxable","11":"product-type-simple"},"_links":{"self":[{"href":"https:\/\/staging.megapharm.al\/index.php?rest_route=\/wp\/v2\/product\/6268","targetHints":{"allow":["GET"]}}],"collection":[{"href":"https:\/\/staging.megapharm.al\/index.php?rest_route=\/wp\/v2\/product"}],"about":[{"href":"https:\/\/staging.megapharm.al\/index.php?rest_route=\/wp\/v2\/types\/product"}],"replies":[{"embeddable":true,"href":"https:\/\/staging.megapharm.al\/index.php?rest_route=%2Fwp%2Fv2%2Fcomments&post=6268"}],"wp:featuredmedia":[{"embeddable":true,"href":"https:\/\/staging.megapharm.al\/index.php?rest_route=\/wp\/v2\/media\/5578"}],"wp:attachment":[{"href":"https:\/\/staging.megapharm.al\/index.php?rest_route=%2Fwp%2Fv2%2Fmedia&parent=6268"}],"wp:term":[{"taxonomy":"product_brand","embeddable":true,"href":"https:\/\/staging.megapharm.al\/index.php?rest_route=%2Fwp%2Fv2%2Fproduct_brand&post=6268"},{"taxonomy":"product_cat","embeddable":true,"href":"https:\/\/staging.megapharm.al\/index.php?rest_route=%2Fwp%2Fv2%2Fproduct_cat&post=6268"},{"taxonomy":"product_tag","embeddable":true,"href":"https:\/\/staging.megapharm.al\/index.php?rest_route=%2Fwp%2Fv2%2Fproduct_tag&post=6268"}],"curies":[{"name":"wp","href":"https:\/\/api.w.org\/{rel}","templated":true}]}}