{"id":6132,"date":"2021-01-24T10:34:20","date_gmt":"2021-01-24T10:34:20","guid":{"rendered":"http:\/\/staging.megapharm.al\/\/index.php\/product\/import-placeholder-for-2064\/"},"modified":"2021-01-24T10:34:27","modified_gmt":"2021-01-24T10:34:27","slug":"bcn-heal","status":"publish","type":"product","link":"https:\/\/staging.megapharm.al\/?product=bcn-heal","title":{"rendered":"BCN HEAL"},"content":{"rendered":"<p>Krem rigjenerues p\u00ebr pas procedurave estetike t\u00eb cilat d\u00ebmtojn\u00eb l\u00ebkur\u00ebn.<br \/>\nP\u00ebrdorimi: Apliko 2-3 her\u00eb gjat\u00eb dit\u00ebs.<br \/>\nSasia: 35 ml<\/p>\n","protected":false},"excerpt":{"rendered":"<p>Krem rigjenerues p\u00ebr pas procedurave estetike t\u00eb cilat d\u00ebmtojn\u00eb l\u00ebkur\u00ebn.<br \/>\nP\u00ebrdorimi: Apliko 2-3 her\u00eb gjat\u00eb dit\u00ebs.<br \/>\nSasia: 35 ml<\/p>\n","protected":false},"featured_media":5446,"comment_status":"open","ping_status":"closed","template":"","meta":[],"product_brand":[],"product_cat":[129],"product_tag":[],"class_list":{"0":"post-6132","1":"product","2":"type-product","3":"status-publish","4":"has-post-thumbnail","6":"product_cat-institute-bcn","8":"first","9":"instock","10":"shipping-taxable","11":"product-type-simple"},"_links":{"self":[{"href":"https:\/\/staging.megapharm.al\/index.php?rest_route=\/wp\/v2\/product\/6132","targetHints":{"allow":["GET"]}}],"collection":[{"href":"https:\/\/staging.megapharm.al\/index.php?rest_route=\/wp\/v2\/product"}],"about":[{"href":"https:\/\/staging.megapharm.al\/index.php?rest_route=\/wp\/v2\/types\/product"}],"replies":[{"embeddable":true,"href":"https:\/\/staging.megapharm.al\/index.php?rest_route=%2Fwp%2Fv2%2Fcomments&post=6132"}],"wp:featuredmedia":[{"embeddable":true,"href":"https:\/\/staging.megapharm.al\/index.php?rest_route=\/wp\/v2\/media\/5446"}],"wp:attachment":[{"href":"https:\/\/staging.megapharm.al\/index.php?rest_route=%2Fwp%2Fv2%2Fmedia&parent=6132"}],"wp:term":[{"taxonomy":"product_brand","embeddable":true,"href":"https:\/\/staging.megapharm.al\/index.php?rest_route=%2Fwp%2Fv2%2Fproduct_brand&post=6132"},{"taxonomy":"product_cat","embeddable":true,"href":"https:\/\/staging.megapharm.al\/index.php?rest_route=%2Fwp%2Fv2%2Fproduct_cat&post=6132"},{"taxonomy":"product_tag","embeddable":true,"href":"https:\/\/staging.megapharm.al\/index.php?rest_route=%2Fwp%2Fv2%2Fproduct_tag&post=6132"}],"curies":[{"name":"wp","href":"https:\/\/api.w.org\/{rel}","templated":true}]}}