{"id":6104,"date":"2021-01-24T10:34:16","date_gmt":"2021-01-24T10:34:16","guid":{"rendered":"http:\/\/staging.megapharm.al\/\/index.php\/product\/import-placeholder-for-2036\/"},"modified":"2021-01-24T10:34:21","modified_gmt":"2021-01-24T10:34:21","slug":"bcn-glutathione-600-mg","status":"publish","type":"product","link":"https:\/\/staging.megapharm.al\/?product=bcn-glutathione-600-mg","title":{"rendered":"BCN GLUTATHIONE 600 MG"},"content":{"rendered":"<p>Serum anti-oksidant p\u00ebr mesoterapi dhe microneedling.<br \/>\nP\u00ebrdorimi: apliko n\u00eb lekur\u00eb t\u00eb past\u00ebr dhe t\u00eb that\u00eb, masazhoje deri n\u00eb absorbim t\u00eb plot\u00eb.<br \/>\nSasia: Kuti me 5 amp*5ml<\/p>\n","protected":false},"excerpt":{"rendered":"<p>Serum anti-oksidant p\u00ebr mesoterapi dhe microneedling.<br \/>\nP\u00ebrdorimi: apliko n\u00eb lekur\u00eb t\u00eb past\u00ebr dhe t\u00eb that\u00eb, masazhoje deri n\u00eb absorbim t\u00eb plot\u00eb.<br \/>\nSasia: Kuti me 5 amp*5ml<\/p>\n","protected":false},"featured_media":5418,"comment_status":"open","ping_status":"closed","template":"","meta":[],"product_brand":[],"product_cat":[129],"product_tag":[],"class_list":{"0":"post-6104","1":"product","2":"type-product","3":"status-publish","4":"has-post-thumbnail","6":"product_cat-institute-bcn","8":"first","9":"instock","10":"shipping-taxable","11":"product-type-simple"},"_links":{"self":[{"href":"https:\/\/staging.megapharm.al\/index.php?rest_route=\/wp\/v2\/product\/6104","targetHints":{"allow":["GET"]}}],"collection":[{"href":"https:\/\/staging.megapharm.al\/index.php?rest_route=\/wp\/v2\/product"}],"about":[{"href":"https:\/\/staging.megapharm.al\/index.php?rest_route=\/wp\/v2\/types\/product"}],"replies":[{"embeddable":true,"href":"https:\/\/staging.megapharm.al\/index.php?rest_route=%2Fwp%2Fv2%2Fcomments&post=6104"}],"wp:featuredmedia":[{"embeddable":true,"href":"https:\/\/staging.megapharm.al\/index.php?rest_route=\/wp\/v2\/media\/5418"}],"wp:attachment":[{"href":"https:\/\/staging.megapharm.al\/index.php?rest_route=%2Fwp%2Fv2%2Fmedia&parent=6104"}],"wp:term":[{"taxonomy":"product_brand","embeddable":true,"href":"https:\/\/staging.megapharm.al\/index.php?rest_route=%2Fwp%2Fv2%2Fproduct_brand&post=6104"},{"taxonomy":"product_cat","embeddable":true,"href":"https:\/\/staging.megapharm.al\/index.php?rest_route=%2Fwp%2Fv2%2Fproduct_cat&post=6104"},{"taxonomy":"product_tag","embeddable":true,"href":"https:\/\/staging.megapharm.al\/index.php?rest_route=%2Fwp%2Fv2%2Fproduct_tag&post=6104"}],"curies":[{"name":"wp","href":"https:\/\/api.w.org\/{rel}","templated":true}]}}