{"id":6095,"date":"2021-01-24T10:34:03","date_gmt":"2021-01-24T10:34:03","guid":{"rendered":"http:\/\/staging.megapharm.al\/\/index.php\/product\/import-placeholder-for-2027\/"},"modified":"2021-01-24T10:34:12","modified_gmt":"2021-01-24T10:34:12","slug":"bcn-argireline","status":"publish","type":"product","link":"https:\/\/staging.megapharm.al\/?product=bcn-argireline","title":{"rendered":"BCN ARGIRELINE"},"content":{"rendered":"<p>Serum antiage p\u00ebr rrudhat e ekspresionit p\u00ebr mesoterapi dhe microneedling.<br \/>\nP\u00ebrdorimi: apliko n\u00eb l\u00ebkur\u00eb t\u00eb past\u00ebr dhe t\u00eb that\u00eb, masazhoje deri n\u00eb absorbim t\u00eb plot\u00eb.<br \/>\nSasia: Kuti me 10 amp*2 ml<\/p>\n","protected":false},"excerpt":{"rendered":"<p>Serum antiage p\u00ebr rrudhat e ekspresionit p\u00ebr mesoterapi dhe microneedling.<br \/>\nP\u00ebrdorimi: apliko n\u00eb l\u00ebkur\u00eb t\u00eb past\u00ebr dhe t\u00eb that\u00eb, masazhoje deri n\u00eb absorbim t\u00eb plot\u00eb.<br \/>\nSasia: Kuti me 10 amp*2 ml<\/p>\n","protected":false},"featured_media":5409,"comment_status":"open","ping_status":"closed","template":"","meta":[],"product_brand":[],"product_cat":[129],"product_tag":[],"class_list":{"0":"post-6095","1":"product","2":"type-product","3":"status-publish","4":"has-post-thumbnail","6":"product_cat-institute-bcn","8":"first","9":"instock","10":"shipping-taxable","11":"product-type-simple"},"_links":{"self":[{"href":"https:\/\/staging.megapharm.al\/index.php?rest_route=\/wp\/v2\/product\/6095","targetHints":{"allow":["GET"]}}],"collection":[{"href":"https:\/\/staging.megapharm.al\/index.php?rest_route=\/wp\/v2\/product"}],"about":[{"href":"https:\/\/staging.megapharm.al\/index.php?rest_route=\/wp\/v2\/types\/product"}],"replies":[{"embeddable":true,"href":"https:\/\/staging.megapharm.al\/index.php?rest_route=%2Fwp%2Fv2%2Fcomments&post=6095"}],"wp:featuredmedia":[{"embeddable":true,"href":"https:\/\/staging.megapharm.al\/index.php?rest_route=\/wp\/v2\/media\/5409"}],"wp:attachment":[{"href":"https:\/\/staging.megapharm.al\/index.php?rest_route=%2Fwp%2Fv2%2Fmedia&parent=6095"}],"wp:term":[{"taxonomy":"product_brand","embeddable":true,"href":"https:\/\/staging.megapharm.al\/index.php?rest_route=%2Fwp%2Fv2%2Fproduct_brand&post=6095"},{"taxonomy":"product_cat","embeddable":true,"href":"https:\/\/staging.megapharm.al\/index.php?rest_route=%2Fwp%2Fv2%2Fproduct_cat&post=6095"},{"taxonomy":"product_tag","embeddable":true,"href":"https:\/\/staging.megapharm.al\/index.php?rest_route=%2Fwp%2Fv2%2Fproduct_tag&post=6095"}],"curies":[{"name":"wp","href":"https:\/\/api.w.org\/{rel}","templated":true}]}}