{"id":6077,"date":"2021-01-24T10:34:00","date_gmt":"2021-01-24T10:34:00","guid":{"rendered":"http:\/\/staging.megapharm.al\/\/index.php\/product\/import-placeholder-for-1962\/"},"modified":"2021-01-24T10:34:07","modified_gmt":"2021-01-24T10:34:07","slug":"aesthetico-whitening-solution","status":"publish","type":"product","link":"https:\/\/staging.megapharm.al\/?product=aesthetico-whitening-solution","title":{"rendered":"AESTHETICO  WHITENING SOLUTION"},"content":{"rendered":"<p>Whitening Solution \u00ebsht\u00eb nj\u00eb serum n\u00eb forme xheli p\u00ebr zbardhjen e l\u00ebkur\u00ebs s\u00eb hiperpigmentuar dhe me njolla. I p\u00ebrb\u00ebr\u00eb nga kombinimi i Vitamin\u00ebs C dhe ekstrakte unike bimore b\u00ebjn\u00eb t\u00eb mundur mbrojtjen e l\u00ebkur\u00ebs nga stresi oksidativ dhe zbardhjen e saj. N\u00eb t\u00eb nj\u00ebjt\u00ebn kohe ky serum mbron dhe ushqen l\u00ebkur\u00ebn.<br \/>\nP\u00ebrdorimi: 1-2 her\u00eb n\u00eb dite vet\u00ebm mbi njoll\u00ebn kafe.<br \/>\nSasia: 30ml<\/p>\n","protected":false},"excerpt":{"rendered":"<p>Whitening Solution \u00ebsht\u00eb nj\u00eb serum n\u00eb forme xheli p\u00ebr zbardhjen e l\u00ebkur\u00ebs s\u00eb hiperpigmentuar dhe me njolla. I p\u00ebrb\u00ebr\u00eb nga kombinimi i Vitamin\u00ebs C dhe ekstrakte unike bimore b\u00ebjn\u00eb t\u00eb mundur mbrojtjen e l\u00ebkur\u00ebs nga stresi oksidativ dhe zbardhjen e saj. N\u00eb t\u00eb nj\u00ebjt\u00ebn kohe ky serum mbron dhe ushqen l\u00ebkur\u00ebn.<br \/>\nP\u00ebrdorimi: 1-2 her\u00eb n\u00eb dite vet\u00ebm mbi njoll\u00ebn kafe.<br \/>\nSasia: 30ml<\/p>\n","protected":false},"featured_media":5391,"comment_status":"open","ping_status":"closed","template":"","meta":[],"product_brand":[],"product_cat":[86],"product_tag":[],"class_list":{"0":"post-6077","1":"product","2":"type-product","3":"status-publish","4":"has-post-thumbnail","6":"product_cat-aesthetico","8":"first","9":"instock","10":"shipping-taxable","11":"product-type-simple"},"_links":{"self":[{"href":"https:\/\/staging.megapharm.al\/index.php?rest_route=\/wp\/v2\/product\/6077","targetHints":{"allow":["GET"]}}],"collection":[{"href":"https:\/\/staging.megapharm.al\/index.php?rest_route=\/wp\/v2\/product"}],"about":[{"href":"https:\/\/staging.megapharm.al\/index.php?rest_route=\/wp\/v2\/types\/product"}],"replies":[{"embeddable":true,"href":"https:\/\/staging.megapharm.al\/index.php?rest_route=%2Fwp%2Fv2%2Fcomments&post=6077"}],"wp:featuredmedia":[{"embeddable":true,"href":"https:\/\/staging.megapharm.al\/index.php?rest_route=\/wp\/v2\/media\/5391"}],"wp:attachment":[{"href":"https:\/\/staging.megapharm.al\/index.php?rest_route=%2Fwp%2Fv2%2Fmedia&parent=6077"}],"wp:term":[{"taxonomy":"product_brand","embeddable":true,"href":"https:\/\/staging.megapharm.al\/index.php?rest_route=%2Fwp%2Fv2%2Fproduct_brand&post=6077"},{"taxonomy":"product_cat","embeddable":true,"href":"https:\/\/staging.megapharm.al\/index.php?rest_route=%2Fwp%2Fv2%2Fproduct_cat&post=6077"},{"taxonomy":"product_tag","embeddable":true,"href":"https:\/\/staging.megapharm.al\/index.php?rest_route=%2Fwp%2Fv2%2Fproduct_tag&post=6077"}],"curies":[{"name":"wp","href":"https:\/\/api.w.org\/{rel}","templated":true}]}}