{"id":6063,"date":"2021-01-24T10:33:48","date_gmt":"2021-01-24T10:33:48","guid":{"rendered":"http:\/\/staging.megapharm.al\/\/index.php\/product\/import-placeholder-for-1948\/"},"modified":"2021-01-24T10:33:56","modified_gmt":"2021-01-24T10:33:56","slug":"aesthetico-clarify-skin","status":"publish","type":"product","link":"https:\/\/staging.megapharm.al\/?product=aesthetico-clarify-skin","title":{"rendered":"AESTHETICO CLARIFY SKIN"},"content":{"rendered":"<p>Xhel krem p\u00ebr l\u00ebkura mikse dhe t\u00eb dehidratura si pasoj\u00eb e trajtimeve t\u00eb ndryshme. Vaji i Canolas, pantenoli dhe vitamina E ushqejn\u00eb dhe relaksojn\u00eb l\u00ebkur\u00ebn. Ideal p\u00ebr trajtime post-laser ose post- peeling.<br \/>\nP\u00ebrdorimi: Aplikohet n\u00eb l\u00ebkur\u00eb t\u00eb past\u00ebr 1- 2 her\u00eb n\u00eb dit\u00eb.<br \/>\nSasia 50 ml<\/p>\n","protected":false},"excerpt":{"rendered":"<p>Xhel krem p\u00ebr l\u00ebkura mikse dhe t\u00eb dehidratura si pasoj\u00eb e trajtimeve t\u00eb ndryshme. Vaji i Canolas, pantenoli dhe vitamina E ushqejn\u00eb dhe relaksojn\u00eb l\u00ebkur\u00ebn. Ideal p\u00ebr trajtime post-laser ose post- peeling.<br \/>\nP\u00ebrdorimi: Aplikohet n\u00eb l\u00ebkur\u00eb t\u00eb past\u00ebr 1- 2 her\u00eb n\u00eb dit\u00eb.<br \/>\nSasia 50 ml<\/p>\n","protected":false},"featured_media":5377,"comment_status":"open","ping_status":"closed","template":"","meta":[],"product_brand":[],"product_cat":[86],"product_tag":[],"class_list":{"0":"post-6063","1":"product","2":"type-product","3":"status-publish","4":"has-post-thumbnail","6":"product_cat-aesthetico","8":"first","9":"instock","10":"shipping-taxable","11":"product-type-simple"},"_links":{"self":[{"href":"https:\/\/staging.megapharm.al\/index.php?rest_route=\/wp\/v2\/product\/6063","targetHints":{"allow":["GET"]}}],"collection":[{"href":"https:\/\/staging.megapharm.al\/index.php?rest_route=\/wp\/v2\/product"}],"about":[{"href":"https:\/\/staging.megapharm.al\/index.php?rest_route=\/wp\/v2\/types\/product"}],"replies":[{"embeddable":true,"href":"https:\/\/staging.megapharm.al\/index.php?rest_route=%2Fwp%2Fv2%2Fcomments&post=6063"}],"wp:featuredmedia":[{"embeddable":true,"href":"https:\/\/staging.megapharm.al\/index.php?rest_route=\/wp\/v2\/media\/5377"}],"wp:attachment":[{"href":"https:\/\/staging.megapharm.al\/index.php?rest_route=%2Fwp%2Fv2%2Fmedia&parent=6063"}],"wp:term":[{"taxonomy":"product_brand","embeddable":true,"href":"https:\/\/staging.megapharm.al\/index.php?rest_route=%2Fwp%2Fv2%2Fproduct_brand&post=6063"},{"taxonomy":"product_cat","embeddable":true,"href":"https:\/\/staging.megapharm.al\/index.php?rest_route=%2Fwp%2Fv2%2Fproduct_cat&post=6063"},{"taxonomy":"product_tag","embeddable":true,"href":"https:\/\/staging.megapharm.al\/index.php?rest_route=%2Fwp%2Fv2%2Fproduct_tag&post=6063"}],"curies":[{"name":"wp","href":"https:\/\/api.w.org\/{rel}","templated":true}]}}