{"id":6022,"date":"2021-01-24T10:33:34","date_gmt":"2021-01-24T10:33:34","guid":{"rendered":"http:\/\/staging.megapharm.al\/\/index.php\/product\/import-placeholder-for-1904\/"},"modified":"2021-01-24T10:33:39","modified_gmt":"2021-01-24T10:33:39","slug":"black-garlic","status":"publish","type":"product","link":"https:\/\/staging.megapharm.al\/?product=black-garlic","title":{"rendered":"Black Garlic"},"content":{"rendered":"<p>P\u00ebrmban ekstarkte cil\u00ebsore t\u00eb hudhr\u00ebs s\u00eb zez\u00eb me vlera t\u00eb\u00a0 vitaminave B q\u00eb ndihmojn\u00eb n\u00eb mir\u00ebmbajtjen e funksioneve jetike t\u00eb trupit si funksioni i zemr\u00ebs, metablismin e hekurit, sistemit nervor, funksionit mendor dhe metabolizimit energjik, redukton lodhjen.<\/p>\n<ul>\n<li>Kontrollon nivelin e kolesterolit,.<\/li>\n<li>Ul presionin e gjakut.<\/li>\n<li>Stabilizon nivelin e glukoz\u00ebs.<\/li>\n<li>Lufton infeksionet.<\/li>\n<\/ul>\n<p>P\u00ebrdorimi: Merren 2 kapsula n\u00eb dit\u00eb.<\/p>\n<p>Paketimi: 20 kapsula<\/p>\n","protected":false},"excerpt":{"rendered":"<p>P\u00ebrmban ekstarkte cil\u00ebsore t\u00eb hudhr\u00ebs s\u00eb zez\u00eb me vlera t\u00eb\u00a0 vitaminave B q\u00eb ndihmojn\u00eb n\u00eb mir\u00ebmbajtjen e funksioneve jetike t\u00eb trupit si funksioni i zemr\u00ebs, metablismin e hekurit, sistemit nervor, funksionit mendor dhe metabolizimit energjik, redukton lodhjen.<\/p>\n<ul>\n<li>Kontrollon nivelin e kolesterolit,.<\/li>\n<li>Ul presionin e gjakut.<\/li>\n<li>Stabilizon nivelin e glukoz\u00ebs.<\/li>\n<li>Lufton infeksionet.<\/li>\n<\/ul>\n<p>P\u00ebrdorimi: Merren 2 kapsula n\u00eb dit\u00eb.<\/p>\n<p>Paketimi: 20 kapsula<\/p>\n","protected":false},"featured_media":5336,"comment_status":"open","ping_status":"closed","template":"","meta":[],"product_brand":[],"product_cat":[80],"product_tag":[],"class_list":{"0":"post-6022","1":"product","2":"type-product","3":"status-publish","4":"has-post-thumbnail","6":"product_cat-swiss-energy","8":"first","9":"instock","10":"shipping-taxable","11":"product-type-simple"},"_links":{"self":[{"href":"https:\/\/staging.megapharm.al\/index.php?rest_route=\/wp\/v2\/product\/6022","targetHints":{"allow":["GET"]}}],"collection":[{"href":"https:\/\/staging.megapharm.al\/index.php?rest_route=\/wp\/v2\/product"}],"about":[{"href":"https:\/\/staging.megapharm.al\/index.php?rest_route=\/wp\/v2\/types\/product"}],"replies":[{"embeddable":true,"href":"https:\/\/staging.megapharm.al\/index.php?rest_route=%2Fwp%2Fv2%2Fcomments&post=6022"}],"wp:featuredmedia":[{"embeddable":true,"href":"https:\/\/staging.megapharm.al\/index.php?rest_route=\/wp\/v2\/media\/5336"}],"wp:attachment":[{"href":"https:\/\/staging.megapharm.al\/index.php?rest_route=%2Fwp%2Fv2%2Fmedia&parent=6022"}],"wp:term":[{"taxonomy":"product_brand","embeddable":true,"href":"https:\/\/staging.megapharm.al\/index.php?rest_route=%2Fwp%2Fv2%2Fproduct_brand&post=6022"},{"taxonomy":"product_cat","embeddable":true,"href":"https:\/\/staging.megapharm.al\/index.php?rest_route=%2Fwp%2Fv2%2Fproduct_cat&post=6022"},{"taxonomy":"product_tag","embeddable":true,"href":"https:\/\/staging.megapharm.al\/index.php?rest_route=%2Fwp%2Fv2%2Fproduct_tag&post=6022"}],"curies":[{"name":"wp","href":"https:\/\/api.w.org\/{rel}","templated":true}]}}