{"id":6021,"date":"2021-01-24T10:33:33","date_gmt":"2021-01-24T10:33:33","guid":{"rendered":"http:\/\/staging.megapharm.al\/\/index.php\/product\/import-placeholder-for-1903\/"},"modified":"2021-01-24T10:33:39","modified_gmt":"2021-01-24T10:33:39","slug":"multivitamin-hello-kitty","status":"publish","type":"product","link":"https:\/\/staging.megapharm.al\/?product=multivitamin-hello-kitty","title":{"rendered":"Multivitamin Hello Kitty"},"content":{"rendered":"<p>Niacin 9.62 mg, Biotin 32.94 \u03bcg, Vitamin\u00eb B12 1.32 \u03bcg, Vitamin\u00eb B6 1.09 mg, Vitamin\u00eb B1 0.84 mg, Vitamin\u00eb B2 0.92 mg, Vitamin\u00eb E 12 mg, Acid Pantotergjik, Vitamin\u00eb B5 3.95 mg, Acidi folik 131.241 mcg, Vitamin\u00eb C 51.36 mg, Zink 270 mcg<\/p>\n<p>Paketimi: 12 karamele<\/p>\n","protected":false},"excerpt":{"rendered":"<p>Niacin 9.62 mg, Biotin 32.94 \u03bcg, Vitamin\u00eb B12 1.32 \u03bcg, Vitamin\u00eb B6 1.09 mg, Vitamin\u00eb B1 0.84 mg, Vitamin\u00eb B2 0.92 mg, Vitamin\u00eb E 12 mg, Acid Pantotergjik, Vitamin\u00eb B5 3.95 mg, Acidi folik 131.241 mcg, Vitamin\u00eb C 51.36 mg, Zink 270 mcg<\/p>\n<p>Paketimi: 12 karamele<\/p>\n","protected":false},"featured_media":5335,"comment_status":"open","ping_status":"closed","template":"","meta":[],"product_brand":[],"product_cat":[80],"product_tag":[],"class_list":{"0":"post-6021","1":"product","2":"type-product","3":"status-publish","4":"has-post-thumbnail","6":"product_cat-swiss-energy","8":"first","9":"instock","10":"shipping-taxable","11":"product-type-simple"},"_links":{"self":[{"href":"https:\/\/staging.megapharm.al\/index.php?rest_route=\/wp\/v2\/product\/6021","targetHints":{"allow":["GET"]}}],"collection":[{"href":"https:\/\/staging.megapharm.al\/index.php?rest_route=\/wp\/v2\/product"}],"about":[{"href":"https:\/\/staging.megapharm.al\/index.php?rest_route=\/wp\/v2\/types\/product"}],"replies":[{"embeddable":true,"href":"https:\/\/staging.megapharm.al\/index.php?rest_route=%2Fwp%2Fv2%2Fcomments&post=6021"}],"wp:featuredmedia":[{"embeddable":true,"href":"https:\/\/staging.megapharm.al\/index.php?rest_route=\/wp\/v2\/media\/5335"}],"wp:attachment":[{"href":"https:\/\/staging.megapharm.al\/index.php?rest_route=%2Fwp%2Fv2%2Fmedia&parent=6021"}],"wp:term":[{"taxonomy":"product_brand","embeddable":true,"href":"https:\/\/staging.megapharm.al\/index.php?rest_route=%2Fwp%2Fv2%2Fproduct_brand&post=6021"},{"taxonomy":"product_cat","embeddable":true,"href":"https:\/\/staging.megapharm.al\/index.php?rest_route=%2Fwp%2Fv2%2Fproduct_cat&post=6021"},{"taxonomy":"product_tag","embeddable":true,"href":"https:\/\/staging.megapharm.al\/index.php?rest_route=%2Fwp%2Fv2%2Fproduct_tag&post=6021"}],"curies":[{"name":"wp","href":"https:\/\/api.w.org\/{rel}","templated":true}]}}