{"id":5970,"date":"2021-01-24T10:33:08","date_gmt":"2021-01-24T10:33:08","guid":{"rendered":"http:\/\/staging.megapharm.al\/\/index.php\/product\/import-placeholder-for-1806\/"},"modified":"2021-01-24T10:33:15","modified_gmt":"2021-01-24T10:33:15","slug":"xhalet-hair-stimulant-softgel","status":"publish","type":"product","link":"https:\/\/staging.megapharm.al\/?product=xhalet-hair-stimulant-softgel","title":{"rendered":"Xhalet Hair Stimulant Softgel"},"content":{"rendered":"<p>P\u00cbRB\u00cbR\u00cbSIT<br \/>\n40\/100 Kapsula t\u00eb buta xhelatinoze<br \/>\nPIKAT KRYESORE<br \/>\nKapsulat e buta xhelationze t\u00eb stimulantit t\u00eb flok\u00ebve Xhalet jan\u00eb kombinimi ideal me shampon Xhalet<br \/>\ndhe ampulat Xhalet t\u00eb cil\u00ebt furnizojn\u00eb organizmin me element\u00ebt e nevojsh\u00ebm p\u00ebr t\u00eb p\u00ebrmiresuar<br \/>\nbukurin\u00eb dhe cilesin\u00eb e flok\u00ebve. Rrenj\u00ebt e flok\u00ebve jan\u00eb t\u00eb rrethuara nga nj\u00eb matriks i kapilar\u00ebve q\u00eb sjellin<br \/>\nelement\u00ebt ushqyes t\u00eb nevojsh\u00ebm p\u00ebr rritje. N\u00eb rastet e reduktimit t\u00eb furnizimit me ushqyesit specifik<br \/>\nfloku mund t\u00eb humbas\u00eb trashesin\u00eb, dend\u00ebsine dhe fortesin\u00eb, ka tendenc\u00ebn t\u00eb bie ose t\u00eb k\u00ebputet<br \/>\np\u00ebrparakohe.<br \/>\nM\u00cbNYRA E P\u00cbRDORIMIT<br \/>\n1 ose 2 kapsula cdo dit\u00eb me nj\u00eb got\u00eb uj\u00eb ose sipas rekomandimit t\u00eb mjekut ose farmacistit.<br \/>\n\uf0fc Ul norm\u00ebn per r\u00ebnien e flokut<br \/>\n\uf0fc Rrit norm\u00ebn p\u00ebr rritjen e flokut<br \/>\n\uf0fc Zgjeron diametrin e boshtit t\u00eb flokut<\/p>\n","protected":false},"excerpt":{"rendered":"<p>P\u00cbRB\u00cbR\u00cbSIT<br \/>\n40\/100 Kapsula t\u00eb buta xhelatinoze<br \/>\nPIKAT KRYESORE<br \/>\nKapsulat e buta xhelationze t\u00eb stimulantit t\u00eb flok\u00ebve Xhalet jan\u00eb kombinimi ideal me shampon Xhalet<br \/>\ndhe ampulat Xhalet t\u00eb cil\u00ebt furnizojn\u00eb organizmin me element\u00ebt e nevojsh\u00ebm p\u00ebr t\u00eb p\u00ebrmiresuar<br \/>\nbukurin\u00eb dhe cilesin\u00eb e flok\u00ebve. Rrenj\u00ebt e flok\u00ebve jan\u00eb t\u00eb rrethuara nga nj\u00eb matriks i kapilar\u00ebve q\u00eb sjellin<br \/>\nelement\u00ebt ushqyes t\u00eb nevojsh\u00ebm p\u00ebr rritje. N\u00eb rastet e reduktimit t\u00eb furnizimit me ushqyesit specifik<br \/>\nfloku mund t\u00eb humbas\u00eb trashesin\u00eb, dend\u00ebsine dhe fortesin\u00eb, ka tendenc\u00ebn t\u00eb bie ose t\u00eb k\u00ebputet<br \/>\np\u00ebrparakohe.<br \/>\nM\u00cbNYRA E P\u00cbRDORIMIT<br \/>\n1 ose 2 kapsula cdo dit\u00eb me nj\u00eb got\u00eb uj\u00eb ose sipas rekomandimit t\u00eb mjekut ose farmacistit.<br \/>\n\uf0fc Ul norm\u00ebn per r\u00ebnien e flokut<br \/>\n\uf0fc Rrit norm\u00ebn p\u00ebr rritjen e flokut<br \/>\n\uf0fc Zgjeron diametrin e boshtit t\u00eb flokut<\/p>\n","protected":false},"featured_media":5287,"comment_status":"open","ping_status":"closed","template":"","meta":[],"product_brand":[],"product_cat":[79,77],"product_tag":[],"class_list":{"0":"post-5970","1":"product","2":"type-product","3":"status-publish","4":"has-post-thumbnail","6":"product_cat-altacare","7":"product_cat-suplemente","9":"first","10":"instock","11":"shipping-taxable","12":"product-type-simple"},"_links":{"self":[{"href":"https:\/\/staging.megapharm.al\/index.php?rest_route=\/wp\/v2\/product\/5970","targetHints":{"allow":["GET"]}}],"collection":[{"href":"https:\/\/staging.megapharm.al\/index.php?rest_route=\/wp\/v2\/product"}],"about":[{"href":"https:\/\/staging.megapharm.al\/index.php?rest_route=\/wp\/v2\/types\/product"}],"replies":[{"embeddable":true,"href":"https:\/\/staging.megapharm.al\/index.php?rest_route=%2Fwp%2Fv2%2Fcomments&post=5970"}],"wp:featuredmedia":[{"embeddable":true,"href":"https:\/\/staging.megapharm.al\/index.php?rest_route=\/wp\/v2\/media\/5287"}],"wp:attachment":[{"href":"https:\/\/staging.megapharm.al\/index.php?rest_route=%2Fwp%2Fv2%2Fmedia&parent=5970"}],"wp:term":[{"taxonomy":"product_brand","embeddable":true,"href":"https:\/\/staging.megapharm.al\/index.php?rest_route=%2Fwp%2Fv2%2Fproduct_brand&post=5970"},{"taxonomy":"product_cat","embeddable":true,"href":"https:\/\/staging.megapharm.al\/index.php?rest_route=%2Fwp%2Fv2%2Fproduct_cat&post=5970"},{"taxonomy":"product_tag","embeddable":true,"href":"https:\/\/staging.megapharm.al\/index.php?rest_route=%2Fwp%2Fv2%2Fproduct_tag&post=5970"}],"curies":[{"name":"wp","href":"https:\/\/api.w.org\/{rel}","templated":true}]}}