{"id":5969,"date":"2021-01-24T10:33:08","date_gmt":"2021-01-24T10:33:08","guid":{"rendered":"http:\/\/staging.megapharm.al\/\/index.php\/product\/import-placeholder-for-1805\/"},"modified":"2021-01-24T10:33:15","modified_gmt":"2021-01-24T10:33:15","slug":"xhalet-hair-stimulant-ampoules","status":"publish","type":"product","link":"https:\/\/staging.megapharm.al\/?product=xhalet-hair-stimulant-ampoules","title":{"rendered":"Xhalet Hair Stimulant Ampoules"},"content":{"rendered":"<p>P\u00cbRB\u00cbR\u00cbSIT<br \/>\n10 Amupla Stimulant flok\u00ebsh dhe 30 pjes\u00eb<br \/>\nINGREDIENT\u00cbT AKTIV\u00cb KRYESOR\u00cb<br \/>\nZink \u2013 serenoa repens<br \/>\nPIKAT KRYESORE<br \/>\nAmpulat kozmetike t\u00eb stimulatit t\u00eb flok\u00ebve Xhalet kan\u00eb avantazhin e t\u00eb qenit t\u00eb p\u00ebrshtatshme p\u00ebr<br \/>\nmeshkuj dhe p\u00ebr femra.<br \/>\nAktivitet antioksidant i fuqish\u00ebm.<br \/>\nAktivitet keratinizues dhe ushqyes.<br \/>\nStimulon, mbron dhe forcon flokun dhe skalpin.<br \/>\nK\u00cbSHILLOHET P\u00cbR:<br \/>\nAktivizimin e rritjes s\u00eb flokut dhe trash\u00ebsin\u00eb e tij.<br \/>\nForcimin e flokut.<br \/>\nParandalimin dhe ndalimin e r\u00ebnies s\u00eb flokut.<br \/>\nM\u00cbNYRA E P\u00cbRDORIMIT<br \/>\nTRAJTIMI INTESIV: 1 ampul\u00eb t\u00eb masazhohet nj\u00eb dit\u00eb po nj\u00eb dit\u00eb jo.<br \/>\nTRAJTIMI NORMAL: 1 ampul\u00eb t\u00eb masazhohet n\u00eb skalp cdo 3 dit\u00eb.<\/p>\n","protected":false},"excerpt":{"rendered":"<p>P\u00cbRB\u00cbR\u00cbSIT<br \/>\n10 Amupla Stimulant flok\u00ebsh dhe 30 pjes\u00eb<br \/>\nINGREDIENT\u00cbT AKTIV\u00cb KRYESOR\u00cb<br \/>\nZink \u2013 serenoa repens<br \/>\nPIKAT KRYESORE<br \/>\nAmpulat kozmetike t\u00eb stimulatit t\u00eb flok\u00ebve Xhalet kan\u00eb avantazhin e t\u00eb qenit t\u00eb p\u00ebrshtatshme p\u00ebr<br \/>\nmeshkuj dhe p\u00ebr femra.<br \/>\nAktivitet antioksidant i fuqish\u00ebm.<br \/>\nAktivitet keratinizues dhe ushqyes.<br \/>\nStimulon, mbron dhe forcon flokun dhe skalpin.<br \/>\nK\u00cbSHILLOHET P\u00cbR:<br \/>\nAktivizimin e rritjes s\u00eb flokut dhe trash\u00ebsin\u00eb e tij.<br \/>\nForcimin e flokut.<br \/>\nParandalimin dhe ndalimin e r\u00ebnies s\u00eb flokut.<br \/>\nM\u00cbNYRA E P\u00cbRDORIMIT<br \/>\nTRAJTIMI INTESIV: 1 ampul\u00eb t\u00eb masazhohet nj\u00eb dit\u00eb po nj\u00eb dit\u00eb jo.<br \/>\nTRAJTIMI NORMAL: 1 ampul\u00eb t\u00eb masazhohet n\u00eb skalp cdo 3 dit\u00eb.<\/p>\n","protected":false},"featured_media":5286,"comment_status":"open","ping_status":"closed","template":"","meta":[],"product_brand":[],"product_cat":[79,77],"product_tag":[],"class_list":{"0":"post-5969","1":"product","2":"type-product","3":"status-publish","4":"has-post-thumbnail","6":"product_cat-altacare","7":"product_cat-suplemente","9":"first","10":"instock","11":"shipping-taxable","12":"product-type-simple"},"_links":{"self":[{"href":"https:\/\/staging.megapharm.al\/index.php?rest_route=\/wp\/v2\/product\/5969","targetHints":{"allow":["GET"]}}],"collection":[{"href":"https:\/\/staging.megapharm.al\/index.php?rest_route=\/wp\/v2\/product"}],"about":[{"href":"https:\/\/staging.megapharm.al\/index.php?rest_route=\/wp\/v2\/types\/product"}],"replies":[{"embeddable":true,"href":"https:\/\/staging.megapharm.al\/index.php?rest_route=%2Fwp%2Fv2%2Fcomments&post=5969"}],"wp:featuredmedia":[{"embeddable":true,"href":"https:\/\/staging.megapharm.al\/index.php?rest_route=\/wp\/v2\/media\/5286"}],"wp:attachment":[{"href":"https:\/\/staging.megapharm.al\/index.php?rest_route=%2Fwp%2Fv2%2Fmedia&parent=5969"}],"wp:term":[{"taxonomy":"product_brand","embeddable":true,"href":"https:\/\/staging.megapharm.al\/index.php?rest_route=%2Fwp%2Fv2%2Fproduct_brand&post=5969"},{"taxonomy":"product_cat","embeddable":true,"href":"https:\/\/staging.megapharm.al\/index.php?rest_route=%2Fwp%2Fv2%2Fproduct_cat&post=5969"},{"taxonomy":"product_tag","embeddable":true,"href":"https:\/\/staging.megapharm.al\/index.php?rest_route=%2Fwp%2Fv2%2Fproduct_tag&post=5969"}],"curies":[{"name":"wp","href":"https:\/\/api.w.org\/{rel}","templated":true}]}}