{"id":5968,"date":"2021-01-24T10:33:08","date_gmt":"2021-01-24T10:33:08","guid":{"rendered":"http:\/\/staging.megapharm.al\/\/index.php\/product\/import-placeholder-for-1804\/"},"modified":"2021-01-24T10:33:14","modified_gmt":"2021-01-24T10:33:14","slug":"xhalet-hair-stimulant-shampoo","status":"publish","type":"product","link":"https:\/\/staging.megapharm.al\/?product=xhalet-hair-stimulant-shampoo","title":{"rendered":"Xhalet Hair Stimulant Shampoo"},"content":{"rendered":"<p>P\u00cbRB\u00cbR\u00cbSIT<br \/>\n200 ml<br \/>\nINGREDIENTET AKTIV\u00cb KRYESORE<br \/>\nSerenoa (Serenoa Repens Samll, sin: Sabal serrulata Mutall ex Schultes), Havjar(Caviar), Vitis Vinifera,<br \/>\nAminoacide, Omega 3, Zink Pirtione(Zinc Pyrithione).<br \/>\nPIKAT KRYESORE<br \/>\nPengon veprimin e enzim\u00ebs redukataza \u2013 alfa 5.<br \/>\nPengon sh\u00ebndrimin e testosteronit ne dihidrosterone.<br \/>\n\uf0b7 Aktivitet antioksidant i fuqish\u00ebm.<br \/>\n\uf0b7 Aktivitet keratinizues dhe ushqyes.<br \/>\n\uf0b7 Stimulon, mbron dhe forcon flokun dhe skalpin.<\/p>\n<p>K\u00cbSHILLOHET P\u00cbR:<br \/>\n\uf0b7 Aktivizuar rritjen e trashin\u00eb e flokut.<br \/>\n\uf0b7 Forcon boshtin e flokut.<br \/>\n\uf0b7 Parandalon dhe pengon humbjen e flokut.<br \/>\nM\u00cbNYRA E P\u00cbRDORIMIT<br \/>\nFlok\u00eb t\u00eb lagur. Apliko nj\u00eb sasi shampo t\u00eb mjaftueshme n\u00eb rrenj\u00ebt dhe skaplin e flok\u00ebve deri sa t\u00eb krijohet<br \/>\nshkum\u00eb. Lereni p\u00ebr disa minuta pastaj shplajeni.<br \/>\n\uf0d8 P\u00ebrmir\u00ebson ri-rritjen dhe parandalon r\u00ebnien e flokut.<br \/>\n\uf0d8 Forcon boshtin e flokut.<br \/>\n\uf0d8 P\u00ebrmireson marrjen e oksgjenit n\u00eb flok\u00eb.<br \/>\n\uf0d8 Heq sebumin(yndyrat) e tep\u00ebrta nga floku dhe skalpi pa irrituar gjendrat dhjamore.<br \/>\n\uf0d8 Floku rifiton tonus, energji, volum dhe elasticitet.<\/p>\n","protected":false},"excerpt":{"rendered":"<p>P\u00cbRB\u00cbR\u00cbSIT<br \/>\n200 ml<br \/>\nINGREDIENTET AKTIV\u00cb KRYESORE<br \/>\nSerenoa (Serenoa Repens Samll, sin: Sabal serrulata Mutall ex Schultes), Havjar(Caviar), Vitis Vinifera,<br \/>\nAminoacide, Omega 3, Zink Pirtione(Zinc Pyrithione).<br \/>\nPIKAT KRYESORE<br \/>\nPengon veprimin e enzim\u00ebs redukataza \u2013 alfa 5.<br \/>\nPengon sh\u00ebndrimin e testosteronit ne dihidrosterone.<br \/>\n\uf0b7 Aktivitet antioksidant i fuqish\u00ebm.<br \/>\n\uf0b7 Aktivitet keratinizues dhe ushqyes.<br \/>\n\uf0b7 Stimulon, mbron dhe forcon flokun dhe skalpin.<\/p>\n<p>K\u00cbSHILLOHET P\u00cbR:<br \/>\n\uf0b7 Aktivizuar rritjen e trashin\u00eb e flokut.<br \/>\n\uf0b7 Forcon boshtin e flokut.<br \/>\n\uf0b7 Parandalon dhe pengon humbjen e flokut.<br \/>\nM\u00cbNYRA E P\u00cbRDORIMIT<br \/>\nFlok\u00eb t\u00eb lagur. Apliko nj\u00eb sasi shampo t\u00eb mjaftueshme n\u00eb rrenj\u00ebt dhe skaplin e flok\u00ebve deri sa t\u00eb krijohet<br \/>\nshkum\u00eb. Lereni p\u00ebr disa minuta pastaj shplajeni.<br \/>\n\uf0d8 P\u00ebrmir\u00ebson ri-rritjen dhe parandalon r\u00ebnien e flokut.<br \/>\n\uf0d8 Forcon boshtin e flokut.<br \/>\n\uf0d8 P\u00ebrmireson marrjen e oksgjenit n\u00eb flok\u00eb.<br \/>\n\uf0d8 Heq sebumin(yndyrat) e tep\u00ebrta nga floku dhe skalpi pa irrituar gjendrat dhjamore.<br \/>\n\uf0d8 Floku rifiton tonus, energji, volum dhe elasticitet.<\/p>\n","protected":false},"featured_media":5285,"comment_status":"open","ping_status":"closed","template":"","meta":[],"product_brand":[],"product_cat":[79,77],"product_tag":[],"class_list":{"0":"post-5968","1":"product","2":"type-product","3":"status-publish","4":"has-post-thumbnail","6":"product_cat-altacare","7":"product_cat-suplemente","9":"first","10":"instock","11":"shipping-taxable","12":"product-type-simple"},"_links":{"self":[{"href":"https:\/\/staging.megapharm.al\/index.php?rest_route=\/wp\/v2\/product\/5968","targetHints":{"allow":["GET"]}}],"collection":[{"href":"https:\/\/staging.megapharm.al\/index.php?rest_route=\/wp\/v2\/product"}],"about":[{"href":"https:\/\/staging.megapharm.al\/index.php?rest_route=\/wp\/v2\/types\/product"}],"replies":[{"embeddable":true,"href":"https:\/\/staging.megapharm.al\/index.php?rest_route=%2Fwp%2Fv2%2Fcomments&post=5968"}],"wp:featuredmedia":[{"embeddable":true,"href":"https:\/\/staging.megapharm.al\/index.php?rest_route=\/wp\/v2\/media\/5285"}],"wp:attachment":[{"href":"https:\/\/staging.megapharm.al\/index.php?rest_route=%2Fwp%2Fv2%2Fmedia&parent=5968"}],"wp:term":[{"taxonomy":"product_brand","embeddable":true,"href":"https:\/\/staging.megapharm.al\/index.php?rest_route=%2Fwp%2Fv2%2Fproduct_brand&post=5968"},{"taxonomy":"product_cat","embeddable":true,"href":"https:\/\/staging.megapharm.al\/index.php?rest_route=%2Fwp%2Fv2%2Fproduct_cat&post=5968"},{"taxonomy":"product_tag","embeddable":true,"href":"https:\/\/staging.megapharm.al\/index.php?rest_route=%2Fwp%2Fv2%2Fproduct_tag&post=5968"}],"curies":[{"name":"wp","href":"https:\/\/api.w.org\/{rel}","templated":true}]}}