{"id":5960,"date":"2021-01-24T10:33:07","date_gmt":"2021-01-24T10:33:07","guid":{"rendered":"http:\/\/staging.megapharm.al\/\/index.php\/product\/import-placeholder-for-1794\/"},"modified":"2024-10-23T00:57:10","modified_gmt":"2024-10-23T00:57:10","slug":"venalta-transdermal-patches","status":"publish","type":"product","link":"https:\/\/staging.megapharm.al\/?product=venalta-transdermal-patches","title":{"rendered":"Venalta Transdermal Patches"},"content":{"rendered":"<p>Trajtimin e k\u00ebmb\u00ebve te lodhura,p\u00ebrmireson qarkullimin e gjakut. Indikohet kryesisht p\u00ebr femra q\u00eb veshin taka t\u00eb larta, p\u00ebr njer\u00ebzit q\u00eb rrin\u00eb n\u00eb k\u00ebmb\u00eb ose ulur p\u00ebr nj\u00eb koh\u00eb t\u00eb gjat\u00eb dhe personave me sindromen \u201ccold feet\u201d. L\u00ebshon bioflavonoide, tanine, polifenole te marra nga ekstraktet e ver\u00ebs s\u00eb kuqe dhe g\u00ebshtenjave t\u00eb egra. Clirohet gjat\u00eb 6-8 or\u00ebve.<\/p>\n<p>Saisa: 20 patches<\/p>\n","protected":false},"excerpt":{"rendered":"<p>Trajtimin e k\u00ebmb\u00ebve te lodhura,p\u00ebrmireson qarkullimin e gjakut. Indikohet kryesisht p\u00ebr femra q\u00eb veshin taka t\u00eb larta, p\u00ebr njer\u00ebzit q\u00eb rrin\u00eb n\u00eb k\u00ebmb\u00eb ose ulur p\u00ebr nj\u00eb koh\u00eb t\u00eb gjat\u00eb dhe personave me sindromen \u201ccold feet\u201d. L\u00ebshon bioflavonoide, tanine, polifenole te marra nga ekstraktet e ver\u00ebs s\u00eb kuqe dhe g\u00ebshtenjave t\u00eb egra. Clirohet gjat\u00eb 6-8 or\u00ebve.<\/p>\n<p>Saisa: 20 patches<\/p>\n","protected":false},"featured_media":5277,"comment_status":"open","ping_status":"closed","template":"","meta":[],"product_brand":[],"product_cat":[79,77],"product_tag":[],"class_list":{"0":"post-5960","1":"product","2":"type-product","3":"status-publish","4":"has-post-thumbnail","6":"product_cat-altacare","7":"product_cat-suplemente","9":"first","10":"instock","11":"shipping-taxable","12":"product-type-simple"},"_links":{"self":[{"href":"https:\/\/staging.megapharm.al\/index.php?rest_route=\/wp\/v2\/product\/5960","targetHints":{"allow":["GET"]}}],"collection":[{"href":"https:\/\/staging.megapharm.al\/index.php?rest_route=\/wp\/v2\/product"}],"about":[{"href":"https:\/\/staging.megapharm.al\/index.php?rest_route=\/wp\/v2\/types\/product"}],"replies":[{"embeddable":true,"href":"https:\/\/staging.megapharm.al\/index.php?rest_route=%2Fwp%2Fv2%2Fcomments&post=5960"}],"wp:featuredmedia":[{"embeddable":true,"href":"https:\/\/staging.megapharm.al\/index.php?rest_route=\/wp\/v2\/media\/5277"}],"wp:attachment":[{"href":"https:\/\/staging.megapharm.al\/index.php?rest_route=%2Fwp%2Fv2%2Fmedia&parent=5960"}],"wp:term":[{"taxonomy":"product_brand","embeddable":true,"href":"https:\/\/staging.megapharm.al\/index.php?rest_route=%2Fwp%2Fv2%2Fproduct_brand&post=5960"},{"taxonomy":"product_cat","embeddable":true,"href":"https:\/\/staging.megapharm.al\/index.php?rest_route=%2Fwp%2Fv2%2Fproduct_cat&post=5960"},{"taxonomy":"product_tag","embeddable":true,"href":"https:\/\/staging.megapharm.al\/index.php?rest_route=%2Fwp%2Fv2%2Fproduct_tag&post=5960"}],"curies":[{"name":"wp","href":"https:\/\/api.w.org\/{rel}","templated":true}]}}