{"id":7437,"date":"2021-12-16T00:08:20","date_gmt":"2021-12-16T00:08:20","guid":{"rendered":"https:\/\/staging.megapharm.al\/\/index.php\/regulatory-affairs-and-pharmacovigilance\/"},"modified":"2021-12-16T00:08:21","modified_gmt":"2021-12-16T00:08:21","slug":"regulatory-affairs-and-pharmacovigilance","status":"publish","type":"page","link":"https:\/\/staging.megapharm.al\/?page_id=7437&lang=en","title":{"rendered":"Regulatory Affairs and Pharmacovigilance"},"content":{"rendered":"\t\t<div data-elementor-type=\"wp-page\" data-elementor-id=\"7437\" class=\"elementor elementor-7437 elementor-7424\" data-elementor-post-type=\"page\">\n\t\t\t\t\t\t<section data-particle_enable=\"false\" data-particle-mobile-disabled=\"false\" class=\"elementor-section elementor-top-section elementor-element elementor-element-c559f5c elementor-section-boxed elementor-section-height-default elementor-section-height-default\" data-id=\"c559f5c\" data-element_type=\"section\" data-e-type=\"section\" data-settings=\"{&quot;background_background&quot;:&quot;classic&quot;,&quot;shape_divider_bottom&quot;:&quot;tilt&quot;}\">\n\t\t\t\t\t<div class=\"elementor-shape elementor-shape-bottom\" aria-hidden=\"true\" data-negative=\"false\">\n\t\t\t<svg xmlns=\"http:\/\/www.w3.org\/2000\/svg\" viewBox=\"0 0 1000 100\" preserveAspectRatio=\"none\">\n\t<path class=\"elementor-shape-fill\" d=\"M0,6V0h1000v100L0,6z\"\/>\n<\/svg>\t\t<\/div>\n\t\t\t\t\t<div class=\"elementor-container elementor-column-gap-no\">\n\t\t\t\t\t<div class=\"elementor-column elementor-col-100 elementor-top-column elementor-element elementor-element-5926b7e\" data-id=\"5926b7e\" data-element_type=\"column\" data-e-type=\"column\">\n\t\t\t<div class=\"elementor-widget-wrap\">\n\t\t\t\t\t\t\t<\/div>\n\t\t<\/div>\n\t\t\t\t\t<\/div>\n\t\t<\/section>\n\t\t\t\t<section data-particle_enable=\"false\" data-particle-mobile-disabled=\"false\" class=\"elementor-section elementor-top-section elementor-element elementor-element-706385f elementor-section-boxed elementor-section-height-default elementor-section-height-default\" data-id=\"706385f\" data-element_type=\"section\" data-e-type=\"section\">\n\t\t\t\t\t\t<div class=\"elementor-container elementor-column-gap-default\">\n\t\t\t\t\t<div class=\"elementor-column elementor-col-50 elementor-top-column elementor-element elementor-element-7bcebbe\" data-id=\"7bcebbe\" data-element_type=\"column\" data-e-type=\"column\">\n\t\t\t<div class=\"elementor-widget-wrap elementor-element-populated\">\n\t\t\t\t\t\t<div class=\"elementor-element elementor-element-25b2e4a elementor-view-default elementor-widget elementor-widget-icon\" data-id=\"25b2e4a\" data-element_type=\"widget\" data-e-type=\"widget\" data-widget_type=\"icon.default\">\n\t\t\t\t<div class=\"elementor-widget-container\">\n\t\t\t\t\t\t\t<div class=\"elementor-icon-wrapper\">\n\t\t\t<div class=\"elementor-icon\">\n\t\t\t<svg xmlns=\"http:\/\/www.w3.org\/2000\/svg\" width=\"89\" height=\"89\" viewBox=\"0 0 89 89\" fill=\"none\"><path opacity=\"0.1\" fill-rule=\"evenodd\" clip-rule=\"evenodd\" d=\"M44.5 89C69.0767 89 89 69.0767 89 44.5C89 19.9233 69.0767 0 44.5 0C19.9233 0 0 19.9233 0 44.5C0 69.0767 19.9233 89 44.5 89Z\" fill=\"#ED1C24\"><\/path><path d=\"M28.7416 61.9551V70.418L32.1461 68.3753L42.8472 61.9551H53.4607C55.9393 61.9551 57.9551 59.9393 57.9551 57.4607V39.4832C57.9551 37.0045 55.9393 34.9888 53.4607 34.9888H26.4944C24.0157 34.9888 22 37.0045 22 39.4832V57.4607C22 59.9393 24.0157 61.9551 26.4944 61.9551H28.7416ZM26.4944 39.4832H53.4607V57.4607H41.6022L33.236 62.4809V57.4607H26.4944V39.4832Z\" fill=\"#ED1C24\"><\/path><path d=\"M62.449 26H35.4827C33.004 26 30.9883 28.0157 30.9883 30.4944H57.9546C60.4332 30.4944 62.449 32.5101 62.449 34.9888V52.9663C64.9276 52.9663 66.9433 50.9506 66.9433 48.4719V30.4944C66.9433 28.0157 64.9276 26 62.449 26Z\" fill=\"#ED1C24\"><\/path><line x1=\"32.7848\" y1=\"47.8708\" x2=\"46.2679\" y2=\"47.8708\" stroke=\"#ED1C24\" stroke-width=\"3\"><\/line><line x1=\"39.3746\" y1=\"53.8651\" x2=\"39.3746\" y2=\"42.1797\" stroke=\"#ED1C24\" stroke-width=\"3\"><\/line><\/svg>\t\t\t<\/div>\n\t\t<\/div>\n\t\t\t\t\t\t<\/div>\n\t\t\t\t<\/div>\n\t\t\t\t\t<\/div>\n\t\t<\/div>\n\t\t\t\t<div class=\"elementor-column elementor-col-50 elementor-top-column elementor-element elementor-element-203db3c\" data-id=\"203db3c\" data-element_type=\"column\" data-e-type=\"column\">\n\t\t\t<div class=\"elementor-widget-wrap elementor-element-populated\">\n\t\t\t\t\t\t<div class=\"elementor-element elementor-element-7fdc449 elementor-widget elementor-widget-heading\" data-id=\"7fdc449\" data-element_type=\"widget\" data-e-type=\"widget\" data-widget_type=\"heading.default\">\n\t\t\t\t<div class=\"elementor-widget-container\">\n\t\t\t\t\t<h2 class=\"elementor-heading-title elementor-size-default\">Regulatory Affairs and Pharmacovigilance<\/h2>\t\t\t\t<\/div>\n\t\t\t\t<\/div>\n\t\t\t\t\t<\/div>\n\t\t<\/div>\n\t\t\t\t\t<\/div>\n\t\t<\/section>\n\t\t\t\t<section data-particle_enable=\"false\" data-particle-mobile-disabled=\"false\" class=\"elementor-section elementor-top-section elementor-element elementor-element-52f07f8 elementor-section-boxed elementor-section-height-default elementor-section-height-default\" data-id=\"52f07f8\" data-element_type=\"section\" data-e-type=\"section\">\n\t\t\t\t\t\t<div class=\"elementor-container elementor-column-gap-default\">\n\t\t\t\t\t<div class=\"elementor-column elementor-col-100 elementor-top-column elementor-element elementor-element-3a9ca1e\" data-id=\"3a9ca1e\" data-element_type=\"column\" data-e-type=\"column\">\n\t\t\t<div class=\"elementor-widget-wrap elementor-element-populated\">\n\t\t\t\t\t\t<div class=\"elementor-element elementor-element-fd0f812 elementor-widget elementor-widget-text-editor\" data-id=\"fd0f812\" data-element_type=\"widget\" data-e-type=\"widget\" data-widget_type=\"text-editor.default\">\n\t\t\t\t<div class=\"elementor-widget-container\">\n\t\t\t\t\t\t\t\t\t<p>Megapharm\u2019s goal is not simply to expand its portfolio of partner companies by providing a large range of medicines in Albania, but it is also to ensure that these drugs are used appropriately and safely.<\/p>\n<p>Our Pharmacovigilance and Regulatory Service professionals have to evaluate the potential link between exposure to a new drug and any adverse effects that may have come about from its use. They have very good knowledge of Albanian and European pharmacovigilance legislation, and provide support to the applications for new licences.<\/p>\n<p>The company\u2019s Regulatory Service deals with the registration of the authorisation for new medicines, re-registration as per the NADME\u2019s Rules of Procedures, and any variations.<\/p>\n<p>*National Agency of Drugs and Medical Equipment<\/p>\n\t\t\t\t\t\t\t\t<\/div>\n\t\t\t\t<\/div>\n\t\t\t\t<div class=\"elementor-element elementor-element-0ca1219 elementor-widget__width-initial elementor-button-align-stretch elementor-widget elementor-widget-form\" data-id=\"0ca1219\" data-element_type=\"widget\" data-e-type=\"widget\" data-settings=\"{&quot;button_width&quot;:&quot;40&quot;,&quot;step_next_label&quot;:&quot;Next&quot;,&quot;step_previous_label&quot;:&quot;Previous&quot;,&quot;step_type&quot;:&quot;number_text&quot;,&quot;step_icon_shape&quot;:&quot;circle&quot;}\" data-widget_type=\"form.default\">\n\t\t\t\t<div class=\"elementor-widget-container\">\n\t\t\t\t\t\t\t<form class=\"elementor-form\" method=\"post\" name=\"Farmakovigjilanc\u00eb\u200b\" aria-label=\"Farmakovigjilanc\u00eb\u200b\">\n\t\t\t<input type=\"hidden\" name=\"post_id\" value=\"7437\"\/>\n\t\t\t<input type=\"hidden\" name=\"form_id\" value=\"0ca1219\"\/>\n\t\t\t<input type=\"hidden\" name=\"referer_title\" value=\"\" \/>\n\n\t\t\t\n\t\t\t<div class=\"elementor-form-fields-wrapper elementor-labels-\">\n\t\t\t\t\t\t\t\t<div class=\"elementor-field-type-html elementor-field-group elementor-column elementor-field-group-field_c4d1f13 elementor-col-100\">\n\t\t\t\t\t<h4><b>Raportimi i Problemit<\/b><\/h4>\t\t\t\t<\/div>\n\t\t\t\t\t\t\t\t<div class=\"elementor-field-type-text elementor-field-group elementor-column elementor-field-group-name elementor-col-50 elementor-field-required\">\n\t\t\t\t\t\t\t\t\t\t\t\t<label for=\"form-field-name\" class=\"elementor-field-label elementor-screen-only\">\n\t\t\t\t\t\t\t\tEmri\t\t\t\t\t\t\t<\/label>\n\t\t\t\t\t\t\t\t\t\t\t\t\t\t<input size=\"1\" type=\"text\" name=\"form_fields[name]\" id=\"form-field-name\" class=\"elementor-field elementor-size-md  elementor-field-textual\" placeholder=\"E\" required=\"required\">\n\t\t\t\t\t\t\t\t\t\t\t<\/div>\n\t\t\t\t\t\t\t\t<div class=\"elementor-field-type-text elementor-field-group elementor-column elementor-field-group-field_716f569 elementor-col-50 elementor-field-required\">\n\t\t\t\t\t\t\t\t\t\t\t\t<label for=\"form-field-field_716f569\" class=\"elementor-field-label elementor-screen-only\">\n\t\t\t\t\t\t\t\tMbiemri \t\t\t\t\t\t\t<\/label>\n\t\t\t\t\t\t\t\t\t\t\t\t\t\t<input size=\"1\" type=\"text\" name=\"form_fields[field_716f569]\" id=\"form-field-field_716f569\" class=\"elementor-field elementor-size-md  elementor-field-textual\" placeholder=\"M\" required=\"required\">\n\t\t\t\t\t\t\t\t\t\t\t<\/div>\n\t\t\t\t\t\t\t\t<div class=\"elementor-field-type-tel elementor-field-group elementor-column elementor-field-group-field_480c16f elementor-col-33\">\n\t\t\t\t\t\t\t\t\t\t\t\t<label for=\"form-field-field_480c16f\" class=\"elementor-field-label elementor-screen-only\">\n\t\t\t\t\t\t\t\tTelefon\t\t\t\t\t\t\t<\/label>\n\t\t\t\t\t\t\t\t<input size=\"1\" type=\"tel\" name=\"form_fields[field_480c16f]\" id=\"form-field-field_480c16f\" class=\"elementor-field elementor-size-md  elementor-field-textual\" placeholder=\"Telefon\" pattern=\"[0-9()#&amp;+*-=.]+\" title=\"Only numbers and phone characters (#, -, *, etc) are accepted.\">\n\n\t\t\t\t\t\t<\/div>\n\t\t\t\t\t\t\t\t<div class=\"elementor-field-type-email elementor-field-group elementor-column elementor-field-group-email elementor-col-40\">\n\t\t\t\t\t\t\t\t\t\t\t\t<label for=\"form-field-email\" class=\"elementor-field-label elementor-screen-only\">\n\t\t\t\t\t\t\t\tEmail\t\t\t\t\t\t\t<\/label>\n\t\t\t\t\t\t\t\t\t\t\t\t\t\t<input size=\"1\" type=\"email\" name=\"form_fields[email]\" id=\"form-field-email\" class=\"elementor-field elementor-size-md  elementor-field-textual\" placeholder=\"E-mail\">\n\t\t\t\t\t\t\t\t\t\t\t<\/div>\n\t\t\t\t\t\t\t\t<div class=\"elementor-field-type-radio elementor-field-group elementor-column elementor-field-group-field_fc81865 elementor-col-25 elementor-field-required\">\n\t\t\t\t\t\t\t\t\t\t\t\t<label for=\"form-field-field_fc81865\" class=\"elementor-field-label elementor-screen-only\">\n\t\t\t\t\t\t\t\tGjinia\t\t\t\t\t\t\t<\/label>\n\t\t\t\t\t\t<div class=\"elementor-field-subgroup  elementor-subgroup-inline\"><span class=\"elementor-field-option\"><input type=\"radio\" value=\"Femer\" id=\"form-field-field_fc81865-0\" name=\"form_fields[field_fc81865]\" required=\"required\"> <label for=\"form-field-field_fc81865-0\">Femer<\/label><\/span><span class=\"elementor-field-option\"><input type=\"radio\" value=\"Mashkull\" id=\"form-field-field_fc81865-1\" name=\"form_fields[field_fc81865]\" required=\"required\"> <label for=\"form-field-field_fc81865-1\">Mashkull<\/label><\/span><\/div>\t\t\t\t<\/div>\n\t\t\t\t\t\t\t\t<div class=\"elementor-field-type-textarea elementor-field-group elementor-column elementor-field-group-message elementor-col-100\">\n\t\t\t\t\t\t\t\t\t\t\t\t<label for=\"form-field-message\" class=\"elementor-field-label elementor-screen-only\">\n\t\t\t\t\t\t\t\tKomenti\t\t\t\t\t\t\t<\/label>\n\t\t\t\t\t\t<textarea class=\"elementor-field-textual elementor-field  elementor-size-md\" name=\"form_fields[message]\" id=\"form-field-message\" rows=\"4\" placeholder=\"Komenti\"><\/textarea>\t\t\t\t<\/div>\n\t\t\t\t\t\t\t\t<div class=\"elementor-field-type-html elementor-field-group elementor-column elementor-field-group-field_9e24616 elementor-col-100\">\n\t\t\t\t\t<strong>T\u00eb dh\u00ebnat personale nuk jan\u00eb t\u00eb detyrueshme<\/strong>\r\n\t\t\t\t<\/div>\n\t\t\t\t\t\t\t\t<div class=\"elementor-field-group elementor-column elementor-field-type-submit elementor-col-40 e-form__buttons\">\n\t\t\t\t\t<button class=\"elementor-button elementor-size-lg\" type=\"submit\">\n\t\t\t\t\t\t<span class=\"elementor-button-content-wrapper\">\n\t\t\t\t\t\t\t\t\t\t\t\t\t\t\t\t\t\t\t\t\t\t<span class=\"elementor-button-text\">Dergo<\/span>\n\t\t\t\t\t\t\t\t\t\t\t\t\t<\/span>\n\t\t\t\t\t<\/button>\n\t\t\t\t<\/div>\n\t\t\t<\/div>\n\t\t<\/form>\n\t\t\t\t\t\t<\/div>\n\t\t\t\t<\/div>\n\t\t\t\t\t<\/div>\n\t\t<\/div>\n\t\t\t\t\t<\/div>\n\t\t<\/section>\n\t\t\t\t<\/div>\n\t\t","protected":false},"excerpt":{"rendered":"<p>Regulatory Affairs and Pharmacovigilance Megapharm\u2019s goal is not simply to expand its portfolio of partner companies by providing a large range of medicines in Albania, but it is also to ensure that these drugs are used appropriately and safely. Our Pharmacovigilance and Regulatory Service professionals have to evaluate the potential link between exposure to a [&hellip;]<\/p>\n","protected":false},"author":1,"featured_media":0,"parent":0,"menu_order":0,"comment_status":"closed","ping_status":"closed","template":"elementor_header_footer","meta":{"footnotes":""},"class_list":["post-7437","page","type-page","status-publish","hentry"],"_links":{"self":[{"href":"https:\/\/staging.megapharm.al\/index.php?rest_route=\/wp\/v2\/pages\/7437","targetHints":{"allow":["GET"]}}],"collection":[{"href":"https:\/\/staging.megapharm.al\/index.php?rest_route=\/wp\/v2\/pages"}],"about":[{"href":"https:\/\/staging.megapharm.al\/index.php?rest_route=\/wp\/v2\/types\/page"}],"author":[{"embeddable":true,"href":"https:\/\/staging.megapharm.al\/index.php?rest_route=\/wp\/v2\/users\/1"}],"replies":[{"embeddable":true,"href":"https:\/\/staging.megapharm.al\/index.php?rest_route=%2Fwp%2Fv2%2Fcomments&post=7437"}],"version-history":[{"count":1,"href":"https:\/\/staging.megapharm.al\/index.php?rest_route=\/wp\/v2\/pages\/7437\/revisions"}],"predecessor-version":[{"id":7438,"href":"https:\/\/staging.megapharm.al\/index.php?rest_route=\/wp\/v2\/pages\/7437\/revisions\/7438"}],"wp:attachment":[{"href":"https:\/\/staging.megapharm.al\/index.php?rest_route=%2Fwp%2Fv2%2Fmedia&parent=7437"}],"curies":[{"name":"wp","href":"https:\/\/api.w.org\/{rel}","templated":true}]}}