{"id":375,"date":"2020-08-14T22:58:39","date_gmt":"2020-08-14T22:58:39","guid":{"rendered":"http:\/\/vero-media.com\/Megapharm\/?page_id=375"},"modified":"2026-05-04T09:11:42","modified_gmt":"2026-05-04T09:11:42","slug":"kompania","status":"publish","type":"page","link":"https:\/\/staging.megapharm.al\/?page_id=375","title":{"rendered":"Rreth Nesh"},"content":{"rendered":"\t\t<div data-elementor-type=\"wp-page\" data-elementor-id=\"375\" class=\"elementor elementor-375\" data-elementor-post-type=\"page\">\n\t\t\t\t\t\t<section data-particle_enable=\"false\" data-particle-mobile-disabled=\"false\" class=\"elementor-section elementor-top-section elementor-element elementor-element-4b48a40d elementor-section-boxed elementor-section-height-default elementor-section-height-default\" data-id=\"4b48a40d\" data-element_type=\"section\" data-e-type=\"section\" data-settings=\"{&quot;background_background&quot;:&quot;classic&quot;}\">\n\t\t\t\t\t\t\t<div class=\"elementor-background-overlay\"><\/div>\n\t\t\t\t\t\t\t<div class=\"elementor-container elementor-column-gap-no\">\n\t\t\t\t\t<div class=\"elementor-column elementor-col-100 elementor-top-column elementor-element elementor-element-4adb839f\" data-id=\"4adb839f\" data-element_type=\"column\" data-e-type=\"column\">\n\t\t\t<div class=\"elementor-widget-wrap elementor-element-populated\">\n\t\t\t\t\t\t<section data-particle_enable=\"false\" data-particle-mobile-disabled=\"false\" class=\"elementor-section elementor-inner-section elementor-element elementor-element-d127247 elementor-section-boxed elementor-section-height-default elementor-section-height-default\" data-id=\"d127247\" data-element_type=\"section\" data-e-type=\"section\">\n\t\t\t\t\t\t<div class=\"elementor-container elementor-column-gap-default\">\n\t\t\t\t\t<div class=\"elementor-column elementor-col-50 elementor-inner-column elementor-element elementor-element-9a711d5\" data-id=\"9a711d5\" data-element_type=\"column\" data-e-type=\"column\">\n\t\t\t<div class=\"elementor-widget-wrap elementor-element-populated\">\n\t\t\t\t\t\t<div class=\"elementor-element elementor-element-aebae91 elementor-widget elementor-widget-text-editor\" data-id=\"aebae91\" data-element_type=\"widget\" data-e-type=\"widget\" data-widget_type=\"text-editor.default\">\n\t\t\t\t<div class=\"elementor-widget-container\">\n\t\t\t\t\t\t\t\t\t<p>Themeluar n\u00eb vitin 1994 me kapital privat, Megapharm Sh.p.k. (\u201cMegapharm\u201d) \u00ebsht\u00eb kompania e par\u00eb farmaceutike n\u00eb Republik\u00ebn e Shqip\u00ebris\u00eb.<\/p><p>Megapharm \u00ebsht\u00eb e specializuar n\u00eb import, eksport, shp\u00ebrndarje, si edhe n\u00eb shitjen me shumic\u00eb dhe pakic\u00eb t\u00eb medikamenteve, shtesave ushqimore, pajisjeve mjek\u00ebsore dhe produkteve dermo-kozmetike.<\/p><p>\u00c7elsi i suksesit i Megapharm-\u00ebs \u00ebsht\u00eb g\u00ebrshetimi i cil\u00ebsis\u00eb me dijen. Bashk\u00ebpunimi me kompanit\u00eb m\u00eb prestigjioze farmaceutike n\u00eb tregun nd\u00ebrkomb\u00ebtar kombinuar me nj\u00eb ekip ekspert\u00ebsh t\u00eb specializuar n\u00eb fusha t\u00eb ndryshme, u jep p\u00ebrgjigje profesionale k\u00ebrkesave t\u00eb nj\u00eb tregu farmaceutik dinamik dhe gjithnj\u00eb n\u00eb zhvillim.<\/p>\t\t\t\t\t\t\t\t<\/div>\n\t\t\t\t<\/div>\n\t\t\t\t\t<\/div>\n\t\t<\/div>\n\t\t\t\t<div class=\"elementor-column elementor-col-50 elementor-inner-column elementor-element elementor-element-e7c1d75\" data-id=\"e7c1d75\" data-element_type=\"column\" data-e-type=\"column\">\n\t\t\t<div class=\"elementor-widget-wrap elementor-element-populated\">\n\t\t\t\t\t\t<div class=\"elementor-element elementor-element-aa658b5 elementor-widget elementor-widget-text-editor\" data-id=\"aa658b5\" data-element_type=\"widget\" data-e-type=\"widget\" data-widget_type=\"text-editor.default\">\n\t\t\t\t<div class=\"elementor-widget-container\">\n\t\t\t\t\t\t\t\t\t<p>Shp\u00ebrndarja e shpejt\u00eb dhe efikase n\u00eb t\u00eb gjith\u00eb territorin p\u00ebrb\u00ebn nj\u00eb kriter<br \/>themelor p\u00ebr furnizimin e m\u00eb shum\u00eb se 850 farmacive, ose rreth 70% t\u00eb<br \/>tregut t\u00eb vendit.<\/p><p>Megapharm ka hyr\u00eb edhe n\u00eb tregun e shitjes me pakic\u00eb si aksioner kryesor<br \/>i rrjetit t\u00eb farmacive \u201cOrange Farmaci\u201d.<\/p>\t\t\t\t\t\t\t\t<\/div>\n\t\t\t\t<\/div>\n\t\t\t\t\t<\/div>\n\t\t<\/div>\n\t\t\t\t\t<\/div>\n\t\t<\/section>\n\t\t\t\t\t<\/div>\n\t\t<\/div>\n\t\t\t\t\t<\/div>\n\t\t<\/section>\n\t\t\t\t<section data-particle_enable=\"false\" data-particle-mobile-disabled=\"false\" class=\"elementor-section elementor-top-section elementor-element elementor-element-66c1456 elementor-section-full_width elementor-section-height-default elementor-section-height-default\" data-id=\"66c1456\" data-element_type=\"section\" data-e-type=\"section\">\n\t\t\t\t\t\t<div class=\"elementor-container elementor-column-gap-default\">\n\t\t\t\t\t<div class=\"elementor-column elementor-col-100 elementor-top-column elementor-element elementor-element-7c69614\" data-id=\"7c69614\" data-element_type=\"column\" data-e-type=\"column\">\n\t\t\t<div class=\"elementor-widget-wrap elementor-element-populated\">\n\t\t\t\t\t\t<div class=\"elementor-element elementor-element-1ab6898 elementor-arrows-position-inside elementor-widget elementor-widget-image-carousel\" data-id=\"1ab6898\" data-element_type=\"widget\" data-e-type=\"widget\" data-settings=\"{&quot;slides_to_show&quot;:&quot;4&quot;,&quot;navigation&quot;:&quot;arrows&quot;,&quot;autoplay&quot;:&quot;yes&quot;,&quot;pause_on_hover&quot;:&quot;yes&quot;,&quot;pause_on_interaction&quot;:&quot;yes&quot;,&quot;autoplay_speed&quot;:5000,&quot;infinite&quot;:&quot;yes&quot;,&quot;speed&quot;:500}\" data-widget_type=\"image-carousel.default\">\n\t\t\t\t<div class=\"elementor-widget-container\">\n\t\t\t\t\t\t\t<div class=\"elementor-image-carousel-wrapper swiper\" role=\"region\" aria-roledescription=\"carousel\" aria-label=\"Image Carousel\" dir=\"ltr\">\n\t\t\t<div class=\"elementor-image-carousel swiper-wrapper\" aria-live=\"off\">\n\t\t\t\t\t\t\t\t<div class=\"swiper-slide\" role=\"group\" aria-roledescription=\"slide\" aria-label=\"1 of 18\"><figure class=\"swiper-slide-inner\"><img decoding=\"async\" class=\"swiper-slide-image\" src=\"https:\/\/staging.megapharm.al\/wp-content\/uploads\/2020\/12\/e-duhura.jpg\" alt=\"e-duhura\" \/><\/figure><\/div><div class=\"swiper-slide\" role=\"group\" aria-roledescription=\"slide\" aria-label=\"2 of 18\"><figure class=\"swiper-slide-inner\"><img decoding=\"async\" class=\"swiper-slide-image\" src=\"https:\/\/staging.megapharm.al\/wp-content\/uploads\/2020\/12\/DSC_5084.jpg\" alt=\"DSC_5084\" \/><\/figure><\/div><div class=\"swiper-slide\" role=\"group\" aria-roledescription=\"slide\" aria-label=\"3 of 18\"><figure class=\"swiper-slide-inner\"><img decoding=\"async\" class=\"swiper-slide-image\" src=\"https:\/\/staging.megapharm.al\/wp-content\/uploads\/2020\/12\/DSC_5083.jpg\" alt=\"DSC_5083\" \/><\/figure><\/div><div class=\"swiper-slide\" role=\"group\" aria-roledescription=\"slide\" aria-label=\"4 of 18\"><figure class=\"swiper-slide-inner\"><img decoding=\"async\" class=\"swiper-slide-image\" src=\"https:\/\/staging.megapharm.al\/wp-content\/uploads\/2020\/12\/DSC_5080.jpg\" alt=\"DSC_5080\" \/><\/figure><\/div><div class=\"swiper-slide\" role=\"group\" aria-roledescription=\"slide\" aria-label=\"5 of 18\"><figure class=\"swiper-slide-inner\"><img decoding=\"async\" class=\"swiper-slide-image\" src=\"https:\/\/staging.megapharm.al\/wp-content\/uploads\/2020\/12\/DSC_5079-2.jpg\" alt=\"DSC_5079-2\" \/><\/figure><\/div><div class=\"swiper-slide\" role=\"group\" aria-roledescription=\"slide\" aria-label=\"6 of 18\"><figure class=\"swiper-slide-inner\"><img decoding=\"async\" class=\"swiper-slide-image\" src=\"https:\/\/staging.megapharm.al\/wp-content\/uploads\/2020\/12\/DSC_5077.jpg\" alt=\"DSC_5077\" \/><\/figure><\/div><div class=\"swiper-slide\" role=\"group\" aria-roledescription=\"slide\" aria-label=\"7 of 18\"><figure class=\"swiper-slide-inner\"><img decoding=\"async\" class=\"swiper-slide-image\" src=\"https:\/\/staging.megapharm.al\/wp-content\/uploads\/2020\/12\/DSC_5076.jpg\" alt=\"DSC_5076\" \/><\/figure><\/div><div class=\"swiper-slide\" role=\"group\" aria-roledescription=\"slide\" aria-label=\"8 of 18\"><figure class=\"swiper-slide-inner\"><img decoding=\"async\" class=\"swiper-slide-image\" src=\"https:\/\/staging.megapharm.al\/wp-content\/uploads\/2020\/11\/13.jpg\" alt=\"13\" \/><\/figure><\/div><div class=\"swiper-slide\" role=\"group\" aria-roledescription=\"slide\" aria-label=\"9 of 18\"><figure class=\"swiper-slide-inner\"><img decoding=\"async\" class=\"swiper-slide-image\" src=\"https:\/\/staging.megapharm.al\/wp-content\/uploads\/2020\/11\/12.jpg\" alt=\"12\" \/><\/figure><\/div><div class=\"swiper-slide\" role=\"group\" aria-roledescription=\"slide\" aria-label=\"10 of 18\"><figure class=\"swiper-slide-inner\"><img decoding=\"async\" class=\"swiper-slide-image\" src=\"https:\/\/staging.megapharm.al\/wp-content\/uploads\/2020\/11\/19.jpg\" alt=\"19\" \/><\/figure><\/div><div class=\"swiper-slide\" role=\"group\" aria-roledescription=\"slide\" aria-label=\"11 of 18\"><figure class=\"swiper-slide-inner\"><img decoding=\"async\" class=\"swiper-slide-image\" src=\"https:\/\/staging.megapharm.al\/wp-content\/uploads\/2020\/11\/IMG_2774.jpg\" alt=\"IMG_2774\" \/><\/figure><\/div><div class=\"swiper-slide\" role=\"group\" aria-roledescription=\"slide\" aria-label=\"12 of 18\"><figure class=\"swiper-slide-inner\"><img decoding=\"async\" class=\"swiper-slide-image\" src=\"https:\/\/staging.megapharm.al\/wp-content\/uploads\/2020\/08\/IMG_0915-1.jpg\" alt=\"IMG_0915 1\" \/><\/figure><\/div><div class=\"swiper-slide\" role=\"group\" aria-roledescription=\"slide\" aria-label=\"13 of 18\"><figure class=\"swiper-slide-inner\"><img decoding=\"async\" class=\"swiper-slide-image\" src=\"https:\/\/staging.megapharm.al\/wp-content\/uploads\/2020\/08\/IMG_0909.jpg\" alt=\"IMG_0909\" \/><\/figure><\/div><div class=\"swiper-slide\" role=\"group\" aria-roledescription=\"slide\" aria-label=\"14 of 18\"><figure class=\"swiper-slide-inner\"><img decoding=\"async\" class=\"swiper-slide-image\" src=\"https:\/\/staging.megapharm.al\/wp-content\/uploads\/2020\/08\/IMG_0897.jpg\" alt=\"IMG_0897\" \/><\/figure><\/div><div class=\"swiper-slide\" role=\"group\" aria-roledescription=\"slide\" aria-label=\"15 of 18\"><figure class=\"swiper-slide-inner\"><img decoding=\"async\" class=\"swiper-slide-image\" src=\"https:\/\/staging.megapharm.al\/wp-content\/uploads\/2020\/08\/IMG_0864-1.jpg\" alt=\"IMG_0864 1\" \/><\/figure><\/div><div class=\"swiper-slide\" role=\"group\" aria-roledescription=\"slide\" aria-label=\"16 of 18\"><figure class=\"swiper-slide-inner\"><img decoding=\"async\" class=\"swiper-slide-image\" src=\"https:\/\/staging.megapharm.al\/wp-content\/uploads\/2020\/08\/IMG_0853.jpg\" alt=\"IMG_0853\" \/><\/figure><\/div><div class=\"swiper-slide\" role=\"group\" aria-roledescription=\"slide\" aria-label=\"17 of 18\"><figure class=\"swiper-slide-inner\"><img decoding=\"async\" class=\"swiper-slide-image\" src=\"https:\/\/staging.megapharm.al\/wp-content\/uploads\/2020\/08\/IMG_0842.jpg\" alt=\"IMG_0842\" \/><\/figure><\/div><div class=\"swiper-slide\" role=\"group\" aria-roledescription=\"slide\" aria-label=\"18 of 18\"><figure class=\"swiper-slide-inner\"><img decoding=\"async\" class=\"swiper-slide-image\" src=\"https:\/\/staging.megapharm.al\/wp-content\/uploads\/2020\/08\/IMG_0833.jpg\" alt=\"IMG_0833\" \/><\/figure><\/div>\t\t\t<\/div>\n\t\t\t\t\t\t\t\t\t\t\t\t<div class=\"elementor-swiper-button elementor-swiper-button-prev\" role=\"button\" tabindex=\"0\">\n\t\t\t\t\t\t<i aria-hidden=\"true\" class=\"eicon-chevron-left\"><\/i>\t\t\t\t\t<\/div>\n\t\t\t\t\t<div class=\"elementor-swiper-button elementor-swiper-button-next\" role=\"button\" tabindex=\"0\">\n\t\t\t\t\t\t<i aria-hidden=\"true\" class=\"eicon-chevron-right\"><\/i>\t\t\t\t\t<\/div>\n\t\t\t\t\n\t\t\t\t\t\t\t\t\t<\/div>\n\t\t\t\t\t\t<\/div>\n\t\t\t\t<\/div>\n\t\t\t\t\t<\/div>\n\t\t<\/div>\n\t\t\t\t\t<\/div>\n\t\t<\/section>\n\t\t\t\t<section data-particle_enable=\"false\" data-particle-mobile-disabled=\"false\" class=\"elementor-section elementor-top-section elementor-element elementor-element-e2e65b5 elementor-section-boxed elementor-section-height-default elementor-section-height-default\" data-id=\"e2e65b5\" data-element_type=\"section\" data-e-type=\"section\">\n\t\t\t\t\t\t<div class=\"elementor-container elementor-column-gap-default\">\n\t\t\t\t\t<div class=\"elementor-column elementor-col-50 elementor-top-column elementor-element elementor-element-1ecc24c\" data-id=\"1ecc24c\" data-element_type=\"column\" data-e-type=\"column\">\n\t\t\t<div class=\"elementor-widget-wrap elementor-element-populated\">\n\t\t\t\t\t\t<div class=\"elementor-element elementor-element-ff4c6cf elementor-widget elementor-widget-heading\" data-id=\"ff4c6cf\" data-element_type=\"widget\" data-e-type=\"widget\" data-widget_type=\"heading.default\">\n\t\t\t\t<div class=\"elementor-widget-container\">\n\t\t\t\t\t<h2 class=\"elementor-heading-title elementor-size-default\">Misioni dhe Vlerat<\/h2>\t\t\t\t<\/div>\n\t\t\t\t<\/div>\n\t\t\t\t<div class=\"elementor-element elementor-element-9624463 elementor-widget elementor-widget-text-editor\" data-id=\"9624463\" data-element_type=\"widget\" data-e-type=\"widget\" data-widget_type=\"text-editor.default\">\n\t\t\t\t<div class=\"elementor-widget-container\">\n\t\t\t\t\t\t\t\t\t<p>Gjat\u00eb historis\u00eb ton\u00eb kemi ecur me hapa t\u00eb shpejt\u00eb dhe t\u00eb sigurt duke rritur performanc\u00ebn dhe sh\u00ebrbimin. Me k\u00ebmb\u00ebngulje p\u00ebr standard dhe cil\u00ebsi t\u00eb lart\u00eb, kemi dh\u00ebn\u00eb nj\u00eb kontribut t\u00eb preksh\u00ebm n\u00eb p\u00ebrmir\u00ebsimin e sistemit sh\u00ebndet\u00ebsor shqiptar.\u00a0<\/p><p>P\u00ebr ne pacienti \u00ebsht\u00eb n\u00eb qend\u00ebr t\u00eb v\u00ebmendjes dhe angazhimit ton\u00eb profesional. Megapharm kujdeset t\u00eb perfshij\u00eb n\u00eb portofolin e saj produkte me standarde t\u00eb larta, konform legjislacionit t\u00eb Bashkimit Europian.<\/p><p>Fal\u00eb bashkepunimit t\u00eb ngusht\u00eb me klient\u00ebt dhe partner\u00ebt, si edhe p\u00ebrkushtimit dhe pasionit, perpiqemi te sjellim vazhdimisht vlerat tona m\u00eb t\u00eb mira n\u00eb sh\u00ebrbim t\u00eb sh\u00ebndetit t\u00eb pacientit.<\/p>\t\t\t\t\t\t\t\t<\/div>\n\t\t\t\t<\/div>\n\t\t\t\t\t<\/div>\n\t\t<\/div>\n\t\t\t\t<div class=\"elementor-column elementor-col-50 elementor-top-column elementor-element elementor-element-73de3b1\" data-id=\"73de3b1\" data-element_type=\"column\" data-e-type=\"column\">\n\t\t\t<div class=\"elementor-widget-wrap elementor-element-populated\">\n\t\t\t\t\t\t<div class=\"elementor-element elementor-element-e51399a elementor-widget elementor-widget-image\" data-id=\"e51399a\" data-element_type=\"widget\" data-e-type=\"widget\" data-widget_type=\"image.default\">\n\t\t\t\t<div class=\"elementor-widget-container\">\n\t\t\t\t\t\t\t\t\t\t\t\t\t\t\t<img fetchpriority=\"high\" decoding=\"async\" width=\"750\" height=\"500\" src=\"https:\/\/staging.megapharm.al\/wp-content\/uploads\/2020\/12\/Misioni-dhe-Vlerat.jpg\" class=\"attachment-full size-full wp-image-5029\" alt=\"\" srcset=\"https:\/\/staging.megapharm.al\/wp-content\/uploads\/2020\/12\/Misioni-dhe-Vlerat.jpg 750w, https:\/\/staging.megapharm.al\/wp-content\/uploads\/2020\/12\/Misioni-dhe-Vlerat-300x200.jpg 300w, https:\/\/staging.megapharm.al\/wp-content\/uploads\/2020\/12\/Misioni-dhe-Vlerat-600x400.jpg 600w\" sizes=\"(max-width: 750px) 100vw, 750px\" \/>\t\t\t\t\t\t\t\t\t\t\t\t\t\t\t<\/div>\n\t\t\t\t<\/div>\n\t\t\t\t\t<\/div>\n\t\t<\/div>\n\t\t\t\t\t<\/div>\n\t\t<\/section>\n\t\t\t\t<section data-particle_enable=\"false\" data-particle-mobile-disabled=\"false\" class=\"elementor-section elementor-top-section elementor-element elementor-element-58032b9 elementor-section-boxed elementor-section-height-default elementor-section-height-default\" data-id=\"58032b9\" data-element_type=\"section\" data-e-type=\"section\">\n\t\t\t\t\t\t<div class=\"elementor-container elementor-column-gap-default\">\n\t\t\t\t\t<div class=\"elementor-column elementor-col-50 elementor-top-column elementor-element elementor-element-7bf3280\" data-id=\"7bf3280\" data-element_type=\"column\" data-e-type=\"column\">\n\t\t\t<div class=\"elementor-widget-wrap elementor-element-populated\">\n\t\t\t\t\t\t<div class=\"elementor-element elementor-element-c7e09ae elementor-widget elementor-widget-image\" data-id=\"c7e09ae\" data-element_type=\"widget\" data-e-type=\"widget\" data-widget_type=\"image.default\">\n\t\t\t\t<div class=\"elementor-widget-container\">\n\t\t\t\t\t\t\t\t\t\t\t\t\t\t\t<img decoding=\"async\" width=\"750\" height=\"535\" src=\"https:\/\/staging.megapharm.al\/wp-content\/uploads\/2020\/12\/Vizioni.jpg\" class=\"attachment-full size-full wp-image-5039\" alt=\"\" srcset=\"https:\/\/staging.megapharm.al\/wp-content\/uploads\/2020\/12\/Vizioni.jpg 750w, https:\/\/staging.megapharm.al\/wp-content\/uploads\/2020\/12\/Vizioni-300x214.jpg 300w, https:\/\/staging.megapharm.al\/wp-content\/uploads\/2020\/12\/Vizioni-600x428.jpg 600w\" sizes=\"(max-width: 750px) 100vw, 750px\" \/>\t\t\t\t\t\t\t\t\t\t\t\t\t\t\t<\/div>\n\t\t\t\t<\/div>\n\t\t\t\t\t<\/div>\n\t\t<\/div>\n\t\t\t\t<div class=\"elementor-column elementor-col-50 elementor-top-column elementor-element elementor-element-9d804d6\" data-id=\"9d804d6\" data-element_type=\"column\" data-e-type=\"column\">\n\t\t\t<div class=\"elementor-widget-wrap elementor-element-populated\">\n\t\t\t\t\t\t<div class=\"elementor-element elementor-element-b0d344e elementor-widget elementor-widget-heading\" data-id=\"b0d344e\" data-element_type=\"widget\" data-e-type=\"widget\" data-widget_type=\"heading.default\">\n\t\t\t\t<div class=\"elementor-widget-container\">\n\t\t\t\t\t<h2 class=\"elementor-heading-title elementor-size-default\">Vizioni\u200b<\/h2>\t\t\t\t<\/div>\n\t\t\t\t<\/div>\n\t\t\t\t<div class=\"elementor-element elementor-element-cc048bc elementor-widget elementor-widget-text-editor\" data-id=\"cc048bc\" data-element_type=\"widget\" data-e-type=\"widget\" data-widget_type=\"text-editor.default\">\n\t\t\t\t<div class=\"elementor-widget-container\">\n\t\t\t\t\t\t\t\t\t<p><strong>Megapharm drejt nj\u00eb t\u00eb ardhmeje t\u00eb sukseshme.\u00a0\u00a0<\/strong><\/p><p>Ofrojm\u00eb sh\u00ebrbim cil\u00ebsor si rezultat i p\u00ebrkushtimit, integritetit, kujdesit ndaj pacientit, edukimit n\u00eb vazhdim dhe bashk\u00ebpunimit t\u00eb ngusht\u00eb me partner\u00ebt tan\u00eb.<br \/>Jemi krenar\u00eb p\u00ebr historin\u00eb ton\u00eb t\u00eb suksesshme dhe nj\u00ebkoh\u00ebsisht k\u00ebrkojm\u00eb sfida t\u00eb reja p\u00ebr t\u00eb p\u00ebrmir\u00ebsuar m\u00eb tej sh\u00ebrbimet tona .\u00a0<\/p><p>\u00c7do dit\u00eb ne p\u00ebrpiqemi t\u00eb forcojm\u00eb pozicionin ton\u00eb udh\u00ebheq\u00ebs n\u00eb tregun shqiptar p\u00ebr t\u00eb qen\u00eb zgjedhja e par\u00eb jo vet\u00ebm p\u00ebr klient\u00ebt, por edhe p\u00ebr bashk\u00ebpun\u00ebtor\u00ebt tan\u00eb.<\/p>\t\t\t\t\t\t\t\t<\/div>\n\t\t\t\t<\/div>\n\t\t\t\t\t<\/div>\n\t\t<\/div>\n\t\t\t\t\t<\/div>\n\t\t<\/section>\n\t\t\t\t<section data-particle_enable=\"false\" data-particle-mobile-disabled=\"false\" class=\"elementor-section elementor-top-section elementor-element elementor-element-4ffcb18 elementor-section-boxed elementor-section-height-default elementor-section-height-default\" data-id=\"4ffcb18\" data-element_type=\"section\" data-e-type=\"section\">\n\t\t\t\t\t\t<div class=\"elementor-container elementor-column-gap-default\">\n\t\t\t\t\t<div class=\"elementor-column elementor-col-100 elementor-top-column elementor-element elementor-element-13344a2\" data-id=\"13344a2\" data-element_type=\"column\" data-e-type=\"column\">\n\t\t\t<div class=\"elementor-widget-wrap elementor-element-populated\">\n\t\t\t\t\t\t<div class=\"elementor-element elementor-element-aa4a41e elementor-widget elementor-widget-heading\" data-id=\"aa4a41e\" data-element_type=\"widget\" data-e-type=\"widget\" data-widget_type=\"heading.default\">\n\t\t\t\t<div class=\"elementor-widget-container\">\n\t\t\t\t\t<h2 class=\"elementor-heading-title elementor-size-default\">Ekipi<\/h2>\t\t\t\t<\/div>\n\t\t\t\t<\/div>\n\t\t\t\t<div class=\"elementor-element elementor-element-b2521e1 elementor-widget elementor-widget-text-editor\" data-id=\"b2521e1\" data-element_type=\"widget\" data-e-type=\"widget\" data-widget_type=\"text-editor.default\">\n\t\t\t\t<div class=\"elementor-widget-container\">\n\t\t\t\t\t\t\t\t\t<p>Megapharm p\u00ebrb\u00ebhet nga nj\u00eb staf dinamik prej 70 punonj\u00ebsish. Jemi t\u00eb p\u00ebrkushtuar n\u00eb ruajtjen e nj\u00eb mjedisi pune, ku secili t\u00eb ket\u00eb mund\u00ebsi t\u00eb rris\u00eb performanc\u00ebn e vet individuale dhe bashk\u00ebpunimin n\u00eb grup.<br \/><br \/>Bashk\u00ebrisht jemi kontribues n\u00eb historin\u00eb e suksesit t\u00eb Megapharm-\u00ebs, fal\u00eb dedikimit, kreativitetit, p\u00ebrgjegjshm\u00ebris\u00eb dhe etik\u00ebs profesionale. Ekipi yn\u00eb p\u00ebrb\u00ebhet nga punonj\u00ebs t\u00eb t\u00eb gjitha gjeneratave. Ne inkurajojm\u00eb iniciativ\u00ebn dhe zhvillimin e ideve t\u00eb reja e m\u00eb pas p\u00ebrpiqemi t\u2019i zbatojm\u00eb ato n\u00eb projekte, q\u00eb ofrojn\u00eb m\u00eb shum\u00eb mund\u00ebsi biznesi.<br \/><br \/>Kompania jon\u00eb beson tek vlerat dhe kontributi i gruas n\u00eb shoq\u00ebri, prandaj edhe ka promovuar shum\u00eb prej tyre n\u00eb pozicione drejtuese.<\/p>\t\t\t\t\t\t\t\t<\/div>\n\t\t\t\t<\/div>\n\t\t\t\t\t<\/div>\n\t\t<\/div>\n\t\t\t\t\t<\/div>\n\t\t<\/section>\n\t\t\t\t<section data-particle_enable=\"false\" data-particle-mobile-disabled=\"false\" class=\"elementor-section elementor-top-section elementor-element elementor-element-68c3713 elementor-section-boxed elementor-section-height-default elementor-section-height-default\" data-id=\"68c3713\" data-element_type=\"section\" data-e-type=\"section\">\n\t\t\t\t\t\t<div class=\"elementor-container elementor-column-gap-default\">\n\t\t\t\t\t<div class=\"elementor-column elementor-col-100 elementor-top-column elementor-element elementor-element-bb17403\" data-id=\"bb17403\" data-element_type=\"column\" data-e-type=\"column\">\n\t\t\t<div class=\"elementor-widget-wrap elementor-element-populated\">\n\t\t\t\t\t\t<div class=\"elementor-element elementor-element-97e8d0d elementor-widget elementor-widget-heading\" data-id=\"97e8d0d\" data-element_type=\"widget\" data-e-type=\"widget\" data-widget_type=\"heading.default\">\n\t\t\t\t<div class=\"elementor-widget-container\">\n\t\t\t\t\t<h2 class=\"elementor-heading-title elementor-size-default\">Organigrama<\/h2>\t\t\t\t<\/div>\n\t\t\t\t<\/div>\n\t\t\t\t<section data-particle_enable=\"false\" data-particle-mobile-disabled=\"false\" class=\"elementor-section elementor-inner-section elementor-element elementor-element-5246636 elementor-section-boxed elementor-section-height-default elementor-section-height-default\" data-id=\"5246636\" data-element_type=\"section\" data-e-type=\"section\">\n\t\t\t\t\t\t<div class=\"elementor-container elementor-column-gap-default\">\n\t\t\t\t\t<div class=\"elementor-column elementor-col-100 elementor-inner-column elementor-element elementor-element-ae498f1\" data-id=\"ae498f1\" data-element_type=\"column\" data-e-type=\"column\">\n\t\t\t<div class=\"elementor-widget-wrap elementor-element-populated\">\n\t\t\t\t\t\t<div class=\"elementor-element elementor-element-4a8cc96 elementor-widget elementor-widget-image\" data-id=\"4a8cc96\" data-element_type=\"widget\" data-e-type=\"widget\" data-widget_type=\"image.default\">\n\t\t\t\t<div class=\"elementor-widget-container\">\n\t\t\t\t\t\t\t\t\t\t\t\t\t\t\t<img decoding=\"async\" width=\"1360\" height=\"1019\" src=\"https:\/\/staging.megapharm.al\/wp-content\/uploads\/2026\/05\/ORGANIGRAMA2026.png\" class=\"attachment-full size-full wp-image-7836\" alt=\"\" srcset=\"https:\/\/staging.megapharm.al\/wp-content\/uploads\/2026\/05\/ORGANIGRAMA2026.png 1360w, https:\/\/staging.megapharm.al\/wp-content\/uploads\/2026\/05\/ORGANIGRAMA2026-300x225.png 300w, https:\/\/staging.megapharm.al\/wp-content\/uploads\/2026\/05\/ORGANIGRAMA2026-1024x767.png 1024w, https:\/\/staging.megapharm.al\/wp-content\/uploads\/2026\/05\/ORGANIGRAMA2026-768x575.png 768w, https:\/\/staging.megapharm.al\/wp-content\/uploads\/2026\/05\/ORGANIGRAMA2026-600x450.png 600w\" sizes=\"(max-width: 1360px) 100vw, 1360px\" \/>\t\t\t\t\t\t\t\t\t\t\t\t\t\t\t<\/div>\n\t\t\t\t<\/div>\n\t\t\t\t\t<\/div>\n\t\t<\/div>\n\t\t\t\t\t<\/div>\n\t\t<\/section>\n\t\t\t\t\t<\/div>\n\t\t<\/div>\n\t\t\t\t\t<\/div>\n\t\t<\/section>\n\t\t\t\t<\/div>\n\t\t","protected":false},"excerpt":{"rendered":"<p>Themeluar n\u00eb vitin 1994 me kapital privat, Megapharm Sh.p.k. (\u201cMegapharm\u201d) \u00ebsht\u00eb kompania e par\u00eb farmaceutike n\u00eb Republik\u00ebn e Shqip\u00ebris\u00eb. Megapharm \u00ebsht\u00eb e specializuar n\u00eb import, eksport, shp\u00ebrndarje, si edhe n\u00eb shitjen me shumic\u00eb dhe pakic\u00eb t\u00eb medikamenteve, shtesave ushqimore, pajisjeve mjek\u00ebsore dhe produkteve dermo-kozmetike. \u00c7elsi i suksesit i Megapharm-\u00ebs \u00ebsht\u00eb g\u00ebrshetimi i cil\u00ebsis\u00eb me dijen. [&hellip;]<\/p>\n","protected":false},"author":1,"featured_media":0,"parent":0,"menu_order":0,"comment_status":"closed","ping_status":"closed","template":"elementor_header_footer","meta":{"footnotes":""},"class_list":["post-375","page","type-page","status-publish","hentry"],"_links":{"self":[{"href":"https:\/\/staging.megapharm.al\/index.php?rest_route=\/wp\/v2\/pages\/375","targetHints":{"allow":["GET"]}}],"collection":[{"href":"https:\/\/staging.megapharm.al\/index.php?rest_route=\/wp\/v2\/pages"}],"about":[{"href":"https:\/\/staging.megapharm.al\/index.php?rest_route=\/wp\/v2\/types\/page"}],"author":[{"embeddable":true,"href":"https:\/\/staging.megapharm.al\/index.php?rest_route=\/wp\/v2\/users\/1"}],"replies":[{"embeddable":true,"href":"https:\/\/staging.megapharm.al\/index.php?rest_route=%2Fwp%2Fv2%2Fcomments&post=375"}],"version-history":[{"count":5,"href":"https:\/\/staging.megapharm.al\/index.php?rest_route=\/wp\/v2\/pages\/375\/revisions"}],"predecessor-version":[{"id":7840,"href":"https:\/\/staging.megapharm.al\/index.php?rest_route=\/wp\/v2\/pages\/375\/revisions\/7840"}],"wp:attachment":[{"href":"https:\/\/staging.megapharm.al\/index.php?rest_route=%2Fwp%2Fv2%2Fmedia&parent=375"}],"curies":[{"name":"wp","href":"https:\/\/api.w.org\/{rel}","templated":true}]}}